{"id":5301,"date":"2023-08-11T12:46:48","date_gmt":"2023-08-11T09:46:48","guid":{"rendered":"https:\/\/webpages.tuni.fi\/valvomo\/?page_id=5301"},"modified":"2025-01-08T14:17:14","modified_gmt":"2025-01-08T12:17:14","slug":"saavutettavuusseloste","status":"publish","type":"page","link":"https:\/\/webpages.tuni.fi\/valvomo\/info\/saavutettavuusseloste\/","title":{"rendered":"Saavutettavuusseloste"},"content":{"rendered":"\n<h2 class=\"wp-block-heading\"><\/h2>\n\n\n\n<p>Tampereen ammattikorkeakoulu pyrkii takaamaan Valvomon saavutettavuuden <a href=\"https:\/\/www.finlex.fi\/fi\/laki\/alkup\/2019\/20190306\">Lain digitaalisten palvelujen tarjoamisesta 306\/2019<\/a> mukaisesti.<\/p>\n\n\n\n<p>T\u00e4m\u00e4 saavutettavuusseloste on p\u00e4ivitetty 8.1.2025 ja koskee Valvomo-tietoportaalia (valvomo.tamk.fi).<\/p>\n\n\n\n<p>Olemme arvioineet palvelun saavutettavuuden itse. <\/p>\n\n\n\n<p><\/p>\n\n\n\n<h2 class=\"wp-block-heading\">Saavutettavuuden tila<\/h2>\n\n\n\n<p>Valvomo t\u00e4ytt\u00e4\u00e4 osittain kriittiset Verkkosis\u00e4ll\u00f6n saavutettavuusohjeiden (WCAG) A &amp; AA-vaatimukset. Ei-saavutettava sis\u00e4lt\u00f6 on kuvattu alla.<\/p>\n\n\n\n<p><\/p>\n\n\n\n<h2 class=\"wp-block-heading\">Ei-saavutettava sis\u00e4lt\u00f6:<\/h2>\n\n\n\n<h3 class=\"wp-block-heading\">Linkkien avautuminen &nbsp;&nbsp;&nbsp;&nbsp;&nbsp;&nbsp;&nbsp;&nbsp;&nbsp;&nbsp;&nbsp;&nbsp;&nbsp;&nbsp;&nbsp;&nbsp;&nbsp;&nbsp;<\/h3>\n\n\n\n<p>Valvomon raportit&nbsp;avautuvat aina teeman sis\u00e4ll\u00e4 olevista tiililinkeist\u00e4 uuteen selaimen v\u00e4lilehteen, mutta t\u00e4st\u00e4 ei kerrota k\u00e4ytt\u00e4j\u00e4lle linkin yhteydess\u00e4. Uuteen selaimen v\u00e4lilehteen avautumisesta on kerrottu sivuston Info-osiossa.<\/p>\n\n\n\n<h3 class=\"wp-block-heading\">Sivuston sis\u00e4ll\u00f6n saavutettavuus n\u00e4pp\u00e4imist\u00f6ll\u00e4 &nbsp;&nbsp;&nbsp;&nbsp;&nbsp;&nbsp;&nbsp;&nbsp;&nbsp;<\/h3>\n\n\n\n<p>Sivuston yl\u00e4osan valikkolinkin alateemat eiv\u00e4t tule lainkaan aktiiviseksi n\u00e4pp\u00e4imist\u00f6\u00e4 k\u00e4ytett\u00e4ess\u00e4. Hiiren kohdistuksella n\u00e4m\u00e4 valikkolinkin alavalikot aukeavat. Saavutettavuuden takia muista alateemoista on luovuttu, mutta teeman Opiskelu alateema \u2019Opot\u2019 on edelleen k\u00e4yt\u00f6ss\u00e4 rajatulle k\u00e4ytt\u00e4j\u00e4ryhm\u00e4lle rajoitetuin k\u00e4ytt\u00f6oikeuksin. Alateeman tiilet toistuvat my\u00f6s p\u00e4\u00e4teeman sivulla, joten n\u00e4iden alaosioiden sis\u00e4lt\u00f6ihin p\u00e4\u00e4see k\u00e4siksi n\u00e4pp\u00e4imist\u00f6ll\u00e4 t\u00e4t\u00e4 kautta.<\/p>\n\n\n\n<h3 class=\"wp-block-heading\">N\u00e4pp\u00e4imist\u00f6kohdistimen n\u00e4kyvyys<\/h3>\n\n\n\n<p>N\u00e4pp\u00e4imist\u00f6kohdistin ei ole n\u00e4kyviss\u00e4 useissa kohteissa. N\u00e4pp\u00e4imist\u00f6ll\u00e4 sivuston linkeill\u00e4 liikuttaessa ei muun muassa sivuston yl\u00e4osan valikossa n\u00e4y lainkaan, mik\u00e4 valikon osio on aktiivinen. Hiirt\u00e4 valikon p\u00e4\u00e4lle liikutettaessa teemapalkit vaihtavat v\u00e4ri\u00e4\u00e4n violetista mustaksi sen mukaan, mink\u00e4 teeman p\u00e4\u00e4ll\u00e4 hiiren kursori on.<\/p>\n\n\n\n<p>My\u00f6sk\u00e4\u00e4n teemaosion sis\u00e4lt\u00f6sivun tekstiosion linkeiss\u00e4 ei n\u00e4y kohdistusta, kohdistimen liikkeen n\u00e4kee l\u00e4hinn\u00e4 linkkitekstien vaihdosta.<\/p>\n\n\n\n<h3 class=\"wp-block-heading\">Palvelussa on tiedostoja, jotka eiv\u00e4t t\u00e4yt\u00e4 saavutettavuusvaatimuksia<\/h3>\n\n\n\n<p>T\u00e4ll\u00e4 hetkell\u00e4 kaikki Valvomon linkkien takana olevat tietol\u00e4hteet ja raportit eiv\u00e4t t\u00e4yt\u00e4 saavutettavuusvaatimuksia. Esimerkiksi tietol\u00e4hteen\u00e4 oleva Power BI -raportti, Excel-tiedosto, PDF-lomake tai pdf-tiedosto ei ole saavutettava ruudunlukuohjelmalla. Raportit ja tiedostot voivat sis\u00e4lt\u00e4\u00e4 kuvia, ikoneita ja teksti\u00e4 sis\u00e4lt\u00e4vi\u00e4 graafeja, joista puuttuu tekstivastineet.<\/p>\n\n\n\n<p>Uusissa sis\u00e4ll\u00f6iss\u00e4 otetaan k\u00e4ytt\u00f6\u00f6n alt-tekstit kuvien, taulukoiden ja muiden tietol\u00e4hteiden objektien kanssa ja huomioidaan saavutettavat v\u00e4rit.<\/p>\n\n\n\n<h3 class=\"wp-block-heading\">Kuvaajien v\u00e4rikontrastit<\/h3>\n\n\n\n<p>Kaikissa sivuston tietol\u00e4hteen\u00e4 olevissa Power BI -raporteissa ei ole riitt\u00e4v\u00e4\u00e4 v\u00e4rikontrastia. N\u00e4iss\u00e4 tapauksissa v\u00e4rin lis\u00e4ksi on pyritty k\u00e4ytt\u00e4m\u00e4\u00e4n teksti\u00e4 (numeroita), joka tarjoaa saman informaation. Joistakin kuvaajista t\u00e4ydent\u00e4v\u00e4 tieto voi viel\u00e4 puuttua. &nbsp;&nbsp;<\/p>\n\n\n\n<h3 class=\"wp-block-heading\">Aikataulu<\/h3>\n\n\n\n<p>Edell\u00e4 esitettyj\u00e4 puutteita pyrit\u00e4\u00e4n korjaamaan kev\u00e4\u00e4n 2025 aikana.<\/p>\n\n\n\n<p><\/p>\n\n\n\n<h2 class=\"wp-block-heading\">Palaute ja yhteystiedot<\/h2>\n\n\n\n<p>Saavutettavuuteen liittyv\u00e4\u00e4 palautetta voit antaa osoitteeseen <a href=\"mailto:analytics@tuni.fi?subject=Valvomo:%20saavutettavuuspalaute\">analytics@tuni.fi<\/a><\/p>\n\n\n\n<p>Jos huomaat sivustolla saavutettavuusongelmia, anna ensin palautetta Valvomon yll\u00e4pit\u00e4j\u00e4lle. Lain ja siirtym\u00e4ajan puitteissa pyrimme siihen, ett\u00e4 palautteisiin vastataan kahden viikon sis\u00e4ll\u00e4 palautteen antamisesta.<\/p>\n\n\n\n<p><\/p>\n\n\n\n<h2 class=\"wp-block-heading\">Valvontaviranomainen<\/h2>\n\n\n\n<p>Jos et ole tyytyv\u00e4inen saamaasi vastaukseen tai et saa vastausta lainkaan kahden viikon aikana, voit ilmoittaa asiasta valvontaviranomaiselle. <a href=\"https:\/\/www.saavutettavuusvaatimukset.fi\/kayttajan-oikeudet\/\">Etel\u00e4-Suomen aluehallintoviraston Saavutettavuus\u00advaatimukset.fi<\/a>-sivustolla kerrotaan, miten valituksen voi tehd\u00e4 ja miten asia k\u00e4sitell\u00e4\u00e4n.<\/p>\n\n\n\n<h3 class=\"wp-block-heading\">Valvontaviranomaisen yhteystiedot<\/h3>\n\n\n\n<p><\/p>\n\n\n\n<p>Liikenne- ja viestint\u00e4virasto Traficom<br>Digitaalisen esteett\u00f6myyden ja saavutettavuuden valvontayksikk\u00f6<br><a href=\"http:\/\/www.saavutettavuusvaatimukset.fi\">www.saavutettavuusvaatimukset.fi<\/a><br>saavutettavuus(at)traficom.fi<br>puhelinnumero vaihde 029 534 5000<\/p>\n<div id=\"themify_builder_content-5301\" data-postid=\"5301\" class=\"themify_builder_content themify_builder_content-5301 themify_builder themify_builder_front\">\n\n\t<\/div>\n<!-- \/themify_builder_content -->","protected":false},"excerpt":{"rendered":"<p>Tampereen ammattikorkeakoulu pyrkii takaamaan Valvomon saavutettavuuden Lain digitaalisten palvelujen tarjoamisesta 306\/2019 mukaisesti. T\u00e4m\u00e4 saavutettavuusseloste on p\u00e4ivitetty 8.1.2025 ja koskee Valvomo-tietoportaalia (valvomo.tamk.fi). Olemme arvioineet palvelun saavutettavuuden itse. Saavutettavuuden tila Valvomo t\u00e4ytt\u00e4\u00e4 osittain kriittiset Verkkosis\u00e4ll\u00f6n saavutettavuusohjeiden (WCAG) A &amp; AA-vaatimukset. Ei-saavutettava sis\u00e4lt\u00f6 on kuvattu alla. Ei-saavutettava sis\u00e4lt\u00f6: Linkkien avautuminen &nbsp;&nbsp;&nbsp;&nbsp;&nbsp;&nbsp;&nbsp;&nbsp;&nbsp;&nbsp;&nbsp;&nbsp;&nbsp;&nbsp;&nbsp;&nbsp;&nbsp;&nbsp; Valvomon raportit&nbsp;avautuvat aina teeman sis\u00e4ll\u00e4 olevista tiililinkeist\u00e4 [&hellip;]<\/p>\n","protected":false},"author":23004,"featured_media":0,"parent":4818,"menu_order":0,"comment_status":"closed","ping_status":"closed","template":"","meta":{"footnotes":""},"class_list":["post-5301","page","type-page","status-publish","hentry","has-post-title","has-post-date","has-post-category","has-post-tag","has-post-comment","has-post-author"],"_links":{"self":[{"href":"https:\/\/webpages.tuni.fi\/valvomo\/wp-json\/wp\/v2\/pages\/5301","targetHints":{"allow":["GET"]}}],"collection":[{"href":"https:\/\/webpages.tuni.fi\/valvomo\/wp-json\/wp\/v2\/pages"}],"about":[{"href":"https:\/\/webpages.tuni.fi\/valvomo\/wp-json\/wp\/v2\/types\/page"}],"author":[{"embeddable":true,"href":"https:\/\/webpages.tuni.fi\/valvomo\/wp-json\/wp\/v2\/users\/23004"}],"replies":[{"embeddable":true,"href":"https:\/\/webpages.tuni.fi\/valvomo\/wp-json\/wp\/v2\/comments?post=5301"}],"version-history":[{"count":29,"href":"https:\/\/webpages.tuni.fi\/valvomo\/wp-json\/wp\/v2\/pages\/5301\/revisions"}],"predecessor-version":[{"id":5564,"href":"https:\/\/webpages.tuni.fi\/valvomo\/wp-json\/wp\/v2\/pages\/5301\/revisions\/5564"}],"up":[{"embeddable":true,"href":"https:\/\/webpages.tuni.fi\/valvomo\/wp-json\/wp\/v2\/pages\/4818"}],"wp:attachment":[{"href":"https:\/\/webpages.tuni.fi\/valvomo\/wp-json\/wp\/v2\/media?parent=5301"}],"curies":[{"name":"wp","href":"https:\/\/api.w.org\/{rel}","templated":true}]}}