{"id":5063,"date":"2021-10-11T09:56:34","date_gmt":"2021-10-11T06:56:34","guid":{"rendered":"https:\/\/valvomo.tamk.fi\/?page_id=5063"},"modified":"2022-03-17T14:31:19","modified_gmt":"2022-03-17T12:31:19","slug":"opot","status":"publish","type":"page","link":"https:\/\/webpages.tuni.fi\/valvomo\/opiskelu\/opot\/","title":{"rendered":"Opot"},"content":{"rendered":"<h1>Opojen raportit<\/h1>\n<div class=\"loops-wrapper tile-wrapper\"><div id=\"tile-5569\" class=\"tile-post small blue button post-5569 tile type-tile status-publish hentry tile-category-tuko tile-category-opot has-post-title has-post-date has-post-category has-post-tag has-post-comment has-post-author\"><a title=\"FOKUS &#8211; Ohjaajan ty\u00f6p\u00f6yt\u00e4*\" href=\"https:\/\/peppi-staff.tuni.fi\/group\/ohjaajan-tyopoyta\" target=\"_blank\"><figure class=\"button-icon\"><\/figure><span class=\"button-title\">FOKUS &#8211; Ohjaajan ty\u00f6p\u00f6yt\u00e4*<\/span><\/a><\/div><!-- \/.tile 5569 --><div id=\"tile-5062\" class=\"tile-post small lime button post-5062 tile type-tile status-publish hentry tile-category-opot has-post-title has-post-date has-post-category has-post-tag has-post-comment has-post-author\"><a title=\"Opojen raportit*\" href=\"https:\/\/app.powerbi.com\/groups\/f97e2d00-6466-4677-af85-034bb4d694a5\/list\" target=\"_blank\"><figure class=\"button-icon\"><img decoding=\"async\" src=\"https:\/\/valvomo.tamk.fi\/files\/2017\/05\/BI-ikoni-1.png\" width=\"60\" alt=\"Opojen raportit*\" \/><\/figure><span class=\"button-title\">Opojen raportit*<\/span><\/a><\/div><!-- \/.tile 5062 --><\/div><!-- .tile-wrapper -->\n<p>T\u00e4hdell\u00e4 * merkityiss\u00e4 raporteissa rajattu p\u00e4\u00e4sy ty\u00f6teht\u00e4v\u00e4n mukaan tai p\u00e4\u00e4sy vain henkil\u00f6kuntaverkosta (et\u00e4yhteydell\u00e4 k\u00e4yt\u00e4 VPN-toimintoa).<\/p>\n<p><a href=\"https:\/\/tuni.sharepoint.com\/:w:\/r\/sites\/TG-raportointitamk\/_layouts\/15\/Doc.aspx?sourcedoc=%7B6636AAE1-00FE-4C1B-BC82-00557E4778C4%7D&amp;file=Valvomon%20raporttien%20kuvaukset.docx&amp;action=default&amp;mobileredirect=true\">Tarkemmat kuvaukset Valvomon raporttien sis\u00e4ll\u00f6st\u00e4, k\u00e4ytt\u00f6oikeuksista, tietojen p\u00e4ivityssyklist\u00e4 sek\u00e4 yll\u00e4pit\u00e4j\u00e4st\u00e4<\/a>.<\/p>\n<p>&nbsp;<\/p>\n<p>&nbsp;<\/p>\n<p><a href=\"https:\/\/valvomo.tamk.fi\/\">Tietosuojaselosteet l\u00f6ytyv\u00e4t Info-sivulta<\/a>.<\/p>\n<div id=\"themify_builder_content-5062\" data-postid=\"5062\" class=\"themify_builder_content themify_builder_content-5062 themify_builder themify_builder_front\">\n\n\t<\/div>\n<!-- \/themify_builder_content -->","protected":false},"excerpt":{"rendered":"<p>Opojen raportit T\u00e4hdell\u00e4 * merkityiss\u00e4 raporteissa rajattu p\u00e4\u00e4sy ty\u00f6teht\u00e4v\u00e4n mukaan tai p\u00e4\u00e4sy vain henkil\u00f6kuntaverkosta (et\u00e4yhteydell\u00e4 k\u00e4yt\u00e4 VPN-toimintoa). Tarkemmat kuvaukset Valvomon raporttien sis\u00e4ll\u00f6st\u00e4, k\u00e4ytt\u00f6oikeuksista, tietojen p\u00e4ivityssyklist\u00e4 sek\u00e4 yll\u00e4pit\u00e4j\u00e4st\u00e4. &nbsp; &nbsp; Tietosuojaselosteet l\u00f6ytyv\u00e4t Info-sivulta.<\/p>\n","protected":false},"author":22856,"featured_media":0,"parent":4398,"menu_order":0,"comment_status":"closed","ping_status":"closed","template":"","meta":{"footnotes":""},"class_list":["post-5063","page","type-page","status-publish","hentry","has-post-title","has-post-date","has-post-category","has-post-tag","has-post-comment","has-post-author"],"_links":{"self":[{"href":"https:\/\/webpages.tuni.fi\/valvomo\/wp-json\/wp\/v2\/pages\/5063","targetHints":{"allow":["GET"]}}],"collection":[{"href":"https:\/\/webpages.tuni.fi\/valvomo\/wp-json\/wp\/v2\/pages"}],"about":[{"href":"https:\/\/webpages.tuni.fi\/valvomo\/wp-json\/wp\/v2\/types\/page"}],"author":[{"embeddable":true,"href":"https:\/\/webpages.tuni.fi\/valvomo\/wp-json\/wp\/v2\/users\/22856"}],"replies":[{"embeddable":true,"href":"https:\/\/webpages.tuni.fi\/valvomo\/wp-json\/wp\/v2\/comments?post=5063"}],"version-history":[{"count":10,"href":"https:\/\/webpages.tuni.fi\/valvomo\/wp-json\/wp\/v2\/pages\/5063\/revisions"}],"predecessor-version":[{"id":5176,"href":"https:\/\/webpages.tuni.fi\/valvomo\/wp-json\/wp\/v2\/pages\/5063\/revisions\/5176"}],"up":[{"embeddable":true,"href":"https:\/\/webpages.tuni.fi\/valvomo\/wp-json\/wp\/v2\/pages\/4398"}],"wp:attachment":[{"href":"https:\/\/webpages.tuni.fi\/valvomo\/wp-json\/wp\/v2\/media?parent=5063"}],"curies":[{"name":"wp","href":"https:\/\/api.w.org\/{rel}","templated":true}]}}