{"id":4997,"date":"2021-04-30T14:13:32","date_gmt":"2021-04-30T11:13:32","guid":{"rendered":"https:\/\/valvomo.tamk.fi\/?page_id=4997"},"modified":"2022-03-17T14:31:48","modified_gmt":"2022-03-17T12:31:48","slug":"jatkuva-oppiminen","status":"publish","type":"page","link":"https:\/\/webpages.tuni.fi\/valvomo\/jatkuva-oppiminen\/","title":{"rendered":"Jatkuva oppiminen"},"content":{"rendered":"<h1>Jatkuva oppiminen<\/h1>\n<div class=\"loops-wrapper tile-wrapper\"><div id=\"tile-5245\" class=\"tile-post small default button post-5245 tile type-tile status-publish hentry tile-category-jop has-post-title has-post-date has-post-category has-post-tag has-post-comment has-post-author\"><a title=\"Jatkuva oppiminen, opintopisteet\" href=\"https:\/\/app.powerbi.com\/links\/Jr-J4uveop?ctid=fa6944af-cc7c-4cd8-9154-c01132798910&#038;pbi_source=linkShare\" target=\"_blank\"><figure class=\"button-icon\"><img decoding=\"async\" src=\"https:\/\/webpages.tuni.fi\/valvomo\/wp-content\/blogs.dir\/312\/files\/2020\/06\/14-50x52.png\" width=\"50\" class=\" wp-image-4779\" title=\"14\" alt=\"Jatkuva oppiminen, opintopisteet\" srcset=\"https:\/\/webpages.tuni.fi\/valvomo\/wp-content\/blogs.dir\/312\/files\/2020\/06\/14-50x52.png 50w, https:\/\/webpages.tuni.fi\/valvomo\/wp-content\/blogs.dir\/312\/files\/2020\/06\/14-283x300.png 283w, https:\/\/webpages.tuni.fi\/valvomo\/wp-content\/blogs.dir\/312\/files\/2020\/06\/14.png 435w\" sizes=\"(max-width: 50px) 100vw, 50px\" \/><\/figure><span class=\"button-title\">Jatkuva oppiminen, opintopisteet<\/span><\/a><\/div><!-- \/.tile 5245 --><div id=\"tile-5418\" class=\"tile-post small teal button post-5418 tile type-tile status-publish hentry tile-category-jop has-post-title has-post-date has-post-category has-post-tag has-post-comment has-post-author\"><a title=\"Opiskelijam\u00e4\u00e4r\u00e4, erikoistumiskoulutus\" href=\"https:\/\/app.powerbi.com\/groups\/me\/apps\/81875f1b-58af-49de-afab-b178a1e6531c\/reports\/a413bfe9-dea6-4d2f-801a-d794e5cdd959\/ReportSection4353c4b30eb13031c9eb?ctid=fa6944af-cc7c-4cd8-9154-c01132798910&#038;experience=power-bi\" ><figure class=\"button-icon\"><img decoding=\"async\" src=\"https:\/\/webpages.tuni.fi\/valvomo\/wp-content\/blogs.dir\/312\/files\/2017\/05\/BI_ikoni_opiskelijam\u00e4\u00e4r\u00e4t-60x57.png\" width=\"60\" class=\" wp-image-4483\" title=\"BI_ikoni_opiskelijam\u00e4\u00e4r\u00e4t\" alt=\"Opiskelijam\u00e4\u00e4r\u00e4, erikoistumiskoulutus\" srcset=\"https:\/\/webpages.tuni.fi\/valvomo\/wp-content\/blogs.dir\/312\/files\/2017\/05\/BI_ikoni_opiskelijam\u00e4\u00e4r\u00e4t-60x57.png 60w, https:\/\/webpages.tuni.fi\/valvomo\/wp-content\/blogs.dir\/312\/files\/2017\/05\/BI_ikoni_opiskelijam\u00e4\u00e4r\u00e4t-50x48.png 50w, https:\/\/webpages.tuni.fi\/valvomo\/wp-content\/blogs.dir\/312\/files\/2017\/05\/BI_ikoni_opiskelijam\u00e4\u00e4r\u00e4t-40x38.png 40w, https:\/\/webpages.tuni.fi\/valvomo\/wp-content\/blogs.dir\/312\/files\/2017\/05\/BI_ikoni_opiskelijam\u00e4\u00e4r\u00e4t.png 80w\" sizes=\"(max-width: 60px) 100vw, 60px\" \/><\/figure><span class=\"button-title\">Opiskelijam\u00e4\u00e4r\u00e4, erikoistumiskoulutus<\/span><\/a><\/div><!-- \/.tile 5418 --><div id=\"tile-5000\" class=\"tile-post small green button post-5000 tile type-tile status-publish hentry tile-category-jop has-post-title has-post-date has-post-category has-post-tag has-post-comment has-post-author\"><a title=\"Opiskelijam\u00e4\u00e4r\u00e4, avoin AMK\" href=\"https:\/\/app.powerbi.com\/groups\/me\/apps\/81875f1b-58af-49de-afab-b178a1e6531c\/reports\/a413bfe9-dea6-4d2f-801a-d794e5cdd959\/ReportSection7b4195a8026f9412e422?ctid=fa6944af-cc7c-4cd8-9154-c01132798910&#038;experience=power-bi\" target=\"_blank\"><figure class=\"button-icon\"><img decoding=\"async\" src=\"https:\/\/valvomo.tamk.fi\/files\/2017\/05\/BI_ikoni_opiskelijam\u00e4\u00e4r\u00e4t.png\" width=\"60\" alt=\"Opiskelijam\u00e4\u00e4r\u00e4, avoin AMK\" \/><\/figure><span class=\"button-title\">Opiskelijam\u00e4\u00e4r\u00e4, avoin AMK<\/span><\/a><\/div><!-- \/.tile 5000 --><div id=\"tile-5078\" class=\"tile-post small pink button post-5078 tile type-tile status-publish hentry tile-category-jop tile-category-palautteet has-post-title has-post-date has-post-category has-post-tag has-post-comment has-post-author\"><a title=\"T\u00e4ydennyskoulutus palaute\" href=\"https:\/\/tuni.sharepoint.com\/sites\/TG-raportointitamk\/Jaetut%20asiakirjat\/Forms\/AllItems.aspx?id=%2Fsites%2FTG%2Draportointitamk%2FJaetut%20asiakirjat%2FPalautteet%2FT%C3%A4ydennyskoulutuspalaute&#038;viewid=e440b6f0%2D0586%2D44be%2Dbded%2D49799f05e47a&#038;csf=1&#038;web=1&#038;e=zpXNrv&#038;cid=755b11bf%2Dfa59%2D41d2%2D8cd3%2D694a246a684f&#038;FolderCTID=0x01200094A5060BA01B2048AD3DF463BBDD48F2\" target=\"_blank\"><figure class=\"button-icon\"><img decoding=\"async\" src=\"https:\/\/webpages.tuni.fi\/valvomo\/wp-content\/blogs.dir\/312\/files\/2020\/06\/8-60x60.png\" width=\"60\" class=\" wp-image-4785\" title=\"8\" alt=\"T\u00e4ydennyskoulutus palaute\" srcset=\"https:\/\/webpages.tuni.fi\/valvomo\/wp-content\/blogs.dir\/312\/files\/2020\/06\/8-60x60.png 60w, https:\/\/webpages.tuni.fi\/valvomo\/wp-content\/blogs.dir\/312\/files\/2020\/06\/8-150x150.png 150w, https:\/\/webpages.tuni.fi\/valvomo\/wp-content\/blogs.dir\/312\/files\/2020\/06\/8-296x300.png 296w, https:\/\/webpages.tuni.fi\/valvomo\/wp-content\/blogs.dir\/312\/files\/2020\/06\/8-50x50.png 50w, https:\/\/webpages.tuni.fi\/valvomo\/wp-content\/blogs.dir\/312\/files\/2020\/06\/8.png 568w\" sizes=\"(max-width: 60px) 100vw, 60px\" \/><\/figure><span class=\"button-title\">T\u00e4ydennyskoulutus palaute<\/span><\/a><\/div><!-- \/.tile 5078 --><div id=\"tile-4438\" class=\"tile-post small orange button post-4438 tile type-tile status-publish hentry tile-category-jop has-post-title has-post-date has-post-category has-post-tag has-post-comment has-post-author\"><a title=\"Avoin AMK op:t\" href=\"https:\/\/app.powerbi.com\/groups\/f9d85971-5442-47b4-b699-1b62d9b15ea5\/reports\/37b17a16-ac73-4c82-a224-aa9602d44261\/ReportSection\" target=\"_blank\"><figure class=\"button-icon\"><img decoding=\"async\" src=\"https:\/\/webpages.tuni.fi\/valvomo\/wp-content\/blogs.dir\/312\/files\/2017\/05\/BI_ikoni_opintopisteet-70x41.png\" width=\"70\" class=\" wp-image-4479\" title=\"BI_ikoni_opintopisteet\" alt=\"Avoin AMK op:t\" srcset=\"https:\/\/webpages.tuni.fi\/valvomo\/wp-content\/blogs.dir\/312\/files\/2017\/05\/BI_ikoni_opintopisteet-70x41.png 70w, https:\/\/webpages.tuni.fi\/valvomo\/wp-content\/blogs.dir\/312\/files\/2017\/05\/BI_ikoni_opintopisteet-50x29.png 50w, https:\/\/webpages.tuni.fi\/valvomo\/wp-content\/blogs.dir\/312\/files\/2017\/05\/BI_ikoni_opintopisteet-60x35.png 60w, https:\/\/webpages.tuni.fi\/valvomo\/wp-content\/blogs.dir\/312\/files\/2017\/05\/BI_ikoni_opintopisteet.png 80w\" sizes=\"(max-width: 70px) 100vw, 70px\" \/><\/figure><span class=\"button-title\">Avoin AMK op:t<\/span><\/a><\/div><!-- \/.tile 4438 --><\/div><!-- .tile-wrapper -->\n<p>T\u00e4hdell\u00e4 * merkityiss\u00e4 raporteissa rajattu p\u00e4\u00e4sy ty\u00f6teht\u00e4v\u00e4n mukaan tai p\u00e4\u00e4sy vain henkil\u00f6kuntaverkosta (et\u00e4yhteydell\u00e4 k\u00e4yt\u00e4 VPN-toimintoa).<\/p>\n<p><a href=\"https:\/\/tuni.sharepoint.com\/:w:\/r\/sites\/TG-raportointitamk\/_layouts\/15\/Doc.aspx?sourcedoc=%7B6636AAE1-00FE-4C1B-BC82-00557E4778C4%7D&amp;file=Valvomon%20raporttien%20kuvaukset.docx&amp;action=default&amp;mobileredirect=true\">Tarkemmat kuvaukset Valvomon raporttien sis\u00e4ll\u00f6st\u00e4, k\u00e4ytt\u00f6oikeuksista, tietojen p\u00e4ivityssyklist\u00e4 sek\u00e4 yll\u00e4pit\u00e4j\u00e4st\u00e4<\/a>.<\/p>\n<p>&nbsp;<\/p>\n<p><a href=\"https:\/\/valvomo.tamk.fi\/\">Tietosuojaselosteet l\u00f6ytyv\u00e4t Info-sivulta<\/a>.<\/p>\n<p>&nbsp;<\/p>\n<p>&nbsp;<\/p>\n<div id=\"themify_builder_content-4438\" data-postid=\"4438\" class=\"themify_builder_content themify_builder_content-4438 themify_builder themify_builder_front\">\n\n\t<\/div>\n<!-- \/themify_builder_content -->","protected":false},"excerpt":{"rendered":"<p>Jatkuva oppiminen T\u00e4hdell\u00e4 * merkityiss\u00e4 raporteissa rajattu p\u00e4\u00e4sy ty\u00f6teht\u00e4v\u00e4n mukaan tai p\u00e4\u00e4sy vain henkil\u00f6kuntaverkosta (et\u00e4yhteydell\u00e4 k\u00e4yt\u00e4 VPN-toimintoa). Tarkemmat kuvaukset Valvomon raporttien sis\u00e4ll\u00f6st\u00e4, k\u00e4ytt\u00f6oikeuksista, tietojen p\u00e4ivityssyklist\u00e4 sek\u00e4 yll\u00e4pit\u00e4j\u00e4st\u00e4. &nbsp; Tietosuojaselosteet l\u00f6ytyv\u00e4t Info-sivulta. &nbsp; &nbsp;<\/p>\n","protected":false},"author":22856,"featured_media":0,"parent":0,"menu_order":8,"comment_status":"closed","ping_status":"closed","template":"","meta":{"footnotes":""},"class_list":["post-4997","page","type-page","status-publish","hentry","has-post-title","has-post-date","has-post-category","has-post-tag","has-post-comment","has-post-author"],"_links":{"self":[{"href":"https:\/\/webpages.tuni.fi\/valvomo\/wp-json\/wp\/v2\/pages\/4997","targetHints":{"allow":["GET"]}}],"collection":[{"href":"https:\/\/webpages.tuni.fi\/valvomo\/wp-json\/wp\/v2\/pages"}],"about":[{"href":"https:\/\/webpages.tuni.fi\/valvomo\/wp-json\/wp\/v2\/types\/page"}],"author":[{"embeddable":true,"href":"https:\/\/webpages.tuni.fi\/valvomo\/wp-json\/wp\/v2\/users\/22856"}],"replies":[{"embeddable":true,"href":"https:\/\/webpages.tuni.fi\/valvomo\/wp-json\/wp\/v2\/comments?post=4997"}],"version-history":[{"count":9,"href":"https:\/\/webpages.tuni.fi\/valvomo\/wp-json\/wp\/v2\/pages\/4997\/revisions"}],"predecessor-version":[{"id":5179,"href":"https:\/\/webpages.tuni.fi\/valvomo\/wp-json\/wp\/v2\/pages\/4997\/revisions\/5179"}],"wp:attachment":[{"href":"https:\/\/webpages.tuni.fi\/valvomo\/wp-json\/wp\/v2\/media?parent=4997"}],"curies":[{"name":"wp","href":"https:\/\/api.w.org\/{rel}","templated":true}]}}