{"id":4860,"date":"2020-11-13T15:36:06","date_gmt":"2020-11-13T13:36:06","guid":{"rendered":"https:\/\/valvomo.tamk.fi\/?page_id=4860"},"modified":"2022-03-17T14:32:02","modified_gmt":"2022-03-17T12:32:02","slug":"tki","status":"publish","type":"page","link":"https:\/\/webpages.tuni.fi\/valvomo\/tki\/","title":{"rendered":"TKI"},"content":{"rendered":"<h1>TKI<\/h1>\n<div class=\"loops-wrapper tile-wrapper\"><div id=\"tile-5528\" class=\"tile-post small purple button post-5528 tile type-tile status-publish hentry tile-category-tki tile-category-koonnit has-post-title has-post-date has-post-category has-post-tag has-post-comment has-post-author\"><a title=\"Ulkoisen rahoituksen dashboard\" href=\"https:\/\/app.powerbi.com\/groups\/me\/apps\/a03557b8-051d-4f0c-b09f-6ea61d12c894\/reports\/3c96d1bd-b820-4583-8828-8e9e2d3c3be2\/cd7d20a62b70eb935636?ctid=fa6944af-cc7c-4cd8-9154-c01132798910&#038;language=en-US&#038;experience=power-bi\" ><figure class=\"button-icon\"><img decoding=\"async\" src=\"https:\/\/webpages.tuni.fi\/valvomo\/wp-content\/blogs.dir\/312\/files\/2020\/06\/10-60x57.png\" width=\"60\" class=\" wp-image-4783\" title=\"10\" alt=\"Ulkoisen rahoituksen dashboard\" srcset=\"https:\/\/webpages.tuni.fi\/valvomo\/wp-content\/blogs.dir\/312\/files\/2020\/06\/10-60x57.png 60w, https:\/\/webpages.tuni.fi\/valvomo\/wp-content\/blogs.dir\/312\/files\/2020\/06\/10-300x287.png 300w, https:\/\/webpages.tuni.fi\/valvomo\/wp-content\/blogs.dir\/312\/files\/2020\/06\/10.png 593w\" sizes=\"(max-width: 60px) 100vw, 60px\" \/><\/figure><span class=\"button-title\">Ulkoisen rahoituksen dashboard<\/span><\/a><\/div><!-- \/.tile 5528 --><div id=\"tile-5323\" class=\"tile-post small teal button post-5323 tile type-tile status-publish hentry tile-category-tki has-post-title has-post-date has-post-category has-post-tag has-post-comment has-post-author\"><a title=\"Arvioinnit\" href=\"https:\/\/tuni.sharepoint.com\/sites\/TG-raportointitamk\/Jaetut%20asiakirjat\/Forms\/AllItems.aspx?csf=1&#038;e=r3mpw8&#038;cid=604a6d68%2D926e%2D49d4%2D9137%2D07c12be9fd6f&#038;FolderCTID=0x01200094A5060BA01B2048AD3DF463BBDD48F2&#038;id=%2Fsites%2FTG%2Draportointitamk%2FJaetut%20asiakirjat%2FTKI%2FTKI%2Dhankkeiden%20v%C3%A4liarviointi%202022%2Epdf&#038;viewid=e440b6f0%2D0586%2D44be%2Dbded%2D49799f05e47a&#038;parent=%2Fsites%2FTG%2Draportointitamk%2FJaetut%20asiakirjat%2FTKI\" ><figure class=\"button-icon\"><img decoding=\"async\" src=\"https:\/\/webpages.tuni.fi\/valvomo\/wp-content\/blogs.dir\/312\/files\/2017\/05\/BI_ikoni_55op-1-60x51.png\" width=\"60\" class=\" wp-image-4482\" title=\"BI_ikoni_55op 1\" alt=\"Arvioinnit\" srcset=\"https:\/\/webpages.tuni.fi\/valvomo\/wp-content\/blogs.dir\/312\/files\/2017\/05\/BI_ikoni_55op-1-60x51.png 60w, https:\/\/webpages.tuni.fi\/valvomo\/wp-content\/blogs.dir\/312\/files\/2017\/05\/BI_ikoni_55op-1-70x60.png 70w, https:\/\/webpages.tuni.fi\/valvomo\/wp-content\/blogs.dir\/312\/files\/2017\/05\/BI_ikoni_55op-1-50x43.png 50w, https:\/\/webpages.tuni.fi\/valvomo\/wp-content\/blogs.dir\/312\/files\/2017\/05\/BI_ikoni_55op-1.png 80w\" sizes=\"(max-width: 60px) 100vw, 60px\" \/><\/figure><span class=\"button-title\">Arvioinnit<\/span><\/a><\/div><!-- \/.tile 5323 --><div id=\"tile-5007\" class=\"tile-post small lime button post-5007 tile type-tile status-publish hentry tile-category-tki tile-category-talous has-post-title has-post-date has-post-category has-post-tag has-post-comment has-post-author\"><a title=\"Projektit (TUNIreports)\" href=\"https:\/\/app.powerbi.com\/groups\/me\/apps\/81875f1b-58af-49de-afab-b178a1e6531c\/reports\/b1224727-dacc-42a8-9f56-b4220c33ecbf\/ReportSection3b275dc9d92809bdd180?ctid=fa6944af-cc7c-4cd8-9154-c01132798910&#038;experience=power-bi\" target=\"_blank\"><figure class=\"button-icon\"><img decoding=\"async\" src=\"https:\/\/valvomo.tamk.fi\/files\/2020\/06\/15.png\" width=\"60\" alt=\"Projektit (TUNIreports)\" \/><\/figure><span class=\"button-title\">Projektit (TUNIreports)<\/span><\/a><\/div><!-- \/.tile 5007 --><div id=\"tile-4959\" class=\"tile-post small pink button post-4959 tile type-tile status-publish hentry tile-category-tki tile-category-talous tile-category-henkilosto has-post-title has-post-date has-post-category has-post-tag has-post-comment has-post-author\"><a title=\"Ty\u00f6ajan jakauma (TAS Peppi)\" href=\"https:\/\/app.powerbi.com\/groups\/f9d85971-5442-47b4-b699-1b62d9b15ea5\/reports\/d027d1bf-cecb-4b9d-b258-56920bb866f0?ctid=fa6944af-cc7c-4cd8-9154-c01132798910\" target=\"_blank\"><figure class=\"button-icon\"><img decoding=\"async\" src=\"https:\/\/valvomo.tamk.fi\/files\/2017\/05\/BI_jory_raportti_ikoni.png\" width=\"40\" alt=\"Ty\u00f6ajan jakauma (TAS Peppi)\" \/><\/figure><span class=\"button-title\">Ty\u00f6ajan jakauma (TAS Peppi)<\/span><\/a><\/div><!-- \/.tile 4959 --><div id=\"tile-4344\" class=\"tile-post small pink button post-4344 tile type-tile status-publish hentry tile-category-tki tile-category-vaikuttavuus tile-category-julkaisut has-post-title has-post-date has-post-category has-post-tag has-post-comment has-post-author\"><a title=\"Julkaisut\" href=\"https:\/\/tuni.sharepoint.com\/sites\/TG-raportointitamk\/Jaetut%20asiakirjat\/Forms\/AllItems.aspx?csf=1&#038;e=r3mpw8&#038;cid=5c280c8d%2Ddce0%2D48db%2D93ed%2D0767f50267dc&#038;FolderCTID=0x01200094A5060BA01B2048AD3DF463BBDD48F2&#038;viewid=e440b6f0%2D0586%2D44be%2Dbded%2D49799f05e47a&#038;id=%2Fsites%2FTG%2Draportointitamk%2FJaetut%20asiakirjat%2FJulkaisut\" target=\"_blank\"><figure class=\"button-icon\"><img decoding=\"async\" src=\"https:\/\/webpages.tuni.fi\/valvomo\/wp-content\/blogs.dir\/312\/files\/2020\/06\/40-50x81.png\" width=\"50\" class=\" wp-image-4753\" title=\"40\" alt=\"Julkaisut\" srcset=\"https:\/\/webpages.tuni.fi\/valvomo\/wp-content\/blogs.dir\/312\/files\/2020\/06\/40-50x81.png 50w, https:\/\/webpages.tuni.fi\/valvomo\/wp-content\/blogs.dir\/312\/files\/2020\/06\/40-185x300.png 185w, https:\/\/webpages.tuni.fi\/valvomo\/wp-content\/blogs.dir\/312\/files\/2020\/06\/40.png 369w\" sizes=\"(max-width: 50px) 100vw, 50px\" \/><\/figure><span class=\"button-title\">Julkaisut<\/span><\/a><\/div><!-- \/.tile 4344 --><div id=\"tile-4895\" class=\"tile-post small magenta button post-4895 tile type-tile status-publish hentry tile-category-tki has-post-title has-post-date has-post-category has-post-tag has-post-comment has-post-author\"><a title=\"Korkeakoulujen TKI-toiminta (Vipunen)\" href=\"https:\/\/vipunen.fi\/fi-fi\/kkyhteiset\/Sivut\/Tutkimus--ja-kehitysty%C3%B6.aspx\" target=\"_blank\"><figure class=\"button-icon\"><img decoding=\"async\" src=\"https:\/\/webpages.tuni.fi\/valvomo\/wp-content\/blogs.dir\/312\/files\/2020\/06\/12-60x51.png\" width=\"60\" class=\" wp-image-4781\" title=\"12\" alt=\"Korkeakoulujen TKI-toiminta (Vipunen)\" srcset=\"https:\/\/webpages.tuni.fi\/valvomo\/wp-content\/blogs.dir\/312\/files\/2020\/06\/12-60x51.png 60w, https:\/\/webpages.tuni.fi\/valvomo\/wp-content\/blogs.dir\/312\/files\/2020\/06\/12-300x259.png 300w, https:\/\/webpages.tuni.fi\/valvomo\/wp-content\/blogs.dir\/312\/files\/2020\/06\/12-70x60.png 70w, https:\/\/webpages.tuni.fi\/valvomo\/wp-content\/blogs.dir\/312\/files\/2020\/06\/12.png 573w\" sizes=\"(max-width: 60px) 100vw, 60px\" \/><\/figure><span class=\"button-title\">Korkeakoulujen TKI-toiminta (Vipunen)<\/span><\/a><\/div><!-- \/.tile 4895 --><\/div><!-- .tile-wrapper -->\n<p>T\u00e4hdell\u00e4 * merkityiss\u00e4 raporteissa rajattu p\u00e4\u00e4sy ty\u00f6teht\u00e4v\u00e4n mukaan tai p\u00e4\u00e4sy vain henkil\u00f6kuntaverkosta (et\u00e4yhteydell\u00e4 k\u00e4yt\u00e4 VPN-toimintoa).<\/p>\n<p><a href=\"https:\/\/tuni.sharepoint.com\/:w:\/r\/sites\/TG-raportointitamk\/_layouts\/15\/Doc.aspx?sourcedoc=%7B6636AAE1-00FE-4C1B-BC82-00557E4778C4%7D&amp;file=Valvomon%20raporttien%20kuvaukset.docx&amp;action=default&amp;mobileredirect=true\">Tarkemmat kuvaukset Valvomon raporttien sis\u00e4ll\u00f6st\u00e4, k\u00e4ytt\u00f6oikeuksista, tietojen p\u00e4ivityssyklist\u00e4 sek\u00e4 yll\u00e4pit\u00e4j\u00e4st\u00e4<\/a>.<\/p>\n<p>&nbsp;<\/p>\n<p>&nbsp;<\/p>\n<p><a href=\"https:\/\/valvomo.tamk.fi\/\">Tietosuojaselosteet l\u00f6ytyv\u00e4t Info-sivulta<\/a>.<\/p>\n<p>&nbsp;<\/p>\n<div id=\"themify_builder_content-4895\" data-postid=\"4895\" class=\"themify_builder_content themify_builder_content-4895 themify_builder themify_builder_front\">\n\n\t<\/div>\n<!-- \/themify_builder_content -->","protected":false},"excerpt":{"rendered":"<p>TKI T\u00e4hdell\u00e4 * merkityiss\u00e4 raporteissa rajattu p\u00e4\u00e4sy ty\u00f6teht\u00e4v\u00e4n mukaan tai p\u00e4\u00e4sy vain henkil\u00f6kuntaverkosta (et\u00e4yhteydell\u00e4 k\u00e4yt\u00e4 VPN-toimintoa). Tarkemmat kuvaukset Valvomon raporttien sis\u00e4ll\u00f6st\u00e4, k\u00e4ytt\u00f6oikeuksista, tietojen p\u00e4ivityssyklist\u00e4 sek\u00e4 yll\u00e4pit\u00e4j\u00e4st\u00e4. &nbsp; &nbsp; Tietosuojaselosteet l\u00f6ytyv\u00e4t Info-sivulta. &nbsp;<\/p>\n","protected":false},"author":8213,"featured_media":0,"parent":0,"menu_order":8,"comment_status":"closed","ping_status":"closed","template":"","meta":{"footnotes":""},"class_list":["post-4860","page","type-page","status-publish","hentry","has-post-title","has-post-date","has-post-category","has-post-tag","has-post-comment","has-post-author"],"_links":{"self":[{"href":"https:\/\/webpages.tuni.fi\/valvomo\/wp-json\/wp\/v2\/pages\/4860","targetHints":{"allow":["GET"]}}],"collection":[{"href":"https:\/\/webpages.tuni.fi\/valvomo\/wp-json\/wp\/v2\/pages"}],"about":[{"href":"https:\/\/webpages.tuni.fi\/valvomo\/wp-json\/wp\/v2\/types\/page"}],"author":[{"embeddable":true,"href":"https:\/\/webpages.tuni.fi\/valvomo\/wp-json\/wp\/v2\/users\/8213"}],"replies":[{"embeddable":true,"href":"https:\/\/webpages.tuni.fi\/valvomo\/wp-json\/wp\/v2\/comments?post=4860"}],"version-history":[{"count":22,"href":"https:\/\/webpages.tuni.fi\/valvomo\/wp-json\/wp\/v2\/pages\/4860\/revisions"}],"predecessor-version":[{"id":5180,"href":"https:\/\/webpages.tuni.fi\/valvomo\/wp-json\/wp\/v2\/pages\/4860\/revisions\/5180"}],"wp:attachment":[{"href":"https:\/\/webpages.tuni.fi\/valvomo\/wp-json\/wp\/v2\/media?parent=4860"}],"curies":[{"name":"wp","href":"https:\/\/api.w.org\/{rel}","templated":true}]}}