{"id":4818,"date":"2020-11-03T15:28:25","date_gmt":"2020-11-03T13:28:25","guid":{"rendered":"https:\/\/valvomo.tamk.fi\/?page_id=4818"},"modified":"2024-10-02T14:05:54","modified_gmt":"2024-10-02T11:05:54","slug":"info","status":"publish","type":"page","link":"https:\/\/webpages.tuni.fi\/valvomo\/","title":{"rendered":"Info"},"content":{"rendered":"\n<h1 class=\"wp-block-heading\"><strong>Tervetuloa Valvomoon!&nbsp;<\/strong><\/h1>\n\n\n\n<p><\/p>\n\n\n<div class=\"loops-wrapper tile-wrapper\"><div id=\"tile-5536\" class=\"tile-post small pink button post-5536 tile type-tile status-publish hentry tile-category-info has-post-title has-post-date has-post-category has-post-tag has-post-comment has-post-author\"><a title=\"Pikaohje Valvomon k\u00e4ytt\u00f6\u00f6n\" href=\"https:\/\/tuni.sharepoint.com\/:p:\/s\/TG-raportointitamk\/EeJUuU4nZoZAitzBNxJ6wqIBtDf_m8Km2WD0rX5XgcnOZw?e=hd3Ywx\" ><figure class=\"button-icon\"><img decoding=\"async\" src=\"https:\/\/webpages.tuni.fi\/valvomo\/wp-content\/blogs.dir\/312\/files\/2020\/06\/24-60x48.png\" width=\"60\" class=\" wp-image-4769\" title=\"24\" alt=\"Pikaohje Valvomon k\u00e4ytt\u00f6\u00f6n\" srcset=\"https:\/\/webpages.tuni.fi\/valvomo\/wp-content\/blogs.dir\/312\/files\/2020\/06\/24-60x48.png 60w, https:\/\/webpages.tuni.fi\/valvomo\/wp-content\/blogs.dir\/312\/files\/2020\/06\/24-300x242.png 300w, https:\/\/webpages.tuni.fi\/valvomo\/wp-content\/blogs.dir\/312\/files\/2020\/06\/24-70x56.png 70w, https:\/\/webpages.tuni.fi\/valvomo\/wp-content\/blogs.dir\/312\/files\/2020\/06\/24-80x64.png 80w, https:\/\/webpages.tuni.fi\/valvomo\/wp-content\/blogs.dir\/312\/files\/2020\/06\/24.png 546w\" sizes=\"(max-width: 60px) 100vw, 60px\" \/><\/figure><span class=\"button-title\">Pikaohje Valvomon k\u00e4ytt\u00f6\u00f6n<\/span><\/a><\/div><!-- \/.tile 5536 --><\/div><!-- .tile-wrapper -->\n\n\n\n<p>Valvomosta l\u00f6yd\u00e4t erilaisia TAMKin toimintaan, laatuun ja tuloksellisuuteen liittyvi\u00e4 tilastoja, raportteja ja selvityksi\u00e4. Sivusto on tarkoitettu korkeakoulun henkil\u00f6st\u00f6lle ja opiskelijoille helpottamaan omaa korkeakouluyhteis\u00f6\u00e4 koskevan tiedon l\u00f6yt\u00e4mist\u00e4. Raportit on j\u00e4sennelty sivun yl\u00e4palkista l\u00f6ytyvien teemojen mukaisesti.<\/p>\n\n\n\n<p><a href=\"https:\/\/tuni.sharepoint.com\/:w:\/r\/sites\/TG-raportointitamk\/_layouts\/15\/Doc.aspx?sourcedoc=%7B6636AAE1-00FE-4C1B-BC82-00557E4778C4%7D&amp;file=Valvomon%20raporttien%20kuvaukset.docx&amp;action=default&amp;mobileredirect=true\">Tarkemmat kuvaukset Valvomon raporttien sis\u00e4ll\u00f6st\u00e4, k\u00e4ytt\u00f6oikeuksista, tietojen p\u00e4ivityssyklist\u00e4 sek\u00e4 yll\u00e4pit\u00e4j\u00e4st\u00e4<\/a>.<\/p>\n\n\n\n<p>Valtaosa tiedoista on julkisia TAMKin henkil\u00f6st\u00f6lle ja osa my\u00f6s opiskelijoille, mutta t\u00e4hdell\u00e4* merkittyjen raporttien k\u00e4ytt\u00f6oikeuksia on rajattu ty\u00f6rooliin perustuen. Lis\u00e4ksi osa raporteista avautuu vain henkil\u00f6kuntaverkossa (et\u00e4yhteydell\u00e4 k\u00e4yt\u00e4 VPN-toimintoa).<\/p>\n\n\n\n<p>Eri teemojen raportit avautuvat teeman sis\u00e4ll\u00e4 olevista tiililinkeist\u00e4 aina uuteen v\u00e4lilehteen selaimessa. Kaikki sivuston raportit eiv\u00e4t ole saavutettavia.<\/p>\n\n\n\n<h2 class=\"wp-block-heading\">TUNIreports<\/h2>\n\n\n\n<p>Koko korkeakouluyhteis\u00f6n yleisimm\u00e4t toiminnan julkiset ja ajantasaiset tunnusluvut l\u00f6ytyv\u00e4t koulutukseen, talouteen, projekteihin sek\u00e4 henkil\u00f6st\u00f6\u00f6n liittyen <a href=\"https:\/\/www.tuni.fi\/tunireports\">TUNIreports\u202f-raportointiportaalista<\/a>. Toistaiseksi\u202fportaali\u202fon vain korkeakouluyhteis\u00f6n henkil\u00f6st\u00f6n k\u00e4ytett\u00e4viss\u00e4 sen edellytt\u00e4mist\u00e4 lisenssioikeuksista johtuen.<\/p>\n\n\n\n<p>Palaute sivustosta sek\u00e4 k\u00e4ytt\u00f6oikeuksiin liittyv\u00e4t kysymykset: <a href=\"mailto:analytics@tuni.fi\">laadunhallinta.tamk@tuni.fi<\/a>.<\/p>\n\n\n\n<h2 class=\"wp-block-heading\">Tietosuojailmoitukset<\/h2>\n\n\n\n<p><a href=\"https:\/\/www.tuni.fi\/fi\/tietosuoja\/tietosuojailmoitus-opiskelijat-ja-opiskelijapalvelut\">Tampereen korkeakouluyhteis\u00f6n opiskelijoita koskevien tietojen tietosuojailmoitus<\/a><\/p>\n\n\n\n<p><a href=\"https:\/\/www.tuni.fi\/fi\/tietosuoja\/tampereen-korkeakouluyhteison-yleinen-tietosuojailmoitus\">Tampereen korkeakouluyhteis\u00f6n yleinen tietosuojailmoitus<\/a><\/p>\n\n\n\n<p><a href=\"https:\/\/avop.fi\/privacy_fi.pdf\">AVOP-palautteen tietosuojaseloste (pdf)<\/a><\/p>\n\n\n\n<p><a href=\"https:\/\/wiki.eduuni.fi\/download\/attachments\/54691250\/Tietosuojailmoitus_FI_2021.pdf?version=1&amp;modificationDate=1633692533247&amp;api=v2\">Uraseurantakyselyn tietosuojailmoitus (pdf)<\/a><\/p>\n\n\n\n<p><a href=\"https:\/\/privacy.microsoft.com\/fi-fi\/privacystatement\">Microsoftin tietosuojalauseke<\/a><\/p>\n\n\n\n<p>Sivusto ei k\u00e4yt\u00e4 ev\u00e4steit\u00e4.<\/p>\n\n\n\n<p><\/p>\n\n\n\n<h3 class=\"wp-block-heading\"><a href=\"https:\/\/webpages.tuni.fi\/valvomo\/saavutettavuusseloste\/\" data-type=\"link\" data-id=\"https:\/\/webpages.tuni.fi\/valvomo\/saavutettavuusseloste\/\">Saavutettavuusseloste<\/a><\/h3>\n<div id=\"themify_builder_content-5536\" data-postid=\"5536\" class=\"themify_builder_content themify_builder_content-5536 themify_builder themify_builder_front\">\n\n\t<\/div>\n<!-- \/themify_builder_content -->","protected":false},"excerpt":{"rendered":"<p>Tervetuloa Valvomoon!&nbsp; Valvomosta l\u00f6yd\u00e4t erilaisia TAMKin toimintaan, laatuun ja tuloksellisuuteen liittyvi\u00e4 tilastoja, raportteja ja selvityksi\u00e4. Sivusto on tarkoitettu korkeakoulun henkil\u00f6st\u00f6lle ja opiskelijoille helpottamaan omaa korkeakouluyhteis\u00f6\u00e4 koskevan tiedon l\u00f6yt\u00e4mist\u00e4. Raportit on j\u00e4sennelty sivun yl\u00e4palkista l\u00f6ytyvien teemojen mukaisesti. Tarkemmat kuvaukset Valvomon raporttien sis\u00e4ll\u00f6st\u00e4, k\u00e4ytt\u00f6oikeuksista, tietojen p\u00e4ivityssyklist\u00e4 sek\u00e4 yll\u00e4pit\u00e4j\u00e4st\u00e4. Valtaosa tiedoista on julkisia TAMKin henkil\u00f6st\u00f6lle ja osa my\u00f6s [&hellip;]<\/p>\n","protected":false},"author":8213,"featured_media":0,"parent":0,"menu_order":0,"comment_status":"closed","ping_status":"closed","template":"","meta":{"footnotes":""},"class_list":["post-4818","page","type-page","status-publish","hentry","has-post-title","has-post-date","has-post-category","has-post-tag","has-post-comment","has-post-author"],"_links":{"self":[{"href":"https:\/\/webpages.tuni.fi\/valvomo\/wp-json\/wp\/v2\/pages\/4818","targetHints":{"allow":["GET"]}}],"collection":[{"href":"https:\/\/webpages.tuni.fi\/valvomo\/wp-json\/wp\/v2\/pages"}],"about":[{"href":"https:\/\/webpages.tuni.fi\/valvomo\/wp-json\/wp\/v2\/types\/page"}],"author":[{"embeddable":true,"href":"https:\/\/webpages.tuni.fi\/valvomo\/wp-json\/wp\/v2\/users\/8213"}],"replies":[{"embeddable":true,"href":"https:\/\/webpages.tuni.fi\/valvomo\/wp-json\/wp\/v2\/comments?post=4818"}],"version-history":[{"count":77,"href":"https:\/\/webpages.tuni.fi\/valvomo\/wp-json\/wp\/v2\/pages\/4818\/revisions"}],"predecessor-version":[{"id":5540,"href":"https:\/\/webpages.tuni.fi\/valvomo\/wp-json\/wp\/v2\/pages\/4818\/revisions\/5540"}],"wp:attachment":[{"href":"https:\/\/webpages.tuni.fi\/valvomo\/wp-json\/wp\/v2\/media?parent=4818"}],"curies":[{"name":"wp","href":"https:\/\/api.w.org\/{rel}","templated":true}]}}