{"id":4439,"date":"2017-05-04T09:39:20","date_gmt":"2017-05-04T06:39:20","guid":{"rendered":"http:\/\/valvomo.tamk.fi\/?page_id=4439"},"modified":"2022-03-17T14:32:42","modified_gmt":"2022-03-17T12:32:42","slug":"talous","status":"publish","type":"page","link":"https:\/\/webpages.tuni.fi\/valvomo\/talous\/","title":{"rendered":"Talous"},"content":{"rendered":"<h1>Talous<\/h1>\n<div class=\"loops-wrapper tile-wrapper\"><div id=\"tile-5007\" class=\"tile-post small lime button post-5007 tile type-tile status-publish hentry tile-category-tki tile-category-talous has-post-title has-post-date has-post-category has-post-tag has-post-comment has-post-author\"><a title=\"Projektit (TUNIreports)\" href=\"https:\/\/app.powerbi.com\/groups\/me\/apps\/81875f1b-58af-49de-afab-b178a1e6531c\/reports\/b1224727-dacc-42a8-9f56-b4220c33ecbf\/ReportSection3b275dc9d92809bdd180?ctid=fa6944af-cc7c-4cd8-9154-c01132798910&#038;experience=power-bi\" target=\"_blank\"><figure class=\"button-icon\"><img decoding=\"async\" src=\"https:\/\/valvomo.tamk.fi\/files\/2020\/06\/15.png\" width=\"60\" alt=\"Projektit (TUNIreports)\" \/><\/figure><span class=\"button-title\">Projektit (TUNIreports)<\/span><\/a><\/div><!-- \/.tile 5007 --><div id=\"tile-5006\" class=\"tile-post small orange button post-5006 tile type-tile status-publish hentry tile-category-talous has-post-title has-post-date has-post-category has-post-tag has-post-comment has-post-author\"><a title=\"Ulkoinen rahoitus (TUNIreports)\" href=\"https:\/\/app.powerbi.com\/groups\/me\/apps\/81875f1b-58af-49de-afab-b178a1e6531c\/reports\/75536bce-f307-45c7-b1c8-595a12d5b137\/ReportSection54074d94441e9581a207?ctid=fa6944af-cc7c-4cd8-9154-c01132798910\" target=\"_blank\"><figure class=\"button-icon\"><img decoding=\"async\" src=\"https:\/\/valvomo.tamk.fi\/files\/2020\/06\/38.png\" width=\"50\" alt=\"Ulkoinen rahoitus (TUNIreports)\" \/><\/figure><span class=\"button-title\">Ulkoinen rahoitus (TUNIreports)<\/span><\/a><\/div><!-- \/.tile 5006 --><div id=\"tile-4959\" class=\"tile-post small pink button post-4959 tile type-tile status-publish hentry tile-category-tki tile-category-talous tile-category-henkilosto has-post-title has-post-date has-post-category has-post-tag has-post-comment has-post-author\"><a title=\"Ty\u00f6ajan jakauma (TAS Peppi)\" href=\"https:\/\/app.powerbi.com\/groups\/f9d85971-5442-47b4-b699-1b62d9b15ea5\/reports\/d027d1bf-cecb-4b9d-b258-56920bb866f0?ctid=fa6944af-cc7c-4cd8-9154-c01132798910\" target=\"_blank\"><figure class=\"button-icon\"><img decoding=\"async\" src=\"https:\/\/valvomo.tamk.fi\/files\/2017\/05\/BI_jory_raportti_ikoni.png\" width=\"40\" alt=\"Ty\u00f6ajan jakauma (TAS Peppi)\" \/><\/figure><span class=\"button-title\">Ty\u00f6ajan jakauma (TAS Peppi)<\/span><\/a><\/div><!-- \/.tile 4959 --><div id=\"tile-4685\" class=\"tile-post small orange button post-4685 tile type-tile status-publish hentry tile-category-talous has-post-title has-post-date has-post-category has-post-tag has-post-comment has-post-author\"><a title=\"Tilavarausten jakautuminen\" href=\"https:\/\/ressuanalyysi.tamk.fi\/\" target=\"_blank\"><figure class=\"button-icon\"><img decoding=\"async\" src=\"https:\/\/valvomo.tamk.fi\/files\/2020\/06\/32.png\" width=\"70\" alt=\"Tilavarausten jakautuminen\" \/><\/figure><span class=\"button-title\">Tilavarausten jakautuminen<\/span><\/a><\/div><!-- \/.tile 4685 --><div id=\"tile-5357\" class=\"tile-post small teal button post-5357 tile type-tile status-publish hentry tile-category-talous has-post-title has-post-date has-post-category has-post-tag has-post-comment has-post-author\"><a title=\"Lukuvuosimaksut*\" href=\"https:\/\/tuni.sharepoint.com\/sites\/TG-raportointitamk\/Jaetut%20asiakirjat\/Forms\/AllItems.aspx?id=%2Fsites%2FTG%2Draportointitamk%2FJaetut%20asiakirjat%2FTalous%2FLukuvuosimaksut&#038;viewid=e440b6f0%2D0586%2D44be%2Dbded%2D49799f05e47a&#038;csf=1&#038;web=1&#038;e=zpXNrv&#038;cid=755b11bf%2Dfa59%2D41d2%2D8cd3%2D694a246a684f&#038;FolderCTID=0x01200094A5060BA01B2048AD3DF463BBDD48F2\" target=\"_blank\"><figure class=\"button-icon\"><img decoding=\"async\" src=\"https:\/\/webpages.tuni.fi\/valvomo\/wp-content\/blogs.dir\/312\/files\/2020\/06\/18-50x65.png\" width=\"50\" class=\" wp-image-4775\" title=\"18\" alt=\"Lukuvuosimaksut*\" srcset=\"https:\/\/webpages.tuni.fi\/valvomo\/wp-content\/blogs.dir\/312\/files\/2020\/06\/18-50x65.png 50w, https:\/\/webpages.tuni.fi\/valvomo\/wp-content\/blogs.dir\/312\/files\/2020\/06\/18-228x300.png 228w, https:\/\/webpages.tuni.fi\/valvomo\/wp-content\/blogs.dir\/312\/files\/2020\/06\/18-70x91.png 70w, https:\/\/webpages.tuni.fi\/valvomo\/wp-content\/blogs.dir\/312\/files\/2020\/06\/18.png 492w\" sizes=\"(max-width: 50px) 100vw, 50px\" \/><\/figure><span class=\"button-title\">Lukuvuosimaksut*<\/span><\/a><\/div><!-- \/.tile 5357 --><div id=\"tile-4555\" class=\"tile-post small lime button post-4555 tile type-tile status-publish hentry tile-category-okm tile-category-talous has-post-title has-post-date has-post-category has-post-tag has-post-comment has-post-author\"><a title=\"Ennakointi\/ Osviitta\" href=\"https:\/\/tuni.sharepoint.com\/sites\/TG-raportointitamk\/Jaetut%20asiakirjat\/Forms\/AllItems.aspx?viewid=e440b6f0%2D0586%2D44be%2Dbded%2D49799f05e47a&#038;id=%2Fsites%2FTG%2Draportointitamk%2FJaetut%20asiakirjat%2FEnnakointi\" target=\"_blank\"><figure class=\"button-icon\"><img decoding=\"async\" src=\"https:\/\/webpages.tuni.fi\/valvomo\/wp-content\/blogs.dir\/312\/files\/2017\/05\/BI_ikoni_55op-1-60x51.png\" width=\"60\" class=\" wp-image-4482\" title=\"BI_ikoni_55op 1\" alt=\"Ennakointi\/ Osviitta\" srcset=\"https:\/\/webpages.tuni.fi\/valvomo\/wp-content\/blogs.dir\/312\/files\/2017\/05\/BI_ikoni_55op-1-60x51.png 60w, https:\/\/webpages.tuni.fi\/valvomo\/wp-content\/blogs.dir\/312\/files\/2017\/05\/BI_ikoni_55op-1-70x60.png 70w, https:\/\/webpages.tuni.fi\/valvomo\/wp-content\/blogs.dir\/312\/files\/2017\/05\/BI_ikoni_55op-1-50x43.png 50w, https:\/\/webpages.tuni.fi\/valvomo\/wp-content\/blogs.dir\/312\/files\/2017\/05\/BI_ikoni_55op-1.png 80w\" sizes=\"(max-width: 60px) 100vw, 60px\" \/><\/figure><span class=\"button-title\">Ennakointi\/ Osviitta<\/span><\/a><\/div><!-- \/.tile 4555 --><div id=\"tile-4509\" class=\"tile-post small purple button post-4509 tile type-tile status-publish hentry tile-category-talous tile-category-henkilosto has-post-title has-post-date has-post-category has-post-tag has-post-comment has-post-author\"><a title=\"Peppi-raportit* (VPN)\" href=\"https:\/\/raportit.tamk.fi\/Reports\/browse\/Henkilostopalvelut\" target=\"_blank\"><figure class=\"button-icon\"><img decoding=\"async\" src=\"https:\/\/webpages.tuni.fi\/valvomo\/wp-content\/blogs.dir\/312\/files\/2017\/05\/BI_jory_raportti_ikoni-40x50.png\" width=\"40\" class=\" wp-image-4478\" title=\"BI_jory_raportti_ikoni\" alt=\"Peppi-raportit* (VPN)\" srcset=\"https:\/\/webpages.tuni.fi\/valvomo\/wp-content\/blogs.dir\/312\/files\/2017\/05\/BI_jory_raportti_ikoni-40x50.png 40w, https:\/\/webpages.tuni.fi\/valvomo\/wp-content\/blogs.dir\/312\/files\/2017\/05\/BI_jory_raportti_ikoni-50x62.png 50w, https:\/\/webpages.tuni.fi\/valvomo\/wp-content\/blogs.dir\/312\/files\/2017\/05\/BI_jory_raportti_ikoni-45x56.png 45w, https:\/\/webpages.tuni.fi\/valvomo\/wp-content\/blogs.dir\/312\/files\/2017\/05\/BI_jory_raportti_ikoni.png 60w\" sizes=\"(max-width: 40px) 100vw, 40px\" \/><\/figure><span class=\"button-title\">Peppi-raportit* (VPN)<\/span><\/a><\/div><!-- \/.tile 4509 --><\/div><!-- .tile-wrapper -->\n<p>T\u00e4hdell\u00e4 * merkityiss\u00e4 raporteissa rajattu p\u00e4\u00e4sy ty\u00f6teht\u00e4v\u00e4n mukaan tai p\u00e4\u00e4sy vain henkil\u00f6kuntaverkosta (et\u00e4yhteydell\u00e4 k\u00e4yt\u00e4 VPN-toimintoa).<\/p>\n<p><a href=\"https:\/\/tuni.sharepoint.com\/:w:\/r\/sites\/TG-raportointitamk\/_layouts\/15\/Doc.aspx?sourcedoc=%7B6636AAE1-00FE-4C1B-BC82-00557E4778C4%7D&amp;file=Valvomon%20raporttien%20kuvaukset.docx&amp;action=default&amp;mobileredirect=true\">Tarkemmat kuvaukset Valvomon raporttien sis\u00e4ll\u00f6st\u00e4, k\u00e4ytt\u00f6oikeuksista, tietojen p\u00e4ivityssyklist\u00e4 sek\u00e4 yll\u00e4pit\u00e4j\u00e4st\u00e4<\/a>.<\/p>\n<p>&nbsp;<\/p>\n<p>&nbsp;<\/p>\n<p><a href=\"https:\/\/valvomo.tamk.fi\/\">Tietosuojaselosteet l\u00f6ytyv\u00e4t Info-sivulta<\/a>.<\/p>\n<div id=\"themify_builder_content-4509\" data-postid=\"4509\" class=\"themify_builder_content themify_builder_content-4509 themify_builder themify_builder_front\">\n\n\t<\/div>\n<!-- \/themify_builder_content -->","protected":false},"excerpt":{"rendered":"<p>Talous T\u00e4hdell\u00e4 * merkityiss\u00e4 raporteissa rajattu p\u00e4\u00e4sy ty\u00f6teht\u00e4v\u00e4n mukaan tai p\u00e4\u00e4sy vain henkil\u00f6kuntaverkosta (et\u00e4yhteydell\u00e4 k\u00e4yt\u00e4 VPN-toimintoa). Tarkemmat kuvaukset Valvomon raporttien sis\u00e4ll\u00f6st\u00e4, k\u00e4ytt\u00f6oikeuksista, tietojen p\u00e4ivityssyklist\u00e4 sek\u00e4 yll\u00e4pit\u00e4j\u00e4st\u00e4. &nbsp; &nbsp; Tietosuojaselosteet l\u00f6ytyv\u00e4t Info-sivulta.<\/p>\n","protected":false},"author":8213,"featured_media":0,"parent":0,"menu_order":10,"comment_status":"closed","ping_status":"closed","template":"","meta":{"footnotes":""},"class_list":["post-4439","page","type-page","status-publish","hentry","has-post-title","has-post-date","has-post-category","has-post-tag","has-post-comment","has-post-author"],"_links":{"self":[{"href":"https:\/\/webpages.tuni.fi\/valvomo\/wp-json\/wp\/v2\/pages\/4439","targetHints":{"allow":["GET"]}}],"collection":[{"href":"https:\/\/webpages.tuni.fi\/valvomo\/wp-json\/wp\/v2\/pages"}],"about":[{"href":"https:\/\/webpages.tuni.fi\/valvomo\/wp-json\/wp\/v2\/types\/page"}],"author":[{"embeddable":true,"href":"https:\/\/webpages.tuni.fi\/valvomo\/wp-json\/wp\/v2\/users\/8213"}],"replies":[{"embeddable":true,"href":"https:\/\/webpages.tuni.fi\/valvomo\/wp-json\/wp\/v2\/comments?post=4439"}],"version-history":[{"count":14,"href":"https:\/\/webpages.tuni.fi\/valvomo\/wp-json\/wp\/v2\/pages\/4439\/revisions"}],"predecessor-version":[{"id":5183,"href":"https:\/\/webpages.tuni.fi\/valvomo\/wp-json\/wp\/v2\/pages\/4439\/revisions\/5183"}],"wp:attachment":[{"href":"https:\/\/webpages.tuni.fi\/valvomo\/wp-json\/wp\/v2\/media?parent=4439"}],"curies":[{"name":"wp","href":"https:\/\/api.w.org\/{rel}","templated":true}]}}