{"id":2,"date":"2012-05-02T18:51:41","date_gmt":"2012-05-02T18:51:41","guid":{"rendered":"http:\/\/tmp.blogs.tamk.fi\/?page_id=2"},"modified":"2024-01-24T08:57:19","modified_gmt":"2024-01-24T06:57:19","slug":"palautteet","status":"publish","type":"page","link":"https:\/\/webpages.tuni.fi\/valvomo\/palautteet\/","title":{"rendered":"Palautteet"},"content":{"rendered":"<p><span class=\"TextRun SCXW58102003 BCX8\" lang=\"FI-FI\" xml:lang=\"FI-FI\" data-contrast=\"auto\"><span class=\"NormalTextRun SCXW58102003 BCX8\" data-ccp-parastyle=\"Normal (Web)\">Jaa kehitt\u00e4misehdotuksesi tai kiitoksesi ja kirjoita palautteesi Kehit\u00e4 ja kiit\u00e4! -kanavalle: <\/span><\/span><span class=\"EOP SCXW58102003 BCX8\" data-ccp-props=\"{&quot;134233117&quot;:true,&quot;134233118&quot;:true}\">\u00a0<\/span><\/p>\n<div class=\"loops-wrapper tile-wrapper\"><div id=\"tile-5369\" class=\"tile-post small magenta button post-5369 tile type-tile status-publish hentry tile-category-kehita tile-category-arvioinnit has-post-title has-post-date has-post-category has-post-tag has-post-comment has-post-author\"><a title=\"Kehit\u00e4 ja kiit\u00e4\" href=\"https:\/\/tuni.sharepoint.com\/:w:\/r\/sites\/TG-raportointitamk\/Jaetut%20asiakirjat\/Palautteet\/Kehit%C3%A4%20ja%20kiit%C3%A4\/Kehit%C3%A4%20ja%20kiit%C3%A4%20palautteet%20ja%20vastaukset.docx?d=wdd8ed73e8198439dbd60cc1524d5f102&#038;csf=1&#038;web=1&#038;e=fF4rok\" ><figure class=\"button-icon\"><img decoding=\"async\" src=\"https:\/\/webpages.tuni.fi\/valvomo\/wp-content\/blogs.dir\/312\/files\/2017\/05\/BI_ikoni_55op-1-60x51.png\" width=\"60\" class=\" wp-image-4482\" title=\"BI_ikoni_55op 1\" alt=\"Kehit\u00e4 ja kiit\u00e4\" srcset=\"https:\/\/webpages.tuni.fi\/valvomo\/wp-content\/blogs.dir\/312\/files\/2017\/05\/BI_ikoni_55op-1-60x51.png 60w, https:\/\/webpages.tuni.fi\/valvomo\/wp-content\/blogs.dir\/312\/files\/2017\/05\/BI_ikoni_55op-1-70x60.png 70w, https:\/\/webpages.tuni.fi\/valvomo\/wp-content\/blogs.dir\/312\/files\/2017\/05\/BI_ikoni_55op-1-50x43.png 50w, https:\/\/webpages.tuni.fi\/valvomo\/wp-content\/blogs.dir\/312\/files\/2017\/05\/BI_ikoni_55op-1.png 80w\" sizes=\"(max-width: 60px) 100vw, 60px\" \/><\/figure><span class=\"button-title\">Kehit\u00e4 ja kiit\u00e4<\/span><\/a><\/div><!-- \/.tile 5369 --><\/div><!-- .tile-wrapper -->\n<h2>Opiskelija- ja alumnipalautteet<\/h2>\n<div class=\"loops-wrapper tile-wrapper\"><div id=\"tile-4644\" class=\"tile-post small green button post-4644 tile type-tile status-publish hentry tile-category-palautteet has-post-title has-post-date has-post-category has-post-tag has-post-comment has-post-author\"><a title=\"Yhteenvedot opiskelijapalautteista\" href=\"https:\/\/tuni.sharepoint.com\/:f:\/r\/sites\/TG-raportointitamk\/Jaetut%20asiakirjat\/Palautteet\/Koonti,%20vuosittaiset%20opiskelijapalautteet?csf=1&#038;e=cgyOng\" target=\"_blank\"><figure class=\"button-icon\"><img decoding=\"async\" src=\"https:\/\/webpages.tuni.fi\/valvomo\/wp-content\/blogs.dir\/312\/files\/2017\/05\/BI_ikoni_opiskelijam\u00e4\u00e4r\u00e4t-50x48.png\" width=\"50\" class=\" wp-image-4483\" title=\"BI_ikoni_opiskelijam\u00e4\u00e4r\u00e4t\" alt=\"Yhteenvedot opiskelijapalautteista\" srcset=\"https:\/\/webpages.tuni.fi\/valvomo\/wp-content\/blogs.dir\/312\/files\/2017\/05\/BI_ikoni_opiskelijam\u00e4\u00e4r\u00e4t-50x48.png 50w, https:\/\/webpages.tuni.fi\/valvomo\/wp-content\/blogs.dir\/312\/files\/2017\/05\/BI_ikoni_opiskelijam\u00e4\u00e4r\u00e4t-60x57.png 60w, https:\/\/webpages.tuni.fi\/valvomo\/wp-content\/blogs.dir\/312\/files\/2017\/05\/BI_ikoni_opiskelijam\u00e4\u00e4r\u00e4t-40x38.png 40w, https:\/\/webpages.tuni.fi\/valvomo\/wp-content\/blogs.dir\/312\/files\/2017\/05\/BI_ikoni_opiskelijam\u00e4\u00e4r\u00e4t.png 80w\" sizes=\"(max-width: 50px) 100vw, 50px\" \/><\/figure><span class=\"button-title\">Yhteenvedot opiskelijapalautteista<\/span><\/a><\/div><!-- \/.tile 4644 --><div id=\"tile-4516\" class=\"tile-post small lime button post-4516 tile type-tile status-publish hentry tile-category-palautteet has-post-title has-post-date has-post-category has-post-tag has-post-comment has-post-author\"><a title=\"OJP yhteenveto\" href=\"https:\/\/tuni.sharepoint.com\/:f:\/r\/sites\/TG-raportointitamk\/Jaetut%20asiakirjat\/Palautteet\/OJP?csf=1&#038;web=1&#038;e=pcTuQy\" target=\"_blank\"><figure class=\"button-icon\"><img decoding=\"async\" src=\"https:\/\/valvomo.tamk.fi\/files\/2017\/05\/BI_ikoni_opiskelijam\u00e4\u00e4r\u00e4t.png\" width=\"50\" alt=\"OJP yhteenveto\" \/><\/figure><span class=\"button-title\">OJP yhteenveto<\/span><\/a><\/div><!-- \/.tile 4516 --><div id=\"tile-5293\" class=\"tile-post small purple button post-5293 tile type-tile status-publish hentry tile-category-st_feedback tile-category-palautteet has-post-title has-post-date has-post-category has-post-tag has-post-comment has-post-author\"><a title=\"Talent Boost survey\" href=\"https:\/\/tuni.sharepoint.com\/sites\/TG-raportointitamk\/Jaetut%20asiakirjat\/Forms\/AllItems.aspx?csf=1&#038;web=1&#038;e=zpXNrv&#038;cid=755b11bf%2Dfa59%2D41d2%2D8cd3%2D694a246a684f&#038;FolderCTID=0x01200094A5060BA01B2048AD3DF463BBDD48F2&#038;id=%2Fsites%2FTG%2Draportointitamk%2FJaetut%20asiakirjat%2FPalautteet%2FTalent%20Boost&#038;viewid=e440b6f0%2D0586%2D44be%2Dbded%2D49799f05e47a\" ><figure class=\"button-icon\"><img decoding=\"async\" src=\"https:\/\/webpages.tuni.fi\/valvomo\/wp-content\/blogs.dir\/312\/files\/2020\/06\/42-50x50.png\" width=\"50\" class=\" wp-image-4751\" title=\"42\" alt=\"Talent Boost survey\" srcset=\"https:\/\/webpages.tuni.fi\/valvomo\/wp-content\/blogs.dir\/312\/files\/2020\/06\/42-50x50.png 50w, https:\/\/webpages.tuni.fi\/valvomo\/wp-content\/blogs.dir\/312\/files\/2020\/06\/42-150x150.png 150w, https:\/\/webpages.tuni.fi\/valvomo\/wp-content\/blogs.dir\/312\/files\/2020\/06\/42-300x300.png 300w, https:\/\/webpages.tuni.fi\/valvomo\/wp-content\/blogs.dir\/312\/files\/2020\/06\/42.png 634w\" sizes=\"(max-width: 50px) 100vw, 50px\" \/><\/figure><span class=\"button-title\">Talent Boost survey<\/span><\/a><\/div><!-- \/.tile 5293 --><div id=\"tile-5234\" class=\"tile-post small green button post-5234 tile type-tile status-publish hentry tile-category-palautteet has-post-title has-post-date has-post-category has-post-tag has-post-comment has-post-author\"><a title=\"Opiskelijapalautteen k\u00e4sittely\" href=\"https:\/\/tuni.sharepoint.com\/:u:\/r\/sites\/TG-raportointitamk\/SitePages\/Opiskelijapalautteen-k%C3%A4sittely--.aspx?csf=1&#038;web=1&#038;e=uq8HL2\" target=\"_blank\"><figure class=\"button-icon\"><img decoding=\"async\" src=\"https:\/\/webpages.tuni.fi\/valvomo\/wp-content\/blogs.dir\/312\/files\/2017\/05\/Sharepoint_ikoni_palautteet-50x68.png\" width=\"50\" class=\" wp-image-4480\" title=\"Sharepoint_ikoni_palautteet\" alt=\"Opiskelijapalautteen k\u00e4sittely\" srcset=\"https:\/\/webpages.tuni.fi\/valvomo\/wp-content\/blogs.dir\/312\/files\/2017\/05\/Sharepoint_ikoni_palautteet-50x68.png 50w, https:\/\/webpages.tuni.fi\/valvomo\/wp-content\/blogs.dir\/312\/files\/2017\/05\/Sharepoint_ikoni_palautteet-70x95.png 70w, https:\/\/webpages.tuni.fi\/valvomo\/wp-content\/blogs.dir\/312\/files\/2017\/05\/Sharepoint_ikoni_palautteet.png 60w\" sizes=\"(max-width: 50px) 100vw, 50px\" \/><\/figure><span class=\"button-title\">Opiskelijapalautteen k\u00e4sittely<\/span><\/a><\/div><!-- \/.tile 5234 --><div id=\"tile-4339\" class=\"tile-post small teal button post-4339 tile type-tile status-publish hentry tile-category-palautteet tile-category-valmistuneet has-post-title has-post-date has-post-category has-post-tag has-post-comment has-post-author\"><a title=\"AVOP-palaute\" href=\"https:\/\/tuni.sharepoint.com\/:f:\/r\/sites\/TG-raportointitamk\/Jaetut%20asiakirjat\/Palautteet\/AVOP?csf=1&#038;e=dWKkoB\" target=\"_blank\"><figure class=\"button-icon\"><img decoding=\"async\" src=\"https:\/\/webpages.tuni.fi\/valvomo\/wp-content\/blogs.dir\/312\/files\/2017\/05\/Sharepoint_ikoni_palautteet-50x68.png\" width=\"50\" class=\" wp-image-4480\" title=\"Sharepoint_ikoni_palautteet\" alt=\"AVOP-palaute\" srcset=\"https:\/\/webpages.tuni.fi\/valvomo\/wp-content\/blogs.dir\/312\/files\/2017\/05\/Sharepoint_ikoni_palautteet-50x68.png 50w, https:\/\/webpages.tuni.fi\/valvomo\/wp-content\/blogs.dir\/312\/files\/2017\/05\/Sharepoint_ikoni_palautteet-70x95.png 70w, https:\/\/webpages.tuni.fi\/valvomo\/wp-content\/blogs.dir\/312\/files\/2017\/05\/Sharepoint_ikoni_palautteet.png 60w\" sizes=\"(max-width: 50px) 100vw, 50px\" \/><\/figure><span class=\"button-title\">AVOP-palaute<\/span><\/a><\/div><!-- \/.tile 4339 --><div id=\"tile-4658\" class=\"tile-post small blue button post-4658 tile type-tile status-publish hentry tile-category-vaikuttavuus tile-category-palautteet tile-category-valmistuneet has-post-title has-post-date has-post-category has-post-tag has-post-comment has-post-author\"><a title=\"Uraseuranta (5v valmistumisesta)\" href=\"https:\/\/tuni.sharepoint.com\/sites\/TG-raportointitamk\/Jaetut%20asiakirjat\/Forms\/AllItems.aspx?newTargetListUrl=%2Fsites%2FTG%2Draportointitamk%2FJaetut%20asiakirjat&#038;viewpath=%2Fsites%2FTG%2Draportointitamk%2FJaetut%20asiakirjat%2FForms%2FAllItems%2Easpx&#038;viewid=e440b6f0%2D0586%2D44be%2Dbded%2D49799f05e47a&#038;id=%2Fsites%2FTG%2Draportointitamk%2FJaetut%20asiakirjat%2FPalautteet%2FUraseuranta\" target=\"_blank\"><figure class=\"button-icon\"><img decoding=\"async\" src=\"https:\/\/webpages.tuni.fi\/valvomo\/wp-content\/blogs.dir\/312\/files\/2017\/05\/Sharepoint_ikoni_palautteet-50x68.png\" width=\"50\" class=\" wp-image-4480\" title=\"Sharepoint_ikoni_palautteet\" alt=\"Uraseuranta (5v valmistumisesta)\" srcset=\"https:\/\/webpages.tuni.fi\/valvomo\/wp-content\/blogs.dir\/312\/files\/2017\/05\/Sharepoint_ikoni_palautteet-50x68.png 50w, https:\/\/webpages.tuni.fi\/valvomo\/wp-content\/blogs.dir\/312\/files\/2017\/05\/Sharepoint_ikoni_palautteet-70x95.png 70w, https:\/\/webpages.tuni.fi\/valvomo\/wp-content\/blogs.dir\/312\/files\/2017\/05\/Sharepoint_ikoni_palautteet.png 60w\" sizes=\"(max-width: 50px) 100vw, 50px\" \/><\/figure><span class=\"button-title\">Uraseuranta (5v valmistumisesta)<\/span><\/a><\/div><!-- \/.tile 4658 --><div id=\"tile-4576\" class=\"tile-post small magenta button post-4576 tile type-tile status-publish hentry tile-category-palautteet has-post-title has-post-date has-post-category has-post-tag has-post-comment has-post-author\"><a title=\"Uuden opiskelijan palaute\" href=\"https:\/\/tuni.sharepoint.com\/:f:\/r\/sites\/TG-raportointitamk\/Jaetut%20asiakirjat\/Palautteet\/Uuden%20opiskelijan%20palaute?csf=1&#038;e=OA5bPZ\" target=\"_blank\"><figure class=\"button-icon\"><img decoding=\"async\" src=\"https:\/\/webpages.tuni.fi\/valvomo\/wp-content\/blogs.dir\/312\/files\/2017\/05\/Sharepoint_ikoni_palautteet-50x68.png\" width=\"50\" class=\" wp-image-4480\" title=\"Sharepoint_ikoni_palautteet\" alt=\"Uuden opiskelijan palaute\" srcset=\"https:\/\/webpages.tuni.fi\/valvomo\/wp-content\/blogs.dir\/312\/files\/2017\/05\/Sharepoint_ikoni_palautteet-50x68.png 50w, https:\/\/webpages.tuni.fi\/valvomo\/wp-content\/blogs.dir\/312\/files\/2017\/05\/Sharepoint_ikoni_palautteet-70x95.png 70w, https:\/\/webpages.tuni.fi\/valvomo\/wp-content\/blogs.dir\/312\/files\/2017\/05\/Sharepoint_ikoni_palautteet.png 60w\" sizes=\"(max-width: 50px) 100vw, 50px\" \/><\/figure><span class=\"button-title\">Uuden opiskelijan palaute<\/span><\/a><\/div><!-- \/.tile 4576 --><div id=\"tile-20\" class=\"tile-post small blue button post-20 tile type-tile status-publish hentry tile-category-palautteet has-post-title has-post-date has-post-category has-post-tag has-post-comment has-post-author\"><a title=\"Vuosipalaute\" href=\"https:\/\/tuni.sharepoint.com\/:f:\/r\/sites\/TG-raportointitamk\/Jaetut%20asiakirjat\/Palautteet\/Vuosipalautteet?csf=1&#038;e=kYSpo4\" target=\"_blank\"><figure class=\"button-icon\"><img decoding=\"async\" src=\"https:\/\/webpages.tuni.fi\/valvomo\/wp-content\/blogs.dir\/312\/files\/2017\/05\/Sharepoint_ikoni_palautteet-50x68.png\" width=\"50\" class=\" wp-image-4480\" title=\"Sharepoint_ikoni_palautteet\" alt=\"Vuosipalaute\" srcset=\"https:\/\/webpages.tuni.fi\/valvomo\/wp-content\/blogs.dir\/312\/files\/2017\/05\/Sharepoint_ikoni_palautteet-50x68.png 50w, https:\/\/webpages.tuni.fi\/valvomo\/wp-content\/blogs.dir\/312\/files\/2017\/05\/Sharepoint_ikoni_palautteet-70x95.png 70w, https:\/\/webpages.tuni.fi\/valvomo\/wp-content\/blogs.dir\/312\/files\/2017\/05\/Sharepoint_ikoni_palautteet.png 60w\" sizes=\"(max-width: 50px) 100vw, 50px\" \/><\/figure><span class=\"button-title\">Vuosipalaute<\/span><\/a><\/div><!-- \/.tile 20 --><div id=\"tile-4455\" class=\"tile-post small orange button post-4455 tile type-tile status-publish hentry tile-category-palautteet has-post-title has-post-date has-post-category has-post-tag has-post-comment has-post-author\"><a title=\"YAMK-palaute\" href=\"https:\/\/tuni.sharepoint.com\/:f:\/r\/sites\/TG-raportointitamk\/Jaetut%20asiakirjat\/Palautteet\/YAMK-palaute?csf=1&#038;e=5K9tQG\" target=\"_blank\"><figure class=\"button-icon\"><img decoding=\"async\" src=\"https:\/\/webpages.tuni.fi\/valvomo\/wp-content\/blogs.dir\/312\/files\/2017\/05\/Sharepoint_ikoni_palautteet-50x68.png\" width=\"50\" class=\" wp-image-4480\" title=\"Sharepoint_ikoni_palautteet\" alt=\"YAMK-palaute\" srcset=\"https:\/\/webpages.tuni.fi\/valvomo\/wp-content\/blogs.dir\/312\/files\/2017\/05\/Sharepoint_ikoni_palautteet-50x68.png 50w, https:\/\/webpages.tuni.fi\/valvomo\/wp-content\/blogs.dir\/312\/files\/2017\/05\/Sharepoint_ikoni_palautteet-70x95.png 70w, https:\/\/webpages.tuni.fi\/valvomo\/wp-content\/blogs.dir\/312\/files\/2017\/05\/Sharepoint_ikoni_palautteet.png 60w\" sizes=\"(max-width: 50px) 100vw, 50px\" \/><\/figure><span class=\"button-title\">YAMK-palaute<\/span><\/a><\/div><!-- \/.tile 4455 --><div id=\"tile-5263\" class=\"tile-post small magenta button post-5263 tile type-tile status-publish hentry tile-category-palautteet has-post-title has-post-date has-post-category has-post-tag has-post-comment has-post-author\"><a title=\"Opintojen ohjaus ja suunnittelu\" href=\"https:\/\/tuni.sharepoint.com\/:f:\/s\/TG-raportointitamk\/EiYXUeH3nKRNjQTnr8iZsmwBz6MfgwGn3sckl8adIGv9WA?e=sfe0SW\" target=\"_blank\"><figure class=\"button-icon\"><img decoding=\"async\" src=\"https:\/\/webpages.tuni.fi\/valvomo\/wp-content\/blogs.dir\/312\/files\/2017\/05\/Sharepoint_ikoni_palautteet-50x68.png\" width=\"50\" class=\" wp-image-4480\" title=\"Sharepoint_ikoni_palautteet\" alt=\"Opintojen ohjaus ja suunnittelu\" srcset=\"https:\/\/webpages.tuni.fi\/valvomo\/wp-content\/blogs.dir\/312\/files\/2017\/05\/Sharepoint_ikoni_palautteet-50x68.png 50w, https:\/\/webpages.tuni.fi\/valvomo\/wp-content\/blogs.dir\/312\/files\/2017\/05\/Sharepoint_ikoni_palautteet-70x95.png 70w, https:\/\/webpages.tuni.fi\/valvomo\/wp-content\/blogs.dir\/312\/files\/2017\/05\/Sharepoint_ikoni_palautteet.png 60w\" sizes=\"(max-width: 50px) 100vw, 50px\" \/><\/figure><span class=\"button-title\">Opintojen ohjaus ja suunnittelu<\/span><\/a><\/div><!-- \/.tile 5263 --><div id=\"tile-4722\" class=\"tile-post small default button post-4722 tile type-tile status-publish hentry tile-category-palautteet has-post-title has-post-date has-post-category has-post-tag has-post-comment has-post-author\"><a title=\"Ammatillinen opettajankoulutus\" href=\"https:\/\/tuni.sharepoint.com\/:f:\/r\/sites\/TG-raportointitamk\/Jaetut%20asiakirjat\/Palautteet\/Ammatillinen%20opettajankoulutus?csf=1&#038;web=1&#038;e=8QtRDL)\" target=\"_blank\"><figure class=\"button-icon\"><img decoding=\"async\" src=\"https:\/\/valvomo.tamk.fi\/files\/2020\/06\/39.png\" width=\"60\" alt=\"Ammatillinen opettajankoulutus\" \/><\/figure><span class=\"button-title\">Ammatillinen opettajankoulutus<\/span><\/a><\/div><!-- \/.tile 4722 --><div id=\"tile-5078\" class=\"tile-post small pink button post-5078 tile type-tile status-publish hentry tile-category-jop tile-category-palautteet has-post-title has-post-date has-post-category has-post-tag has-post-comment has-post-author\"><a title=\"T\u00e4ydennyskoulutus palaute\" href=\"https:\/\/tuni.sharepoint.com\/sites\/TG-raportointitamk\/Jaetut%20asiakirjat\/Forms\/AllItems.aspx?id=%2Fsites%2FTG%2Draportointitamk%2FJaetut%20asiakirjat%2FPalautteet%2FT%C3%A4ydennyskoulutuspalaute&#038;viewid=e440b6f0%2D0586%2D44be%2Dbded%2D49799f05e47a&#038;csf=1&#038;web=1&#038;e=zpXNrv&#038;cid=755b11bf%2Dfa59%2D41d2%2D8cd3%2D694a246a684f&#038;FolderCTID=0x01200094A5060BA01B2048AD3DF463BBDD48F2\" target=\"_blank\"><figure class=\"button-icon\"><img decoding=\"async\" src=\"https:\/\/webpages.tuni.fi\/valvomo\/wp-content\/blogs.dir\/312\/files\/2020\/06\/8-60x60.png\" width=\"60\" class=\" wp-image-4785\" title=\"8\" alt=\"T\u00e4ydennyskoulutus palaute\" srcset=\"https:\/\/webpages.tuni.fi\/valvomo\/wp-content\/blogs.dir\/312\/files\/2020\/06\/8-60x60.png 60w, https:\/\/webpages.tuni.fi\/valvomo\/wp-content\/blogs.dir\/312\/files\/2020\/06\/8-150x150.png 150w, https:\/\/webpages.tuni.fi\/valvomo\/wp-content\/blogs.dir\/312\/files\/2020\/06\/8-296x300.png 296w, https:\/\/webpages.tuni.fi\/valvomo\/wp-content\/blogs.dir\/312\/files\/2020\/06\/8-50x50.png 50w, https:\/\/webpages.tuni.fi\/valvomo\/wp-content\/blogs.dir\/312\/files\/2020\/06\/8.png 568w\" sizes=\"(max-width: 60px) 100vw, 60px\" \/><\/figure><span class=\"button-title\">T\u00e4ydennyskoulutus palaute<\/span><\/a><\/div><!-- \/.tile 5078 --><div id=\"tile-5247\" class=\"tile-post small green button post-5247 tile type-tile status-publish hentry tile-category-palautteet has-post-title has-post-date has-post-category has-post-tag has-post-comment has-post-author\"><a title=\"Muut opiskelijapalautteet\" href=\"https:\/\/tuni.sharepoint.com\/:f:\/r\/sites\/TG-raportointitamk\/Jaetut%20asiakirjat\/Palautteet\/Muut%20palautteet?csf=1&#038;web=1&#038;e=zpXNrv\" target=\"_blank\"><figure class=\"button-icon\"><img decoding=\"async\" src=\"https:\/\/webpages.tuni.fi\/valvomo\/wp-content\/blogs.dir\/312\/files\/2020\/06\/16-50x59.png\" width=\"50\" class=\" wp-image-4777\" title=\"16\" alt=\"Muut opiskelijapalautteet\" srcset=\"https:\/\/webpages.tuni.fi\/valvomo\/wp-content\/blogs.dir\/312\/files\/2020\/06\/16-50x59.png 50w, https:\/\/webpages.tuni.fi\/valvomo\/wp-content\/blogs.dir\/312\/files\/2020\/06\/16-254x300.png 254w, https:\/\/webpages.tuni.fi\/valvomo\/wp-content\/blogs.dir\/312\/files\/2020\/06\/16.png 508w\" sizes=\"(max-width: 50px) 100vw, 50px\" \/><\/figure><span class=\"button-title\">Muut opiskelijapalautteet<\/span><\/a><\/div><!-- \/.tile 5247 --><div id=\"tile-5523\" class=\"tile-post small teal button post-5523 tile type-tile status-publish hentry tile-category-palautteet has-post-title has-post-date has-post-category has-post-tag has-post-comment has-post-author\"><a title=\"Alumnikysely\" href=\"https:\/\/tuni.sharepoint.com\/sites\/TG-raportointitamk\/Jaetut%20asiakirjat\/Forms\/AllItems.aspx?csf=1&#038;web=1&#038;e=zpXNrv&#038;cid=755b11bf%2Dfa59%2D41d2%2D8cd3%2D694a246a684f&#038;FolderCTID=0x01200094A5060BA01B2048AD3DF463BBDD48F2&#038;id=%2Fsites%2FTG%2Draportointitamk%2FJaetut%20asiakirjat%2FPalautteet%2FSidosryhm%C3%A4palaute%2FAlumnit%5Fty%C3%B6el%C3%A4m%C3%A4kyselyn%20tulokset%202024%2Epdf&#038;viewid=e440b6f0%2D0586%2D44be%2Dbded%2D49799f05e47a&#038;parent=%2Fsites%2FTG%2Draportointitamk%2FJaetut%20asiakirjat%2FPalautteet%2FSidosryhm%C3%A4palaute\" ><figure class=\"button-icon\"><img decoding=\"async\" src=\"https:\/\/webpages.tuni.fi\/valvomo\/wp-content\/blogs.dir\/312\/files\/2020\/06\/35-60x36.png\" width=\"60\" class=\" wp-image-4758\" title=\"35\" alt=\"Alumnikysely\" srcset=\"https:\/\/webpages.tuni.fi\/valvomo\/wp-content\/blogs.dir\/312\/files\/2020\/06\/35-60x36.png 60w, https:\/\/webpages.tuni.fi\/valvomo\/wp-content\/blogs.dir\/312\/files\/2020\/06\/35-300x181.png 300w, https:\/\/webpages.tuni.fi\/valvomo\/wp-content\/blogs.dir\/312\/files\/2020\/06\/35-50x30.png 50w, https:\/\/webpages.tuni.fi\/valvomo\/wp-content\/blogs.dir\/312\/files\/2020\/06\/35-70x42.png 70w, https:\/\/webpages.tuni.fi\/valvomo\/wp-content\/blogs.dir\/312\/files\/2020\/06\/35.png 522w\" sizes=\"(max-width: 60px) 100vw, 60px\" \/><\/figure><span class=\"button-title\">Alumnikysely<\/span><\/a><\/div><!-- \/.tile 5523 --><\/div><!-- .tile-wrapper -->\n<h2>Henkil\u00f6st\u00f6- ja sidosryhm\u00e4palautteet<\/h2>\n<div class=\"loops-wrapper tile-wrapper\"><div id=\"tile-5037\" class=\"tile-post small purple button post-5037 tile type-tile status-publish hentry tile-category-vaikuttavuus tile-category-hspalaute has-post-title has-post-date has-post-category has-post-tag has-post-comment has-post-author\"><a title=\"Sidosryhm\u00e4palaute\" href=\"https:\/\/tuni.sharepoint.com\/sites\/TG-raportointitamk\/Jaetut%20asiakirjat\/Forms\/AllItems.aspx?csf=1&#038;e=cgyOng&#038;cid=c72903c6%2D5557%2D40f0%2Dab01%2D51f5a83dcbc3&#038;FolderCTID=0x01200094A5060BA01B2048AD3DF463BBDD48F2&#038;viewid=e440b6f0%2D0586%2D44be%2Dbded%2D49799f05e47a&#038;id=%2Fsites%2FTG%2Draportointitamk%2FJaetut%20asiakirjat%2FPalautteet%2FSidosryhm%C3%A4palaute\" target=\"_blank\"><figure class=\"button-icon\"><img decoding=\"async\" src=\"https:\/\/valvomo.tamk.fi\/files\/2020\/06\/35.png\" width=\"70\" alt=\"Sidosryhm\u00e4palaute\" \/><\/figure><span class=\"button-title\">Sidosryhm\u00e4palaute<\/span><\/a><\/div><!-- \/.tile 5037 --><div id=\"tile-5035\" class=\"tile-post small lime button post-5035 tile type-tile status-publish hentry tile-category-hspalaute tile-category-arvioinnit has-post-title has-post-date has-post-category has-post-tag has-post-comment has-post-author\"><a title=\"Palvelujen palaute\" href=\"https:\/\/tuni.sharepoint.com\/:f:\/r\/sites\/TG-raportointitamk\/Jaetut%20asiakirjat\/Palautteet\/Muut%20palautteet\/TUNI-palveluiden%20palaute?csf=1&#038;web=1&#038;e=Uhn6B7\" target=\"_blank\"><figure class=\"button-icon\"><img decoding=\"async\" src=\"https:\/\/valvomo.tamk.fi\/files\/2020\/06\/8.png\" width=\"60\" alt=\"Palvelujen palaute\" \/><\/figure><span class=\"button-title\">Palvelujen palaute<\/span><\/a><\/div><!-- \/.tile 5035 --><div id=\"tile-4713\" class=\"tile-post small orange button post-4713 tile type-tile status-publish hentry tile-category-hspalaute tile-category-arvioinnit has-post-title has-post-date has-post-category has-post-tag has-post-comment has-post-author\"><a title=\"Henkil\u00f6st\u00f6palaute\" href=\"https:\/\/tuni.sharepoint.com\/:f:\/r\/sites\/TG-raportointitamk\/Jaetut%20asiakirjat\/Henkil%C3%B6st%C3%B6\/Henkil%C3%B6st%C3%B6tutkimukset?csf=1&#038;e=WfYJfp\" target=\"_blank\"><figure class=\"button-icon\"><img decoding=\"async\" src=\"https:\/\/webpages.tuni.fi\/valvomo\/wp-content\/blogs.dir\/312\/files\/2017\/05\/BI_ikoni_opiskelijam\u00e4\u00e4r\u00e4t-60x57.png\" width=\"60\" class=\" wp-image-4483\" title=\"BI_ikoni_opiskelijam\u00e4\u00e4r\u00e4t\" alt=\"Henkil\u00f6st\u00f6palaute\" srcset=\"https:\/\/webpages.tuni.fi\/valvomo\/wp-content\/blogs.dir\/312\/files\/2017\/05\/BI_ikoni_opiskelijam\u00e4\u00e4r\u00e4t-60x57.png 60w, https:\/\/webpages.tuni.fi\/valvomo\/wp-content\/blogs.dir\/312\/files\/2017\/05\/BI_ikoni_opiskelijam\u00e4\u00e4r\u00e4t-50x48.png 50w, https:\/\/webpages.tuni.fi\/valvomo\/wp-content\/blogs.dir\/312\/files\/2017\/05\/BI_ikoni_opiskelijam\u00e4\u00e4r\u00e4t-40x38.png 40w, https:\/\/webpages.tuni.fi\/valvomo\/wp-content\/blogs.dir\/312\/files\/2017\/05\/BI_ikoni_opiskelijam\u00e4\u00e4r\u00e4t.png 80w\" sizes=\"(max-width: 60px) 100vw, 60px\" \/><\/figure><span class=\"button-title\">Henkil\u00f6st\u00f6palaute<\/span><\/a><\/div><!-- \/.tile 4713 --><\/div><!-- .tile-wrapper -->\n<p>T\u00e4hdell\u00e4 * merkityiss\u00e4 raporteissa rajattu p\u00e4\u00e4sy ty\u00f6teht\u00e4v\u00e4n mukaan tai p\u00e4\u00e4sy vain henkil\u00f6kuntaverkosta (et\u00e4yhteydell\u00e4 k\u00e4yt\u00e4 VPN-toimintoa).<\/p>\n<p><a href=\"https:\/\/tuni.sharepoint.com\/:w:\/r\/sites\/TG-raportointitamk\/_layouts\/15\/Doc.aspx?sourcedoc=%7B6636AAE1-00FE-4C1B-BC82-00557E4778C4%7D&amp;file=Valvomon%20raporttien%20kuvaukset.docx&amp;action=default&amp;mobileredirect=true&amp;cid=81794d01-20a5-4d1c-bc1d-777b7f273508\">Tarkemmat kuvaukset Valvomon raporttien sis\u00e4ll\u00f6st\u00e4, k\u00e4ytt\u00f6oikeuksista, tietojen p\u00e4ivityssyklist\u00e4 sek\u00e4 yll\u00e4pit\u00e4j\u00e4st\u00e4<\/a><\/p>\n<p><a href=\"https:\/\/valvomo.tamk.fi\/\">Tietosuojaselosteet l\u00f6ytyv\u00e4t Info-sivulta<\/a>.<\/p>\n<div id=\"themify_builder_content-4713\" data-postid=\"4713\" class=\"themify_builder_content themify_builder_content-4713 themify_builder themify_builder_front\">\n\n\t<\/div>\n<!-- \/themify_builder_content -->","protected":false},"excerpt":{"rendered":"<p>Jaa kehitt\u00e4misehdotuksesi tai kiitoksesi ja kirjoita palautteesi Kehit\u00e4 ja kiit\u00e4! -kanavalle: \u00a0 Opiskelija- ja alumnipalautteet Henkil\u00f6st\u00f6- ja sidosryhm\u00e4palautteet T\u00e4hdell\u00e4 * merkityiss\u00e4 raporteissa rajattu p\u00e4\u00e4sy ty\u00f6teht\u00e4v\u00e4n mukaan tai p\u00e4\u00e4sy vain henkil\u00f6kuntaverkosta (et\u00e4yhteydell\u00e4 k\u00e4yt\u00e4 VPN-toimintoa). Tarkemmat kuvaukset Valvomon raporttien sis\u00e4ll\u00f6st\u00e4, k\u00e4ytt\u00f6oikeuksista, tietojen p\u00e4ivityssyklist\u00e4 sek\u00e4 yll\u00e4pit\u00e4j\u00e4st\u00e4 Tietosuojaselosteet l\u00f6ytyv\u00e4t Info-sivulta.<\/p>\n","protected":false},"author":1,"featured_media":0,"parent":0,"menu_order":5,"comment_status":"closed","ping_status":"closed","template":"","meta":{"footnotes":""},"class_list":["post-2","page","type-page","status-publish","hentry","has-post-title","has-post-date","has-post-category","has-post-tag","has-post-comment","has-post-author"],"_links":{"self":[{"href":"https:\/\/webpages.tuni.fi\/valvomo\/wp-json\/wp\/v2\/pages\/2","targetHints":{"allow":["GET"]}}],"collection":[{"href":"https:\/\/webpages.tuni.fi\/valvomo\/wp-json\/wp\/v2\/pages"}],"about":[{"href":"https:\/\/webpages.tuni.fi\/valvomo\/wp-json\/wp\/v2\/types\/page"}],"author":[{"embeddable":true,"href":"https:\/\/webpages.tuni.fi\/valvomo\/wp-json\/wp\/v2\/users\/1"}],"replies":[{"embeddable":true,"href":"https:\/\/webpages.tuni.fi\/valvomo\/wp-json\/wp\/v2\/comments?post=2"}],"version-history":[{"count":41,"href":"https:\/\/webpages.tuni.fi\/valvomo\/wp-json\/wp\/v2\/pages\/2\/revisions"}],"predecessor-version":[{"id":5489,"href":"https:\/\/webpages.tuni.fi\/valvomo\/wp-json\/wp\/v2\/pages\/2\/revisions\/5489"}],"wp:attachment":[{"href":"https:\/\/webpages.tuni.fi\/valvomo\/wp-json\/wp\/v2\/media?parent=2"}],"curies":[{"name":"wp","href":"https:\/\/api.w.org\/{rel}","templated":true}]}}