{"id":16155,"date":"2025-10-31T13:56:20","date_gmt":"2025-10-31T11:56:20","guid":{"rendered":"https:\/\/webpages.tuni.fi\/perheinfo\/?page_id=16155"},"modified":"2025-11-06T14:39:16","modified_gmt":"2025-11-06T12:39:16","slug":"tietosuoja","status":"publish","type":"page","link":"https:\/\/webpages.tuni.fi\/perheinfo\/tietosuoja\/","title":{"rendered":"Tietosuoja"},"content":{"rendered":"\t\t<div data-elementor-type=\"wp-page\" data-elementor-id=\"16155\" class=\"elementor elementor-16155\">\n\t\t\t\t<div class=\"elementor-element elementor-element-653ec80 e-con-full e-flex e-con e-child\" data-id=\"653ec80\" data-element_type=\"container\" data-e-type=\"container\" data-settings=\"{&quot;shape_divider_bottom&quot;:&quot;waves&quot;,&quot;background_background&quot;:&quot;gradient&quot;}\">\n\t\t\t\t<div class=\"elementor-shape elementor-shape-bottom\" aria-hidden=\"true\" data-negative=\"false\">\n\t\t\t<svg xmlns=\"http:\/\/www.w3.org\/2000\/svg\" viewBox=\"0 0 1000 100\" preserveAspectRatio=\"none\">\n\t<path class=\"elementor-shape-fill\" d=\"M421.9,6.5c22.6-2.5,51.5,0.4,75.5,5.3c23.6,4.9,70.9,23.5,100.5,35.7c75.8,32.2,133.7,44.5,192.6,49.7\n\tc23.6,2.1,48.7,3.5,103.4-2.5c54.7-6,106.2-25.6,106.2-25.6V0H0v30.3c0,0,72,32.6,158.4,30.5c39.2-0.7,92.8-6.7,134-22.4\n\tc21.2-8.1,52.2-18.2,79.7-24.2C399.3,7.9,411.6,7.5,421.9,6.5z\"\/>\n<\/svg>\t\t<\/div>\n\t\t<div class=\"elementor-element elementor-element-9ad2677 e-con-full e-flex e-con e-child\" data-id=\"9ad2677\" data-element_type=\"container\" data-e-type=\"container\">\n\t\t\t\t<div class=\"elementor-element elementor-element-10cbd80 elementor-widget elementor-widget-spacer\" data-id=\"10cbd80\" data-element_type=\"widget\" data-e-type=\"widget\" data-widget_type=\"spacer.default\">\n\t\t\t\t<div class=\"elementor-widget-container\">\n\t\t\t\t\t\t\t<div class=\"elementor-spacer\">\n\t\t\t<div class=\"elementor-spacer-inner\"><\/div>\n\t\t<\/div>\n\t\t\t\t\t\t<\/div>\n\t\t\t\t<\/div>\n\t\t<div class=\"elementor-element elementor-element-a3787f5 e-con-full e-flex e-con e-child\" data-id=\"a3787f5\" data-element_type=\"container\" data-e-type=\"container\" data-settings=\"{&quot;background_background&quot;:&quot;classic&quot;}\">\n\t\t\t\t<div class=\"elementor-element elementor-element-752877a elementor-widget-mobile__width-inherit elementor-widget__width-initial elementor-widget elementor-widget-heading\" data-id=\"752877a\" data-element_type=\"widget\" data-e-type=\"widget\" data-widget_type=\"heading.default\">\n\t\t\t\t<div class=\"elementor-widget-container\">\n\t\t\t\t\t<h1 class=\"elementor-heading-title elementor-size-default\">Tietosuojaseloste<\/h1>\t\t\t\t<\/div>\n\t\t\t\t<\/div>\n\t\t\t\t<div class=\"elementor-element elementor-element-4730942 elementor-widget elementor-widget-spacer\" data-id=\"4730942\" data-element_type=\"widget\" data-e-type=\"widget\" data-widget_type=\"spacer.default\">\n\t\t\t\t<div class=\"elementor-widget-container\">\n\t\t\t\t\t\t\t<div class=\"elementor-spacer\">\n\t\t\t<div class=\"elementor-spacer-inner\"><\/div>\n\t\t<\/div>\n\t\t\t\t\t\t<\/div>\n\t\t\t\t<\/div>\n\t\t\t\t<div class=\"elementor-element elementor-element-e5cac97 elementor-widget elementor-widget-heading\" data-id=\"e5cac97\" data-element_type=\"widget\" data-e-type=\"widget\" data-widget_type=\"heading.default\">\n\t\t\t\t<div class=\"elementor-widget-container\">\n\t\t\t\t\t<h2 class=\"elementor-heading-title elementor-size-default\">1. Rekisterinpit\u00e4j\u00e4 <\/h2>\t\t\t\t<\/div>\n\t\t\t\t<\/div>\n\t\t\t\t<div class=\"elementor-element elementor-element-99c7b58 elementor-widget-mobile__width-initial elementor-widget elementor-widget-text-editor\" data-id=\"99c7b58\" data-element_type=\"widget\" data-e-type=\"widget\" data-widget_type=\"text-editor.default\">\n\t\t\t\t<div class=\"elementor-widget-container\">\n\t\t\t\t\t\t\t\t\t<p><span class=\"TextRun SCXW153024298 BCX8\" lang=\"FI-FI\" xml:lang=\"FI-FI\" data-contrast=\"auto\"><span class=\"NormalTextRun SCXW153024298 BCX8\">Tampereen ammattikorkeakoulu \/ Niitty 2 -hanke<\/span><\/span><span class=\"LineBreakBlob BlobObject DragDrop SCXW153024298 BCX8\"><span class=\"SCXW153024298 BCX8\">\u00a0<\/span><br class=\"SCXW153024298 BCX8\" \/><\/span><span class=\"TextRun SCXW153024298 BCX8\" lang=\"FI-FI\" xml:lang=\"FI-FI\" data-contrast=\"auto\"><span class=\"NormalTextRun SCXW153024298 BCX8\">Kuntokatu<\/span> <span class=\"NormalTextRun SCXW153024298 BCX8\">3<\/span><span class=\"NormalTextRun SCXW153024298 BCX8\">, <\/span><span class=\"NormalTextRun SCXW153024298 BCX8\">33520<\/span><span class=\"NormalTextRun SCXW153024298 BCX8\"> Tampere<\/span><\/span><span class=\"LineBreakBlob BlobObject DragDrop SCXW153024298 BCX8\"><span class=\"SCXW153024298 BCX8\">\u00a0<\/span><br class=\"SCXW153024298 BCX8\" \/><\/span><span class=\"TextRun SCXW153024298 BCX8\" lang=\"FI-FI\" xml:lang=\"FI-FI\" data-contrast=\"auto\"><span class=\"NormalTextRun SCXW153024298 BCX8\">Y-tunnus: <\/span><span class=\"NormalTextRun SCXW153024298 BCX8\">1015428-1<\/span><\/span><span class=\"LineBreakBlob BlobObject DragDrop SCXW153024298 BCX8\"><span class=\"SCXW153024298 BCX8\">\u00a0<\/span><br class=\"SCXW153024298 BCX8\" \/><\/span><span class=\"TextRun SCXW153024298 BCX8\" lang=\"FI-FI\" xml:lang=\"FI-FI\" data-contrast=\"auto\"><span class=\"NormalTextRun SCXW153024298 BCX8\">S\u00e4hk\u00f6posti: <\/span><span class=\"NormalTextRun SpellingErrorV2Themed SCXW153024298 BCX8\">anna.aikasalo<\/span><span class=\"NormalTextRun SCXW153024298 BCX8\"> (at) tuni.fi<\/span><\/span><\/p>\t\t\t\t\t\t\t\t<\/div>\n\t\t\t\t<\/div>\n\t\t\t\t<div class=\"elementor-element elementor-element-2463544 elementor-widget elementor-widget-spacer\" data-id=\"2463544\" data-element_type=\"widget\" data-e-type=\"widget\" data-widget_type=\"spacer.default\">\n\t\t\t\t<div class=\"elementor-widget-container\">\n\t\t\t\t\t\t\t<div class=\"elementor-spacer\">\n\t\t\t<div class=\"elementor-spacer-inner\"><\/div>\n\t\t<\/div>\n\t\t\t\t\t\t<\/div>\n\t\t\t\t<\/div>\n\t\t\t\t<div class=\"elementor-element elementor-element-d15472e elementor-widget elementor-widget-heading\" data-id=\"d15472e\" data-element_type=\"widget\" data-e-type=\"widget\" data-widget_type=\"heading.default\">\n\t\t\t\t<div class=\"elementor-widget-container\">\n\t\t\t\t\t<h2 class=\"elementor-heading-title elementor-size-default\">2. Henkil\u00f6tietojen k\u00e4sittely<\/h2>\t\t\t\t<\/div>\n\t\t\t\t<\/div>\n\t\t\t\t<div class=\"elementor-element elementor-element-271abf7 elementor-widget-mobile__width-initial elementor-widget elementor-widget-text-editor\" data-id=\"271abf7\" data-element_type=\"widget\" data-e-type=\"widget\" data-widget_type=\"text-editor.default\">\n\t\t\t\t<div class=\"elementor-widget-container\">\n\t\t\t\t\t\t\t\t\t<p><span class=\"TextRun SCXW87941846 BCX8\" lang=\"FI-FI\" xml:lang=\"FI-FI\" data-contrast=\"auto\"><span class=\"NormalTextRun SCXW87941846 BCX8\">Sivustolla Perheinfo \u2013 Niitty-perhevalmennuksen aineistoportaali (<\/span><\/span><span class=\"TextRun Underlined SCXW87941846 BCX8\" lang=\"FI-FI\" xml:lang=\"FI-FI\" data-contrast=\"none\"><span class=\"NormalTextRun SCXW87941846 BCX8\" data-ccp-charstyle=\"Hyperlink\">https:\/\/webpages.tuni.fi\/perheinfo\/<\/span><\/span><span class=\"TextRun SCXW87941846 BCX8\" lang=\"FI-FI\" xml:lang=\"FI-FI\" data-contrast=\"auto\"><span class=\"NormalTextRun SCXW87941846 BCX8\"> tai tuni.fi\/perheinfo<\/span><span class=\"NormalTextRun SCXW87941846 BCX8\">) ei ker\u00e4t\u00e4, tallenneta tai k\u00e4sitell\u00e4 k\u00e4ytt\u00e4jien henkil\u00f6tietoja.\u00a0<\/span><\/span><\/p><p><span class=\"NormalTextRun SCXW80749670 BCX8\">Sivusto toimii <\/span><span class=\"NormalTextRun SCXW80749670 BCX8\">materiaalin <\/span><span class=\"NormalTextRun SCXW80749670 BCX8\">julkaisualustana, eik\u00e4 siin\u00e4 ole lomakkeita, kirjautumista tai muita palveluja, joiden kautta henkil\u00f6tietoja v\u00e4littyisi <\/span><span class=\"NormalTextRun SCXW80749670 BCX8\">Niitty 2 -hankkeelle<\/span><span class=\"NormalTextRun SCXW80749670 BCX8\">.<\/span><\/p>\t\t\t\t\t\t\t\t<\/div>\n\t\t\t\t<\/div>\n\t\t\t\t<div class=\"elementor-element elementor-element-d74910e elementor-widget elementor-widget-spacer\" data-id=\"d74910e\" data-element_type=\"widget\" data-e-type=\"widget\" data-widget_type=\"spacer.default\">\n\t\t\t\t<div class=\"elementor-widget-container\">\n\t\t\t\t\t\t\t<div class=\"elementor-spacer\">\n\t\t\t<div class=\"elementor-spacer-inner\"><\/div>\n\t\t<\/div>\n\t\t\t\t\t\t<\/div>\n\t\t\t\t<\/div>\n\t\t\t\t<div class=\"elementor-element elementor-element-8a39140 elementor-widget elementor-widget-heading\" data-id=\"8a39140\" data-element_type=\"widget\" data-e-type=\"widget\" data-widget_type=\"heading.default\">\n\t\t\t\t<div class=\"elementor-widget-container\">\n\t\t\t\t\t<h2 class=\"elementor-heading-title elementor-size-default\">3. Ev\u00e4steet ja analytiikka<\/h2>\t\t\t\t<\/div>\n\t\t\t\t<\/div>\n\t\t\t\t<div class=\"elementor-element elementor-element-d686fd9 elementor-widget-mobile__width-initial elementor-widget elementor-widget-text-editor\" data-id=\"d686fd9\" data-element_type=\"widget\" data-e-type=\"widget\" data-widget_type=\"text-editor.default\">\n\t\t\t\t<div class=\"elementor-widget-container\">\n\t\t\t\t\t\t\t\t\t<p><span class=\"TextRun SCXW146698569 BCX8\" lang=\"FI-FI\" xml:lang=\"FI-FI\" data-contrast=\"auto\"><span class=\"NormalTextRun SCXW146698569 BCX8\">Sivusto k\u00e4ytt\u00e4\u00e4 ev\u00e4steit\u00e4 ja vastaavia teknologioita sivuston toimivuuden varmistamiseksi ja sen k\u00e4yt\u00f6n seuraamiseksi yleisell\u00e4 tasolla.<\/span><\/span><span class=\"LineBreakBlob BlobObject DragDrop SCXW146698569 BCX8\"><span class=\"SCXW146698569 BCX8\">\u00a0<\/span><br class=\"SCXW146698569 BCX8\" \/><\/span><span class=\"LineBreakBlob BlobObject DragDrop SCXW146698569 BCX8\"><span class=\"SCXW146698569 BCX8\">\u00a0<\/span><br class=\"SCXW146698569 BCX8\" \/><\/span><span class=\"TextRun SCXW146698569 BCX8\" lang=\"FI-FI\" xml:lang=\"FI-FI\" data-contrast=\"auto\"><span class=\"NormalTextRun SCXW146698569 BCX8\">Ev\u00e4steet voivat olla:<\/span><\/span><span class=\"LineBreakBlob BlobObject DragDrop SCXW146698569 BCX8\"><span class=\"SCXW146698569 BCX8\">\u00a0<\/span><br class=\"SCXW146698569 BCX8\" \/><\/span><span class=\"TextRun SCXW146698569 BCX8\" lang=\"FI-FI\" xml:lang=\"FI-FI\" data-contrast=\"auto\"><span class=\"NormalTextRun SCXW146698569 BCX8\">&#8211; V\u00e4ltt\u00e4m\u00e4tt\u00f6mi\u00e4 ev\u00e4steit\u00e4, jotka mahdollistavat sivuston teknisen toiminnan.<\/span><\/span><span class=\"LineBreakBlob BlobObject DragDrop SCXW146698569 BCX8\"><span class=\"SCXW146698569 BCX8\">\u00a0<\/span><br class=\"SCXW146698569 BCX8\" \/><\/span><span class=\"TextRun SCXW146698569 BCX8\" lang=\"FI-FI\" xml:lang=\"FI-FI\" data-contrast=\"auto\"><span class=\"NormalTextRun SCXW146698569 BCX8\">&#8211; Tilastollisia tai analyyttisia ev\u00e4steit\u00e4, joilla ker\u00e4t\u00e4\u00e4n anonyymia tietoa sivuston k\u00e4vij\u00e4m\u00e4\u00e4rist\u00e4 ja k\u00e4yt\u00f6st\u00e4 (esim. sivujen latausm\u00e4\u00e4r\u00e4t ja k\u00e4ytt\u00f6ajat).<\/span><\/span><span class=\"LineBreakBlob BlobObject DragDrop SCXW146698569 BCX8\"><span class=\"SCXW146698569 BCX8\">\u00a0<\/span><br class=\"SCXW146698569 BCX8\" \/><\/span><span class=\"LineBreakBlob BlobObject DragDrop SCXW146698569 BCX8\"><span class=\"SCXW146698569 BCX8\">\u00a0<\/span><br class=\"SCXW146698569 BCX8\" \/><\/span><span class=\"TextRun SCXW146698569 BCX8\" lang=\"FI-FI\" xml:lang=\"FI-FI\" data-contrast=\"auto\"><span class=\"NormalTextRun SCXW146698569 BCX8\">Ker\u00e4tty tieto ei sis\u00e4ll\u00e4 henkil\u00f6tietoja eik\u00e4 mahdollista yksitt\u00e4isen k\u00e4ytt\u00e4j\u00e4n tunnistamista. K\u00e4ytt\u00e4j\u00e4 voi hallita ja poistaa ev\u00e4steit\u00e4 selaimensa asetuksista.<\/span><\/span><span class=\"LineBreakBlob BlobObject DragDrop SCXW146698569 BCX8\"><span class=\"SCXW146698569 BCX8\">\u00a0<\/span><br class=\"SCXW146698569 BCX8\" \/><\/span><span class=\"LineBreakBlob BlobObject DragDrop SCXW146698569 BCX8\"><span class=\"SCXW146698569 BCX8\">\u00a0<\/span><br class=\"SCXW146698569 BCX8\" \/><\/span><span class=\"TextRun SCXW146698569 BCX8\" lang=\"FI-FI\" xml:lang=\"FI-FI\" data-contrast=\"auto\"><span class=\"NormalTextRun SCXW146698569 BCX8\">S<\/span><span class=\"NormalTextRun SCXW146698569 BCX8\">ivustolla k\u00e4ytet\u00e4\u00e4n kolmannen osapuolen ev\u00e4stepalveluja (<\/span><span class=\"NormalTextRun SpellingErrorV2Themed SCXW146698569 BCX8\">CookieHub<\/span><span class=\"NormalTextRun SCXW146698569 BCX8\">)<\/span><span class=\"NormalTextRun SCXW146698569 BCX8\">.<\/span><span class=\"NormalTextRun SCXW146698569 BCX8\">\u00a0<\/span><span class=\"NormalTextRun SCXW146698569 BCX8\"> Sen <\/span><span class=\"NormalTextRun SCXW146698569 BCX8\">osalta noudatetaan palveluntarjoajan tietosuojak\u00e4yt\u00e4nt\u00f6j\u00e4 ja tietojen k\u00e4sittely tapahtuu EU\/ETA-alueen tietosuojalains\u00e4\u00e4d\u00e4nn\u00f6n mukaisesti.<\/span><\/span><span class=\"LineBreakBlob BlobObject DragDrop SCXW146698569 BCX8\"><span class=\"SCXW146698569 BCX8\">\u00a0<\/span><br class=\"SCXW146698569 BCX8\" \/><\/span><\/p>\t\t\t\t\t\t\t\t<\/div>\n\t\t\t\t<\/div>\n\t\t\t\t<div class=\"elementor-element elementor-element-bb01bdf elementor-widget elementor-widget-spacer\" data-id=\"bb01bdf\" data-element_type=\"widget\" data-e-type=\"widget\" data-widget_type=\"spacer.default\">\n\t\t\t\t<div class=\"elementor-widget-container\">\n\t\t\t\t\t\t\t<div class=\"elementor-spacer\">\n\t\t\t<div class=\"elementor-spacer-inner\"><\/div>\n\t\t<\/div>\n\t\t\t\t\t\t<\/div>\n\t\t\t\t<\/div>\n\t\t\t\t<div class=\"elementor-element elementor-element-9df6795 elementor-widget elementor-widget-heading\" data-id=\"9df6795\" data-element_type=\"widget\" data-e-type=\"widget\" data-widget_type=\"heading.default\">\n\t\t\t\t<div class=\"elementor-widget-container\">\n\t\t\t\t\t<h2 class=\"elementor-heading-title elementor-size-default\">4. Tietoturva <\/h2>\t\t\t\t<\/div>\n\t\t\t\t<\/div>\n\t\t\t\t<div class=\"elementor-element elementor-element-51fa746 elementor-widget-mobile__width-initial elementor-widget elementor-widget-text-editor\" data-id=\"51fa746\" data-element_type=\"widget\" data-e-type=\"widget\" data-widget_type=\"text-editor.default\">\n\t\t\t\t<div class=\"elementor-widget-container\">\n\t\t\t\t\t\t\t\t\t<p><span class=\"TextRun SCXW163402922 BCX8\" lang=\"FI-FI\" xml:lang=\"FI-FI\" data-contrast=\"auto\"><span class=\"NormalTextRun SCXW163402922 BCX8\">Tampereen <\/span><span class=\"NormalTextRun SCXW163402922 BCX8\">korkeakouluyhteis\u00f6<\/span><span class=\"NormalTextRun SCXW163402922 BCX8\"> huolehtii sivuston tietoturvasta k\u00e4ytt\u00e4m\u00e4ll\u00e4 suojattuja yhteyksi\u00e4 (HTTPS) sek\u00e4 yll\u00e4pit\u00e4m\u00e4ll\u00e4 palvelinymp\u00e4rist\u00f6\u00e4 turvallisesti <\/span><span class=\"NormalTextRun SCXW163402922 BCX8\">korkeakouluyhteis\u00f6n <\/span><span class=\"NormalTextRun SCXW163402922 BCX8\">tietoturvak\u00e4yt\u00e4nt\u00f6jen mukaisesti.<\/span><\/span><span class=\"LineBreakBlob BlobObject DragDrop SCXW163402922 BCX8\"><span class=\"SCXW163402922 BCX8\">\u00a0<\/span><br class=\"SCXW163402922 BCX8\" \/><\/span><\/p>\t\t\t\t\t\t\t\t<\/div>\n\t\t\t\t<\/div>\n\t\t\t\t<div class=\"elementor-element elementor-element-de893d5 elementor-widget elementor-widget-spacer\" data-id=\"de893d5\" data-element_type=\"widget\" data-e-type=\"widget\" data-widget_type=\"spacer.default\">\n\t\t\t\t<div class=\"elementor-widget-container\">\n\t\t\t\t\t\t\t<div class=\"elementor-spacer\">\n\t\t\t<div class=\"elementor-spacer-inner\"><\/div>\n\t\t<\/div>\n\t\t\t\t\t\t<\/div>\n\t\t\t\t<\/div>\n\t\t\t\t<div class=\"elementor-element elementor-element-2923377 elementor-widget elementor-widget-heading\" data-id=\"2923377\" data-element_type=\"widget\" data-e-type=\"widget\" data-widget_type=\"heading.default\">\n\t\t\t\t<div class=\"elementor-widget-container\">\n\t\t\t\t\t<h2 class=\"elementor-heading-title elementor-size-default\">5. Rekister\u00f6idyn oikeudet <\/h2>\t\t\t\t<\/div>\n\t\t\t\t<\/div>\n\t\t\t\t<div class=\"elementor-element elementor-element-d9abb49 elementor-widget-mobile__width-initial elementor-widget elementor-widget-text-editor\" data-id=\"d9abb49\" data-element_type=\"widget\" data-e-type=\"widget\" data-widget_type=\"text-editor.default\">\n\t\t\t\t<div class=\"elementor-widget-container\">\n\t\t\t\t\t\t\t\t\t<p><span class=\"TextRun SCXW226046678 BCX8\" lang=\"FI-FI\" xml:lang=\"FI-FI\" data-contrast=\"auto\"><span class=\"NormalTextRun SCXW226046678 BCX8\">Koska sivustolla ei k\u00e4sitell\u00e4 henkil\u00f6tietoja, yksitt\u00e4isiin k\u00e4ytt\u00e4jiin kohdistuvat tietosuojaoikeudet (esim. tarkastus- tai poistopyynn\u00f6t) eiv\u00e4t sovellu t\u00e4h\u00e4n sivustoon<\/span><\/span><\/p>\t\t\t\t\t\t\t\t<\/div>\n\t\t\t\t<\/div>\n\t\t\t\t<div class=\"elementor-element elementor-element-0a5ef0e elementor-widget elementor-widget-spacer\" data-id=\"0a5ef0e\" data-element_type=\"widget\" data-e-type=\"widget\" data-widget_type=\"spacer.default\">\n\t\t\t\t<div class=\"elementor-widget-container\">\n\t\t\t\t\t\t\t<div class=\"elementor-spacer\">\n\t\t\t<div class=\"elementor-spacer-inner\"><\/div>\n\t\t<\/div>\n\t\t\t\t\t\t<\/div>\n\t\t\t\t<\/div>\n\t\t\t\t<div class=\"elementor-element elementor-element-6de2a0a elementor-widget elementor-widget-heading\" data-id=\"6de2a0a\" data-element_type=\"widget\" data-e-type=\"widget\" data-widget_type=\"heading.default\">\n\t\t\t\t<div class=\"elementor-widget-container\">\n\t\t\t\t\t<h2 class=\"elementor-heading-title elementor-size-default\">6. Muutokset t\u00e4h\u00e4n selosteeseen <\/h2>\t\t\t\t<\/div>\n\t\t\t\t<\/div>\n\t\t\t\t<div class=\"elementor-element elementor-element-c8fcc22 elementor-widget-mobile__width-initial elementor-widget elementor-widget-text-editor\" data-id=\"c8fcc22\" data-element_type=\"widget\" data-e-type=\"widget\" data-widget_type=\"text-editor.default\">\n\t\t\t\t<div class=\"elementor-widget-container\">\n\t\t\t\t\t\t\t\t\t<p><span class=\"TextRun SCXW178058098 BCX8\" lang=\"FI-FI\" xml:lang=\"FI-FI\" data-contrast=\"auto\"><span class=\"NormalTextRun SCXW178058098 BCX8\">T\u00e4t\u00e4 tietosuojaselostetta voidaan p\u00e4ivitt\u00e4\u00e4, jos sivuston toiminnallisuuksiin lis\u00e4t\u00e4\u00e4n henkil\u00f6tietoja k\u00e4sittelevi\u00e4 ominaisuuksia tai jos ev\u00e4steiden k\u00e4ytt\u00f6tarkoitukset muuttuvat<\/span><\/span><\/p>\t\t\t\t\t\t\t\t<\/div>\n\t\t\t\t<\/div>\n\t\t\t\t<\/div>\n\t\t\t\t<\/div>\n\t\t\t\t<\/div>\n\t\t\t\t<\/div>\n\t\t","protected":false},"excerpt":{"rendered":"<p>Tietosuojaseloste 1. Rekisterinpit\u00e4j\u00e4 Tampereen ammattikorkeakoulu \/ Niitty 2 -hanke\u00a0Kuntokatu 3, 33520 Tampere\u00a0Y-tunnus: 1015428-1\u00a0S\u00e4hk\u00f6posti: anna.aikasalo (at) tuni.fi 2. Henkil\u00f6tietojen k\u00e4sittely Sivustolla [&hellip;]<\/p>\n","protected":false},"author":2,"featured_media":0,"parent":0,"menu_order":0,"comment_status":"closed","ping_status":"closed","template":"","meta":{"site-sidebar-layout":"no-sidebar","site-content-layout":"","ast-site-content-layout":"full-width-container","site-content-style":"default","site-sidebar-style":"default","ast-global-header-display":"","ast-banner-title-visibility":"","ast-main-header-display":"","ast-hfb-above-header-display":"","ast-hfb-below-header-display":"","ast-hfb-mobile-header-display":"","site-post-title":"","ast-breadcrumbs-content":"","ast-featured-img":"disabled","footer-sml-layout":"","ast-disable-related-posts":"","theme-transparent-header-meta":"","adv-header-id-meta":"","stick-header-meta":"","header-above-stick-meta":"","header-main-stick-meta":"","header-below-stick-meta":"","astra-migrate-meta-layouts":"default","ast-page-background-enabled":"default","ast-page-background-meta":{"desktop":{"background-color":"var(--ast-global-color-5)","background-image":"","background-repeat":"repeat","background-position":"center center","background-size":"auto","background-attachment":"scroll","background-type":"","background-media":"","overlay-type":"","overlay-color":"","overlay-opacity":"","overlay-gradient":""},"tablet":{"background-color":"","background-image":"","background-repeat":"repeat","background-position":"center center","background-size":"auto","background-attachment":"scroll","background-type":"","background-media":"","overlay-type":"","overlay-color":"","overlay-opacity":"","overlay-gradient":""},"mobile":{"background-color":"","background-image":"","background-repeat":"repeat","background-position":"center center","background-size":"auto","background-attachment":"scroll","background-type":"","background-media":"","overlay-type":"","overlay-color":"","overlay-opacity":"","overlay-gradient":""}},"ast-content-background-meta":{"desktop":{"background-color":"var(--ast-global-color-4)","background-image":"","background-repeat":"repeat","background-position":"center center","background-size":"auto","background-attachment":"scroll","background-type":"","background-media":"","overlay-type":"","overlay-color":"","overlay-opacity":"","overlay-gradient":""},"tablet":{"background-color":"var(--ast-global-color-4)","background-image":"","background-repeat":"repeat","background-position":"center center","background-size":"auto","background-attachment":"scroll","background-type":"","background-media":"","overlay-type":"","overlay-color":"","overlay-opacity":"","overlay-gradient":""},"mobile":{"background-color":"var(--ast-global-color-4)","background-image":"","background-repeat":"repeat","background-position":"center center","background-size":"auto","background-attachment":"scroll","background-type":"","background-media":"","overlay-type":"","overlay-color":"","overlay-opacity":"","overlay-gradient":""}},"footnotes":""},"class_list":["post-16155","page","type-page","status-publish","hentry"],"_links":{"self":[{"href":"https:\/\/webpages.tuni.fi\/perheinfo\/wp-json\/wp\/v2\/pages\/16155","targetHints":{"allow":["GET"]}}],"collection":[{"href":"https:\/\/webpages.tuni.fi\/perheinfo\/wp-json\/wp\/v2\/pages"}],"about":[{"href":"https:\/\/webpages.tuni.fi\/perheinfo\/wp-json\/wp\/v2\/types\/page"}],"author":[{"embeddable":true,"href":"https:\/\/webpages.tuni.fi\/perheinfo\/wp-json\/wp\/v2\/users\/2"}],"replies":[{"embeddable":true,"href":"https:\/\/webpages.tuni.fi\/perheinfo\/wp-json\/wp\/v2\/comments?post=16155"}],"version-history":[{"count":33,"href":"https:\/\/webpages.tuni.fi\/perheinfo\/wp-json\/wp\/v2\/pages\/16155\/revisions"}],"predecessor-version":[{"id":16503,"href":"https:\/\/webpages.tuni.fi\/perheinfo\/wp-json\/wp\/v2\/pages\/16155\/revisions\/16503"}],"wp:attachment":[{"href":"https:\/\/webpages.tuni.fi\/perheinfo\/wp-json\/wp\/v2\/media?parent=16155"}],"curies":[{"name":"wp","href":"https:\/\/api.w.org\/{rel}","templated":true}]}}