{"id":150,"date":"2019-03-23T19:30:00","date_gmt":"2019-03-23T17:30:00","guid":{"rendered":"http:\/\/nutsneggs.tamk.fi\/?page_id=150"},"modified":"2019-10-12T11:16:06","modified_gmt":"2019-10-12T08:16:06","slug":"home","status":"publish","type":"page","link":"https:\/\/webpages.tuni.fi\/nutsneggs\/","title":{"rendered":"Home"},"content":{"rendered":"<div id=\"pl-150\"  class=\"panel-layout\" ><div id=\"pg-150-0\"  class=\"panel-grid panel-has-style\" ><div class=\"siteorigin-panels-stretch panel-row-style panel-row-style-for-150-0\" data-stretch-type=\"full-stretched\" ><div id=\"pgc-150-0-0\"  class=\"panel-grid-cell\" ><div id=\"panel-150-0-0-0\" class=\"so-panel widget widget_sow-slider panel-first-child\" data-index=\"0\" ><div class=\"so-widget-sow-slider so-widget-sow-slider-default-53fd0f98de19-150\"><div class=\"sow-slider-base\" style=\"display: none\"><ul\n\t\t\t\t\tclass=\"sow-slider-images\"\n\t\t\t\t\tdata-settings=\"{&quot;pagination&quot;:true,&quot;speed&quot;:800,&quot;timeout&quot;:8000,&quot;paused&quot;:false,&quot;pause_on_hover&quot;:false,&quot;swipe&quot;:true,&quot;nav_always_show_desktop&quot;:&quot;&quot;,&quot;nav_always_show_mobile&quot;:&quot;&quot;,&quot;breakpoint&quot;:&quot;780px&quot;,&quot;unmute&quot;:false,&quot;anchor&quot;:null}\"\n\t\t\t\t\t\t\t\t\t>\t\t<li class=\"sow-slider-image\" style=\"\" >\n\t\t\t\t\t\t<div class=\"sow-slider-image-container\">\n\t\t\t\t<div class=\"sow-slider-image-wrapper\" style=\"max-width: 10667px\">\n\t\t\t\t\t\t\t\t\t\t<div class=\"sow-slider-image-foreground-wrapper\">\n\t\t\t\t\t\t<img fetchpriority=\"high\" decoding=\"async\" width=\"10667\" height=\"3454\" src=\"https:\/\/webpages.tuni.fi\/nutsneggs\/wp-content\/blogs.dir\/398\/files\/2019\/09\/bannerit_2560x829px.jpg\" class=\"sow-slider-foreground-image skip-lazy\" alt=\"\" loading=\"eager\" style=\"\" srcset=\"https:\/\/webpages.tuni.fi\/nutsneggs\/wp-content\/blogs.dir\/398\/files\/2019\/09\/bannerit_2560x829px.jpg 10667w, https:\/\/webpages.tuni.fi\/nutsneggs\/wp-content\/blogs.dir\/398\/files\/2019\/09\/bannerit_2560x829px-300x97.jpg 300w, https:\/\/webpages.tuni.fi\/nutsneggs\/wp-content\/blogs.dir\/398\/files\/2019\/09\/bannerit_2560x829px-1024x332.jpg 1024w\" sizes=\"(max-width: 10667px) 100vw, 10667px\" \/>\t\t\t\t\t<\/div>\n\t\t\t\t\t\t\t\t\t<\/div>\n\t\t\t<\/div>\n\t\t\t\t\t<\/li>\n\t\t\t\t<li class=\"sow-slider-image\" style=\"\" >\n\t\t\t\t\t\t<div class=\"sow-slider-image-container\">\n\t\t\t\t<div class=\"sow-slider-image-wrapper\" style=\"max-width: 10667px\">\n\t\t\t\t\t\t\t\t\t\t<div class=\"sow-slider-image-foreground-wrapper\">\n\t\t\t\t\t\t<img decoding=\"async\" width=\"10667\" height=\"3454\" src=\"https:\/\/webpages.tuni.fi\/nutsneggs\/wp-content\/blogs.dir\/398\/files\/2019\/09\/bannerit_2560x829px3.jpg\" class=\"sow-slider-foreground-image skip-lazy\" alt=\"\" loading=\"eager\" style=\"\" srcset=\"https:\/\/webpages.tuni.fi\/nutsneggs\/wp-content\/blogs.dir\/398\/files\/2019\/09\/bannerit_2560x829px3.jpg 10667w, https:\/\/webpages.tuni.fi\/nutsneggs\/wp-content\/blogs.dir\/398\/files\/2019\/09\/bannerit_2560x829px3-300x97.jpg 300w, https:\/\/webpages.tuni.fi\/nutsneggs\/wp-content\/blogs.dir\/398\/files\/2019\/09\/bannerit_2560x829px3-1024x332.jpg 1024w\" sizes=\"(max-width: 10667px) 100vw, 10667px\" \/>\t\t\t\t\t<\/div>\n\t\t\t\t\t\t\t\t\t<\/div>\n\t\t\t<\/div>\n\t\t\t\t\t<\/li>\n\t\t\t\t<li class=\"sow-slider-image\" style=\"\" >\n\t\t\t\t\t\t<div class=\"sow-slider-image-container\">\n\t\t\t\t<div class=\"sow-slider-image-wrapper\" style=\"max-width: 10667px\">\n\t\t\t\t\t\t\t\t\t\t<div class=\"sow-slider-image-foreground-wrapper\">\n\t\t\t\t\t\t<img decoding=\"async\" width=\"10667\" height=\"3454\" src=\"https:\/\/webpages.tuni.fi\/nutsneggs\/wp-content\/blogs.dir\/398\/files\/2019\/09\/bannerit_2560x829px2.jpg\" class=\"sow-slider-foreground-image skip-lazy\" alt=\"\" loading=\"eager\" style=\"\" srcset=\"https:\/\/webpages.tuni.fi\/nutsneggs\/wp-content\/blogs.dir\/398\/files\/2019\/09\/bannerit_2560x829px2.jpg 10667w, https:\/\/webpages.tuni.fi\/nutsneggs\/wp-content\/blogs.dir\/398\/files\/2019\/09\/bannerit_2560x829px2-300x97.jpg 300w, https:\/\/webpages.tuni.fi\/nutsneggs\/wp-content\/blogs.dir\/398\/files\/2019\/09\/bannerit_2560x829px2-1024x332.jpg 1024w\" sizes=\"(max-width: 10667px) 100vw, 10667px\" \/>\t\t\t\t\t<\/div>\n\t\t\t\t\t\t\t\t\t<\/div>\n\t\t\t<\/div>\n\t\t\t\t\t<\/li>\n\t\t<\/ul>\t\t\t\t<ol class=\"sow-slider-pagination\">\n\t\t\t\t\t\t\t\t\t\t\t<li><a href=\"#\" data-goto=\"0\" aria-label=\"display slide 1\"><\/a><\/li>\n\t\t\t\t\t\t\t\t\t\t\t<li><a href=\"#\" data-goto=\"1\" aria-label=\"display slide 2\"><\/a><\/li>\n\t\t\t\t\t\t\t\t\t\t\t<li><a href=\"#\" data-goto=\"2\" aria-label=\"display slide 3\"><\/a><\/li>\n\t\t\t\t\t\t\t\t\t<\/ol>\n\n\t\t\t\t<div class=\"sow-slide-nav sow-slide-nav-next\">\n\t\t\t\t\t<a href=\"#\" data-goto=\"next\" aria-label=\"next slide\" data-action=\"next\">\n\t\t\t\t\t\t<em class=\"sow-sld-icon-thin-right\"><\/em>\n\t\t\t\t\t<\/a>\n\t\t\t\t<\/div>\n\n\t\t\t\t<div class=\"sow-slide-nav sow-slide-nav-prev\">\n\t\t\t\t\t<a href=\"#\" data-goto=\"previous\" aria-label=\"previous slide\" data-action=\"prev\">\n\t\t\t\t\t\t<em class=\"sow-sld-icon-thin-left\"><\/em>\n\t\t\t\t\t<\/a>\n\t\t\t\t<\/div>\n\t\t\t\t<\/div><\/div><\/div><div id=\"panel-150-0-0-1\" class=\"so-panel widget widget_sow-slider panel-last-child\" data-index=\"1\" ><div class=\"so-widget-sow-slider so-widget-sow-slider-default-53fd0f98de19-150\"><div class=\"sow-slider-base\" style=\"display: none\"><ul\n\t\t\t\t\tclass=\"sow-slider-images\"\n\t\t\t\t\tdata-settings=\"{&quot;pagination&quot;:true,&quot;speed&quot;:800,&quot;timeout&quot;:8000,&quot;paused&quot;:false,&quot;pause_on_hover&quot;:false,&quot;swipe&quot;:true,&quot;nav_always_show_desktop&quot;:&quot;&quot;,&quot;nav_always_show_mobile&quot;:&quot;&quot;,&quot;breakpoint&quot;:&quot;780px&quot;,&quot;unmute&quot;:false,&quot;anchor&quot;:null}\"\n\t\t\t\t\t\t\t\t\t>\t\t<li class=\"sow-slider-image\" style=\"\" >\n\t\t\t\t\t\t<div class=\"sow-slider-image-container\">\n\t\t\t\t<div class=\"sow-slider-image-wrapper\" style=\"max-width: 10667px\">\n\t\t\t\t\t\t\t\t\t\t<div class=\"sow-slider-image-foreground-wrapper\">\n\t\t\t\t\t\t<img decoding=\"async\" width=\"10667\" height=\"3454\" src=\"https:\/\/webpages.tuni.fi\/nutsneggs\/wp-content\/blogs.dir\/398\/files\/2019\/10\/bannerit_2560x829px_mobile.jpg\" class=\"sow-slider-foreground-image skip-lazy\" alt=\"\" loading=\"eager\" style=\"\" srcset=\"https:\/\/webpages.tuni.fi\/nutsneggs\/wp-content\/blogs.dir\/398\/files\/2019\/10\/bannerit_2560x829px_mobile.jpg 10667w, https:\/\/webpages.tuni.fi\/nutsneggs\/wp-content\/blogs.dir\/398\/files\/2019\/10\/bannerit_2560x829px_mobile-300x97.jpg 300w, https:\/\/webpages.tuni.fi\/nutsneggs\/wp-content\/blogs.dir\/398\/files\/2019\/10\/bannerit_2560x829px_mobile-1024x332.jpg 1024w\" sizes=\"(max-width: 10667px) 100vw, 10667px\" \/>\t\t\t\t\t<\/div>\n\t\t\t\t\t\t\t\t\t<\/div>\n\t\t\t<\/div>\n\t\t\t\t\t<\/li>\n\t\t\t\t<li class=\"sow-slider-image\" style=\"\" >\n\t\t\t\t\t\t<div class=\"sow-slider-image-container\">\n\t\t\t\t<div class=\"sow-slider-image-wrapper\" style=\"max-width: 10667px\">\n\t\t\t\t\t\t\t\t\t\t<div class=\"sow-slider-image-foreground-wrapper\">\n\t\t\t\t\t\t<img decoding=\"async\" width=\"10667\" height=\"3454\" src=\"https:\/\/webpages.tuni.fi\/nutsneggs\/wp-content\/blogs.dir\/398\/files\/2019\/10\/bannerit_2560x829px_mobile3-1.jpg\" class=\"sow-slider-foreground-image skip-lazy\" alt=\"\" loading=\"eager\" style=\"\" srcset=\"https:\/\/webpages.tuni.fi\/nutsneggs\/wp-content\/blogs.dir\/398\/files\/2019\/10\/bannerit_2560x829px_mobile3-1.jpg 10667w, https:\/\/webpages.tuni.fi\/nutsneggs\/wp-content\/blogs.dir\/398\/files\/2019\/10\/bannerit_2560x829px_mobile3-1-300x97.jpg 300w, https:\/\/webpages.tuni.fi\/nutsneggs\/wp-content\/blogs.dir\/398\/files\/2019\/10\/bannerit_2560x829px_mobile3-1-1024x332.jpg 1024w\" sizes=\"(max-width: 10667px) 100vw, 10667px\" \/>\t\t\t\t\t<\/div>\n\t\t\t\t\t\t\t\t\t<\/div>\n\t\t\t<\/div>\n\t\t\t\t\t<\/li>\n\t\t\t\t<li class=\"sow-slider-image\" style=\"\" >\n\t\t\t\t\t\t<div class=\"sow-slider-image-container\">\n\t\t\t\t<div class=\"sow-slider-image-wrapper\" style=\"max-width: 10667px\">\n\t\t\t\t\t\t\t\t\t\t<div class=\"sow-slider-image-foreground-wrapper\">\n\t\t\t\t\t\t<img decoding=\"async\" width=\"10667\" height=\"3454\" src=\"https:\/\/webpages.tuni.fi\/nutsneggs\/wp-content\/blogs.dir\/398\/files\/2019\/10\/bannerit_2560x829px_mobile2.jpg\" class=\"sow-slider-foreground-image skip-lazy\" alt=\"\" loading=\"eager\" style=\"\" srcset=\"https:\/\/webpages.tuni.fi\/nutsneggs\/wp-content\/blogs.dir\/398\/files\/2019\/10\/bannerit_2560x829px_mobile2.jpg 10667w, https:\/\/webpages.tuni.fi\/nutsneggs\/wp-content\/blogs.dir\/398\/files\/2019\/10\/bannerit_2560x829px_mobile2-300x97.jpg 300w, https:\/\/webpages.tuni.fi\/nutsneggs\/wp-content\/blogs.dir\/398\/files\/2019\/10\/bannerit_2560x829px_mobile2-1024x332.jpg 1024w\" sizes=\"(max-width: 10667px) 100vw, 10667px\" \/>\t\t\t\t\t<\/div>\n\t\t\t\t\t\t\t\t\t<\/div>\n\t\t\t<\/div>\n\t\t\t\t\t<\/li>\n\t\t<\/ul>\t\t\t\t<ol class=\"sow-slider-pagination\">\n\t\t\t\t\t\t\t\t\t\t\t<li><a href=\"#\" data-goto=\"0\" aria-label=\"display slide 1\"><\/a><\/li>\n\t\t\t\t\t\t\t\t\t\t\t<li><a href=\"#\" data-goto=\"1\" aria-label=\"display slide 2\"><\/a><\/li>\n\t\t\t\t\t\t\t\t\t\t\t<li><a href=\"#\" data-goto=\"2\" aria-label=\"display slide 3\"><\/a><\/li>\n\t\t\t\t\t\t\t\t\t<\/ol>\n\n\t\t\t\t<div class=\"sow-slide-nav sow-slide-nav-next\">\n\t\t\t\t\t<a href=\"#\" data-goto=\"next\" aria-label=\"next slide\" data-action=\"next\">\n\t\t\t\t\t\t<em class=\"sow-sld-icon-thin-right\"><\/em>\n\t\t\t\t\t<\/a>\n\t\t\t\t<\/div>\n\n\t\t\t\t<div class=\"sow-slide-nav sow-slide-nav-prev\">\n\t\t\t\t\t<a href=\"#\" data-goto=\"previous\" aria-label=\"previous slide\" data-action=\"prev\">\n\t\t\t\t\t\t<em class=\"sow-sld-icon-thin-left\"><\/em>\n\t\t\t\t\t<\/a>\n\t\t\t\t<\/div>\n\t\t\t\t<\/div><\/div><\/div><\/div><\/div><\/div><div id=\"pg-150-1\"  class=\"panel-grid panel-no-style\" ><div id=\"pgc-150-1-0\"  class=\"panel-grid-cell\" ><div id=\"panel-150-1-0-0\" class=\"so-panel widget widget_sow-editor panel-first-child panel-last-child\" data-index=\"2\" ><div class=\"so-widget-sow-editor so-widget-sow-editor-base\">\n<div class=\"siteorigin-widget-tinymce textwidget\">\n\t<h4 class=\"sow-headline\" style=\"text-align: center\">N\u00e4ilt\u00e4 sivuilta l\u00f6yd\u00e4t tietoa <em><strong><a href=\"http:\/\/nutsneggs.tamk.fi\/seksuaali-ja-lisaantymisterveys\/\" target=\"_blank\" rel=\"noopener\">seksuaali- ja lis\u00e4\u00e4ntymisterveyden (seli)<\/a><\/strong><\/em> teemoista - kuten hedelm\u00e4llisyydest\u00e4. P\u00e4\u00e4set tutustumaan terveyteen munasolun ja siitti\u00f6n n\u00e4k\u00f6kulmasta ja samalla perehtym\u00e4\u00e4n seksuaalisuuteen, seurusteluun ja seksiin.<\/h4>\n<\/div>\n<\/div><\/div><\/div><\/div><div id=\"pg-150-2\"  class=\"panel-grid panel-no-style\" ><div id=\"pgc-150-2-0\"  class=\"panel-grid-cell\" ><div id=\"panel-150-2-0-0\" class=\"so-panel widget widget_sow-simple-masonry panel-first-child panel-last-child\" data-index=\"3\" ><div class=\"so-widget-sow-simple-masonry so-widget-sow-simple-masonry-default-d75171398898-150\">\n\n<div class=\"sow-masonry-grid\"\n\t data-layouts=\"{&quot;desktop&quot;:{&quot;numColumns&quot;:4,&quot;rowHeight&quot;:0,&quot;gutter&quot;:10},&quot;tablet&quot;:{&quot;breakPoint&quot;:800,&quot;numColumns&quot;:4,&quot;rowHeight&quot;:0,&quot;gutter&quot;:10},&quot;mobile&quot;:{&quot;breakPoint&quot;:480,&quot;numColumns&quot;:2,&quot;rowHeight&quot;:0,&quot;gutter&quot;:10}}\" data-layout-origin-left=\"true\" >\n\t\t\t\t<div class=\"sow-masonry-grid-item\" data-col-span=\"1\"\n\t\t\t     data-row-span=\"1\">\n\t\t\t\t\t\t\t\t\t<a href=\"https:\/\/webpages.tuni.fi\/nutsneggs\/kehon-toiminta\/\"\n\t\t\t\t\t>\n\t\t\t\t\n\t\t\t\t<img loading=\"lazy\" decoding=\"async\" width=\"250\" height=\"249\" src=\"https:\/\/webpages.tuni.fi\/nutsneggs\/wp-content\/blogs.dir\/398\/files\/2019\/08\/kehontoimintaicon.jpg\" class=\"sow-masonry-grid-image\" alt=\"\" title=\"Kehon toiminta\" srcset=\"https:\/\/webpages.tuni.fi\/nutsneggs\/wp-content\/blogs.dir\/398\/files\/2019\/08\/kehontoimintaicon.jpg 250w, https:\/\/webpages.tuni.fi\/nutsneggs\/wp-content\/blogs.dir\/398\/files\/2019\/08\/kehontoimintaicon-150x150.jpg 150w, https:\/\/webpages.tuni.fi\/nutsneggs\/wp-content\/blogs.dir\/398\/files\/2019\/08\/kehontoimintaicon-60x60.jpg 60w\" sizes=\"auto, (max-width: 250px) 100vw, 250px\" \/>\n\t\t\t\t\t\t\t\t\t<\/a>\n\t\t\t\t\t\t\t<\/div>\n\t\t\t\t\t\t<div class=\"sow-masonry-grid-item\" data-col-span=\"1\"\n\t\t\t     data-row-span=\"1\">\n\t\t\t\t\t\t\t\t\t<a href=\"https:\/\/webpages.tuni.fi\/nutsneggs\/elamantavat-ja-hedelmallisyys\/\"\n\t\t\t\t\t>\n\t\t\t\t\n\t\t\t\t<img loading=\"lazy\" decoding=\"async\" width=\"250\" height=\"249\" src=\"https:\/\/webpages.tuni.fi\/nutsneggs\/wp-content\/blogs.dir\/398\/files\/2019\/08\/ELAMANTAVATicon.png\" class=\"sow-masonry-grid-image\" alt=\"\" title=\"El\u00e4m\u00e4ntavat ja hedelm\u00e4llisyys\" srcset=\"https:\/\/webpages.tuni.fi\/nutsneggs\/wp-content\/blogs.dir\/398\/files\/2019\/08\/ELAMANTAVATicon.png 250w, https:\/\/webpages.tuni.fi\/nutsneggs\/wp-content\/blogs.dir\/398\/files\/2019\/08\/ELAMANTAVATicon-150x150.png 150w, https:\/\/webpages.tuni.fi\/nutsneggs\/wp-content\/blogs.dir\/398\/files\/2019\/08\/ELAMANTAVATicon-60x60.png 60w\" sizes=\"auto, (max-width: 250px) 100vw, 250px\" \/>\n\t\t\t\t\t\t\t\t\t<\/a>\n\t\t\t\t\t\t\t<\/div>\n\t\t\t\t\t\t<div class=\"sow-masonry-grid-item\" data-col-span=\"1\"\n\t\t\t     data-row-span=\"1\">\n\t\t\t\t\t\t\t\t\t<a href=\"https:\/\/webpages.tuni.fi\/nutsneggs\/seksuaalisuus\/\"\n\t\t\t\t\t>\n\t\t\t\t\n\t\t\t\t<img loading=\"lazy\" decoding=\"async\" width=\"250\" height=\"249\" src=\"https:\/\/webpages.tuni.fi\/nutsneggs\/wp-content\/blogs.dir\/398\/files\/2019\/08\/seksuaalisuusicon.jpg\" class=\"sow-masonry-grid-image\" alt=\"\" title=\"Seksuaalisuus\" srcset=\"https:\/\/webpages.tuni.fi\/nutsneggs\/wp-content\/blogs.dir\/398\/files\/2019\/08\/seksuaalisuusicon.jpg 250w, https:\/\/webpages.tuni.fi\/nutsneggs\/wp-content\/blogs.dir\/398\/files\/2019\/08\/seksuaalisuusicon-150x150.jpg 150w, https:\/\/webpages.tuni.fi\/nutsneggs\/wp-content\/blogs.dir\/398\/files\/2019\/08\/seksuaalisuusicon-60x60.jpg 60w\" sizes=\"auto, (max-width: 250px) 100vw, 250px\" \/>\n\t\t\t\t\t\t\t\t\t<\/a>\n\t\t\t\t\t\t\t<\/div>\n\t\t\t\t\t\t<div class=\"sow-masonry-grid-item\" data-col-span=\"1\"\n\t\t\t     data-row-span=\"1\">\n\t\t\t\t\t\t\t\t\t<a href=\"https:\/\/webpages.tuni.fi\/nutsneggs\/seurustelu-ja-seksihommat\/\"\n\t\t\t\t\t>\n\t\t\t\t\n\t\t\t\t<img loading=\"lazy\" decoding=\"async\" width=\"250\" height=\"249\" src=\"https:\/\/webpages.tuni.fi\/nutsneggs\/wp-content\/blogs.dir\/398\/files\/2019\/08\/seurusteluicon.jpg\" class=\"sow-masonry-grid-image\" alt=\"\" title=\"Seurustelu ja seksihommat\" srcset=\"https:\/\/webpages.tuni.fi\/nutsneggs\/wp-content\/blogs.dir\/398\/files\/2019\/08\/seurusteluicon.jpg 250w, https:\/\/webpages.tuni.fi\/nutsneggs\/wp-content\/blogs.dir\/398\/files\/2019\/08\/seurusteluicon-150x150.jpg 150w, https:\/\/webpages.tuni.fi\/nutsneggs\/wp-content\/blogs.dir\/398\/files\/2019\/08\/seurusteluicon-60x60.jpg 60w\" sizes=\"auto, (max-width: 250px) 100vw, 250px\" \/>\n\t\t\t\t\t\t\t\t\t<\/a>\n\t\t\t\t\t\t\t<\/div>\n\t\t\t\t\t\t<div class=\"sow-masonry-grid-item\" data-col-span=\"1\"\n\t\t\t     data-row-span=\"1\">\n\t\t\t\t\t\t\t\t\t<a href=\"https:\/\/webpages.tuni.fi\/nutsneggs\/seksitaudit\/\"\n\t\t\t\t\t>\n\t\t\t\t\n\t\t\t\t<img loading=\"lazy\" decoding=\"async\" width=\"250\" height=\"249\" src=\"https:\/\/webpages.tuni.fi\/nutsneggs\/wp-content\/blogs.dir\/398\/files\/2019\/08\/SEKSITAUDITICON.jpg\" class=\"sow-masonry-grid-image\" alt=\"\" title=\"Seksitaudit\" srcset=\"https:\/\/webpages.tuni.fi\/nutsneggs\/wp-content\/blogs.dir\/398\/files\/2019\/08\/SEKSITAUDITICON.jpg 250w, https:\/\/webpages.tuni.fi\/nutsneggs\/wp-content\/blogs.dir\/398\/files\/2019\/08\/SEKSITAUDITICON-150x150.jpg 150w, https:\/\/webpages.tuni.fi\/nutsneggs\/wp-content\/blogs.dir\/398\/files\/2019\/08\/SEKSITAUDITICON-60x60.jpg 60w\" sizes=\"auto, (max-width: 250px) 100vw, 250px\" \/>\n\t\t\t\t\t\t\t\t\t<\/a>\n\t\t\t\t\t\t\t<\/div>\n\t\t\t\t\t\t<div class=\"sow-masonry-grid-item\" data-col-span=\"1\"\n\t\t\t     data-row-span=\"1\">\n\t\t\t\t\t\t\t\t\t<a href=\"https:\/\/webpages.tuni.fi\/nutsneggs\/media-ja-some\/\"\n\t\t\t\t\t>\n\t\t\t\t\n\t\t\t\t<img loading=\"lazy\" decoding=\"async\" width=\"250\" height=\"249\" src=\"https:\/\/webpages.tuni.fi\/nutsneggs\/wp-content\/blogs.dir\/398\/files\/2019\/08\/mediaicon.jpg\" class=\"sow-masonry-grid-image\" alt=\"\" title=\"Media ja SoMe\" srcset=\"https:\/\/webpages.tuni.fi\/nutsneggs\/wp-content\/blogs.dir\/398\/files\/2019\/08\/mediaicon.jpg 250w, https:\/\/webpages.tuni.fi\/nutsneggs\/wp-content\/blogs.dir\/398\/files\/2019\/08\/mediaicon-150x150.jpg 150w, https:\/\/webpages.tuni.fi\/nutsneggs\/wp-content\/blogs.dir\/398\/files\/2019\/08\/mediaicon-60x60.jpg 60w\" sizes=\"auto, (max-width: 250px) 100vw, 250px\" \/>\n\t\t\t\t\t\t\t\t\t<\/a>\n\t\t\t\t\t\t\t<\/div>\n\t\t\t\t\t\t<div class=\"sow-masonry-grid-item\" data-col-span=\"1\"\n\t\t\t     data-row-span=\"1\">\n\t\t\t\t\t\t\t\t\t<a href=\"https:\/\/webpages.tuni.fi\/nutsneggs\/ei-on-ei\/\"\n\t\t\t\t\t>\n\t\t\t\t\n\t\t\t\t<img loading=\"lazy\" decoding=\"async\" width=\"250\" height=\"249\" src=\"https:\/\/webpages.tuni.fi\/nutsneggs\/wp-content\/blogs.dir\/398\/files\/2019\/08\/eioneiicon.jpg\" class=\"sow-masonry-grid-image\" alt=\"\" title=\"Ei on ei\" srcset=\"https:\/\/webpages.tuni.fi\/nutsneggs\/wp-content\/blogs.dir\/398\/files\/2019\/08\/eioneiicon.jpg 250w, https:\/\/webpages.tuni.fi\/nutsneggs\/wp-content\/blogs.dir\/398\/files\/2019\/08\/eioneiicon-150x150.jpg 150w, https:\/\/webpages.tuni.fi\/nutsneggs\/wp-content\/blogs.dir\/398\/files\/2019\/08\/eioneiicon-60x60.jpg 60w\" sizes=\"auto, (max-width: 250px) 100vw, 250px\" \/>\n\t\t\t\t\t\t\t\t\t<\/a>\n\t\t\t\t\t\t\t<\/div>\n\t\t\t\t\t\t<div class=\"sow-masonry-grid-item\" data-col-span=\"1\"\n\t\t\t     data-row-span=\"1\">\n\t\t\t\t\t\t\t\t\t<a href=\"https:\/\/webpages.tuni.fi\/nutsneggs\/raskaus-2\/\"\n\t\t\t\t\t>\n\t\t\t\t\n\t\t\t\t<img loading=\"lazy\" decoding=\"async\" width=\"250\" height=\"249\" src=\"https:\/\/webpages.tuni.fi\/nutsneggs\/wp-content\/blogs.dir\/398\/files\/2019\/08\/RASKAUSICON.jpg\" class=\"sow-masonry-grid-image\" alt=\"\" title=\"Raskaus\" srcset=\"https:\/\/webpages.tuni.fi\/nutsneggs\/wp-content\/blogs.dir\/398\/files\/2019\/08\/RASKAUSICON.jpg 250w, https:\/\/webpages.tuni.fi\/nutsneggs\/wp-content\/blogs.dir\/398\/files\/2019\/08\/RASKAUSICON-150x150.jpg 150w, https:\/\/webpages.tuni.fi\/nutsneggs\/wp-content\/blogs.dir\/398\/files\/2019\/08\/RASKAUSICON-60x60.jpg 60w\" sizes=\"auto, (max-width: 250px) 100vw, 250px\" \/>\n\t\t\t\t\t\t\t\t\t<\/a>\n\t\t\t\t\t\t\t<\/div>\n\t\t\t\n<\/div>\n<\/div><\/div><\/div><\/div><div id=\"pg-150-3\"  class=\"panel-grid panel-no-style\" ><div id=\"pgc-150-3-0\"  class=\"panel-grid-cell panel-grid-cell-empty\" ><\/div><\/div><div id=\"pg-150-4\"  class=\"panel-grid panel-no-style\" ><div id=\"pgc-150-4-0\"  class=\"panel-grid-cell\" ><div id=\"panel-150-4-0-0\" class=\"so-panel widget widget_sow-headline panel-first-child panel-last-child\" data-index=\"4\" ><div class=\"so-widget-sow-headline so-widget-sow-headline-default-f6649892076f-150\"><div class=\"sow-headline-container \">\n\t<h4 class='sow-headline'>Viisaat valinnat -hankkeen tarkoituksena on vahvistaa nuorten oikeaan tietoon perustuvaa kyky\u00e4 arvioida, vahvistaa ja suojella omaa seksuaali- ja lis\u00e4\u00e4ntymisterveytt\u00e4\u00e4n. T\u00e4m\u00e4n tietopankin avulla voit ottaa puheeksi ja k\u00e4sitell\u00e4 13-18v. nuorten kanssa seli-teemoja eri n\u00e4k\u00f6kulmista. Nuorta voi my\u00f6s opastaa tutustumaan materiaaliin itsen\u00e4isesti.<\/h4>\t\t\t\t\t<div class=\"decoration\">\n\t\t\t\t\t\t<div class=\"decoration-inside\"><\/div>\n\t\t\t\t\t<\/div>\n\t\t\t\t\t<\/div><\/div><\/div><\/div><\/div><div id=\"pg-150-5\"  class=\"panel-grid panel-has-style\" ><div class=\"panel-row-style panel-row-style-for-150-5\" ><div id=\"pgc-150-5-0\"  class=\"panel-grid-cell\" ><div id=\"panel-150-5-0-0\" class=\"so-panel widget widget_sow-image panel-first-child panel-last-child\" data-index=\"5\" ><div class=\"so-widget-sow-image so-widget-sow-image-default-17bc2272b535-150\">\n\n<div class=\"sow-image-container\">\n\t\t\t<a\n\t\t\thref=\"http:\/\/www.tuni.fi\"\n\t\t\ttarget=\"_blank\" rel=\"noopener noreferrer\" \t\t>\n\t\t\t<img decoding=\"async\" src=\"https:\/\/webpages.tuni.fi\/nutsneggs\/wp-content\/blogs.dir\/398\/files\/2019\/08\/tuni.png\" width=\"328\" height=\"122\" srcset=\"https:\/\/webpages.tuni.fi\/nutsneggs\/wp-content\/blogs.dir\/398\/files\/2019\/08\/tuni.png 328w, https:\/\/webpages.tuni.fi\/nutsneggs\/wp-content\/blogs.dir\/398\/files\/2019\/08\/tuni-300x112.png 300w\" sizes=\"auto, (max-width: 328px) 100vw, 328px\" alt=\"\" loading=\"lazy\" \t\tclass=\"so-widget-image\"\/>\n\t<\/a><\/div>\n\n<\/div><\/div><\/div><div id=\"pgc-150-5-1\"  class=\"panel-grid-cell\" ><div id=\"panel-150-5-1-0\" class=\"so-panel widget widget_sow-image panel-first-child panel-last-child\" data-index=\"6\" ><div class=\"so-widget-sow-image so-widget-sow-image-default-17bc2272b535-150\">\n\n<div class=\"sow-image-container\">\n\t\t\t<a\n\t\t\thref=\"http:\/\/viva.tamk.fi\"\n\t\t\ttarget=\"_blank\" rel=\"noopener noreferrer\" \t\t>\n\t\t\t<img decoding=\"async\" src=\"https:\/\/webpages.tuni.fi\/nutsneggs\/wp-content\/blogs.dir\/398\/files\/2019\/08\/viva.png\" width=\"284\" height=\"270\" sizes=\"auto, (max-width: 284px) 100vw, 284px\" alt=\"\" loading=\"lazy\" \t\tclass=\"so-widget-image\"\/>\n\t<\/a><\/div>\n\n<\/div><\/div><\/div><div id=\"pgc-150-5-2\"  class=\"panel-grid-cell\" ><div id=\"panel-150-5-2-0\" class=\"so-panel widget widget_sow-image panel-first-child panel-last-child\" data-index=\"7\" ><div class=\"so-widget-sow-image so-widget-sow-image-default-17bc2272b535-150\">\n\n<div class=\"sow-image-container\">\n\t\t\t<a\n\t\t\thref=\"http:\/\/nutsneggs.tamk.fi\/\"\n\t\t\t\t\t>\n\t\t\t<img decoding=\"async\" src=\"https:\/\/webpages.tuni.fi\/nutsneggs\/wp-content\/blogs.dir\/398\/files\/2019\/08\/nutsneggs.png\" width=\"306\" height=\"271\" srcset=\"https:\/\/webpages.tuni.fi\/nutsneggs\/wp-content\/blogs.dir\/398\/files\/2019\/08\/nutsneggs.png 306w, https:\/\/webpages.tuni.fi\/nutsneggs\/wp-content\/blogs.dir\/398\/files\/2019\/08\/nutsneggs-300x266.png 300w\" sizes=\"auto, (max-width: 306px) 100vw, 306px\" alt=\"\" loading=\"lazy\" \t\tclass=\"so-widget-image\"\/>\n\t<\/a><\/div>\n\n<\/div><\/div><\/div><div id=\"pgc-150-5-3\"  class=\"panel-grid-cell\" ><div id=\"panel-150-5-3-0\" class=\"so-panel widget widget_sow-image panel-first-child panel-last-child\" data-index=\"8\" ><div class=\"so-widget-sow-image so-widget-sow-image-default-17bc2272b535-150\">\n\n<div class=\"sow-image-container\">\n\t\t<img decoding=\"async\" src=\"https:\/\/webpages.tuni.fi\/nutsneggs\/wp-content\/blogs.dir\/398\/files\/2019\/08\/rahoittaja.png\" width=\"368\" height=\"106\" srcset=\"https:\/\/webpages.tuni.fi\/nutsneggs\/wp-content\/blogs.dir\/398\/files\/2019\/08\/rahoittaja.png 368w, https:\/\/webpages.tuni.fi\/nutsneggs\/wp-content\/blogs.dir\/398\/files\/2019\/08\/rahoittaja-300x86.png 300w\" sizes=\"auto, (max-width: 368px) 100vw, 368px\" alt=\"\" loading=\"lazy\" \t\tclass=\"so-widget-image\"\/>\n\t<\/div>\n\n<\/div><\/div><\/div><\/div><\/div><div id=\"pg-150-6\"  class=\"panel-grid panel-no-style\" ><div id=\"pgc-150-6-0\"  class=\"panel-grid-cell panel-grid-cell-empty\" ><\/div><\/div><\/div>","protected":false},"excerpt":{"rendered":"<p>N\u00e4ilt\u00e4 sivuilta l\u00f6yd\u00e4t tietoa seksuaali- ja lis\u00e4\u00e4ntymisterveyden (seli) teemoista &#8211; kuten hedelm\u00e4llisyydest\u00e4. P\u00e4\u00e4set tutustumaan terveyteen munasolun ja siitti\u00f6n n\u00e4k\u00f6kulmasta ja samalla perehtym\u00e4\u00e4n seksuaalisuuteen, seurusteluun ja seksiin.<\/p>\n","protected":false},"author":17379,"featured_media":0,"parent":0,"menu_order":0,"comment_status":"closed","ping_status":"closed","template":"template-blog.php","meta":{"footnotes":""},"class_list":["post-150","page","type-page","status-publish","hentry"],"_links":{"self":[{"href":"https:\/\/webpages.tuni.fi\/nutsneggs\/wp-json\/wp\/v2\/pages\/150","targetHints":{"allow":["GET"]}}],"collection":[{"href":"https:\/\/webpages.tuni.fi\/nutsneggs\/wp-json\/wp\/v2\/pages"}],"about":[{"href":"https:\/\/webpages.tuni.fi\/nutsneggs\/wp-json\/wp\/v2\/types\/page"}],"author":[{"embeddable":true,"href":"https:\/\/webpages.tuni.fi\/nutsneggs\/wp-json\/wp\/v2\/users\/17379"}],"replies":[{"embeddable":true,"href":"https:\/\/webpages.tuni.fi\/nutsneggs\/wp-json\/wp\/v2\/comments?post=150"}],"version-history":[{"count":105,"href":"https:\/\/webpages.tuni.fi\/nutsneggs\/wp-json\/wp\/v2\/pages\/150\/revisions"}],"predecessor-version":[{"id":3380,"href":"https:\/\/webpages.tuni.fi\/nutsneggs\/wp-json\/wp\/v2\/pages\/150\/revisions\/3380"}],"wp:attachment":[{"href":"https:\/\/webpages.tuni.fi\/nutsneggs\/wp-json\/wp\/v2\/media?parent=150"}],"curies":[{"name":"wp","href":"https:\/\/api.w.org\/{rel}","templated":true}]}}