{"id":989,"date":"2019-02-08T11:40:55","date_gmt":"2019-02-08T09:40:55","guid":{"rendered":"https:\/\/webpages.tuni.fi\/gamification\/?page_id=989"},"modified":"2023-03-14T18:21:37","modified_gmt":"2023-03-14T16:21:37","slug":"publications","status":"publish","type":"page","link":"https:\/\/webpages.tuni.fi\/gamification\/projects\/reclaim\/publications\/","title":{"rendered":"Publications"},"content":{"rendered":"<div class=\"wpb-content-wrapper\">[vc_row row_type=&#8221;row&#8221; use_row_as_full_screen_section=&#8221;no&#8221; type=&#8221;full_width&#8221; text_align=&#8221;left&#8221; background_animation=&#8221;none&#8221; css_animation=&#8221;&#8221;][vc_column][vc_empty_space height=&#8221;85px&#8221;][vc_column_text]<a href=\"http:\/\/urban-play.eu\"><img loading=\"lazy\" decoding=\"async\" class=\"aligncenter wp-image-719 size-large\" src=\"https:\/\/webpages.tuni.fi\/gamification\/wp-content\/uploads\/2018\/11\/Logo-reclaim-ombrazzurra-re-nero-claim-graffito-HQ-1024x407.jpg\" alt=\"\" width=\"1024\" height=\"407\" \/><\/a>[\/vc_column_text][\/vc_column][\/vc_row][vc_row row_type=&#8221;row&#8221; use_row_as_full_screen_section=&#8221;no&#8221; type=&#8221;full_width&#8221; text_align=&#8221;left&#8221; background_animation=&#8221;none&#8221; css_animation=&#8221;&#8221;][vc_column][vc_empty_space][vc_column_text]\n<h2 style=\"text-align: center;\"><span class=\"_4yxo\">ReClaim \u2013 Urban Gamification for City Reappropriations<\/span><\/h2>\n[\/vc_column_text][vc_separator type=&#8221;normal&#8221; color=&#8221;#000000&#8243; border_style=&#8221;&#8221;][\/vc_column][\/vc_row][vc_row row_type=&#8221;row&#8221; use_row_as_full_screen_section=&#8221;no&#8221; type=&#8221;full_width&#8221; text_align=&#8221;left&#8221; background_animation=&#8221;none&#8221; css_animation=&#8221;&#8221;][vc_column width=&#8221;1\/4&#8243; css=&#8221;.vc_custom_1549635479029{padding-left: 20px !important;background-color: #e0e0e0 !important;}&#8221;][vc_column_text css=&#8221;.vc_custom_1607701315630{padding-left: 24px !important;}&#8221;]\n<h4><strong>ReClaim loves open access!<\/strong><\/h4>\n<h4><a href=\"https:\/\/trepo.tuni.fi\/discover?query=thibault\">All the published materials related to the project will be accessible at Tampere University&#8217;s repository TREPO (sometimes after an embargo period required by the publishers), according to EU regulations.<\/a><\/h4>\n<p>&nbsp;<\/p>\n<h4>Here you can find an easy-to-use list with direct links to the open version of the papers.<\/h4>\n[\/vc_column_text][vc_empty_space][\/vc_column][vc_column width=&#8221;1\/2&#8243;][qode_elements_holder number_of_columns=&#8221;one_column&#8221;][qode_elements_holder_item item_padding_600_768=&#8221;20px 20px 0px 20px&#8221; item_padding_480_600=&#8221;20px 20px 0px 20px&#8221; item_padding_480=&#8221;20px 20px 0px 20px&#8221;][vc_empty_space][vc_column_text]\n<h2><strong>Final Report<br \/>\n<\/strong><\/h2>\n[\/vc_column_text][vc_empty_space height=&#8221;12px&#8221;]<a href=\"http:\/\/urn.fi\/URN:ISBN:978-952-03-2010-2\" target=\"_blank\" data-hover-background-color=#ffffff data-hover-border-color=#74c647 data-hover-color=#74c647 class=\"qbutton  qbutton_with_icon\" style=\"color: #ffffff; border-color: #74c647; border-radius: 4px;-moz-border-radius: 4px;-webkit-border-radius: 4px; background-color: #74c647;\">Open!<i class=\"button_icon  fa fa-file-text\" style=\"\"><\/i><\/a>[vc_empty_space][vc_column_text]\n<h2><strong>Publications<\/strong><\/h2>\n[\/vc_column_text][vc_empty_space][vc_column_text]-Thibault M., Vasconcelos Cordeiro A. &amp; M. De Waal (2020) \u201cROOK \u2013Urban Play and Data Visualization\u201d, refereed extended abstract in the Proceedings of the 2020 DiGRA International Conference: Play Everywhere, pp. 1-4.[\/vc_column_text][vc_empty_space height=&#8221;12px&#8221;]<a href=\"https:\/\/trepo.tuni.fi\/handle\/10024\/123879\" target=\"_blank\" data-hover-background-color=#ffffff data-hover-border-color=#74c647 data-hover-color=#74c647 class=\"qbutton  qbutton_with_icon\" style=\"color: #ffffff; border-color: #74c647; border-radius: 4px;-moz-border-radius: 4px;-webkit-border-radius: 4px; background-color: #74c647;\">Open!<i class=\"button_icon  fa fa-file\" style=\"\"><\/i><\/a>[vc_empty_space][vc_column_text]-Thibault, M. (2020) \u201cJurassic Tampere &amp; Urban Toyfication\u201d Proceedings of GSGS2020, pp. 59-62.[\/vc_column_text][vc_empty_space height=&#8221;12px&#8221;]<a href=\"https:\/\/trepo.tuni.fi\/handle\/10024\/123877\" target=\"_blank\" data-hover-background-color=#ffffff data-hover-border-color=#74c647 data-hover-color=#74c647 class=\"qbutton  qbutton_with_icon\" style=\"color: #ffffff; border-color: #74c647; border-radius: 4px;-moz-border-radius: 4px;-webkit-border-radius: 4px; background-color: #74c647;\">Open!<i class=\"button_icon  fa fa-file\" style=\"\"><\/i><\/a>[vc_empty_space][vc_column_text]-Soro E. &amp; M. Thibault (2020) \u201cDigital Playful Tourism: Meaning-making between Place Promotion and Gamification\u201d, Lexia 33-34: 187-210.[\/vc_column_text][vc_empty_space height=&#8221;12px&#8221;]<a href=\"https:\/\/trepo.tuni.fi\/handle\/10024\/123882\" target=\"_blank\" data-hover-background-color=#ffffff data-hover-border-color=#74c647 data-hover-color=#74c647 class=\"qbutton  qbutton_with_icon\" style=\"color: #ffffff; border-color: #74c647; border-radius: 4px;-moz-border-radius: 4px;-webkit-border-radius: 4px; background-color: #74c647;\">Embargo over!<i class=\"button_icon  fa fa-file\" style=\"\"><\/i><\/a>[vc_empty_space][vc_column_text]-Ferri G., Thibault M. &amp; J. Veenkamp (2020) \u201cCocreation and participation for designing sustainable playable cities\u201d in D. Leorke &amp; M. Owens Games and Play in the Creative, Smart and Ecological City, London: Routledge.[\/vc_column_text][vc_empty_space height=&#8221;12px&#8221;]<a href=\"https:\/\/trepo.tuni.fi\/handle\/10024\/123874\" target=\"_blank\" data-hover-background-color=#ffffff data-hover-border-color=#74c647 data-hover-color=#74c647 class=\"qbutton  qbutton_with_icon\" style=\"color: #ffffff; border-color: #74c647; border-radius: 4px;-moz-border-radius: 4px;-webkit-border-radius: 4px; background-color: #74c647;\">Embargo over!<i class=\"button_icon  fa fa-file\" style=\"\"><\/i><\/a>[vc_empty_space][vc_column_text]-Thibault M., Buruk O., Suman Buruk S. and J. Hamari (2020) Transurbanism: Smart Cities for Transhumans, in DIS &#8217;20: Proceedings of the 2020 ACM Designing<br \/>\nInteractive Systems Conference, pp. 1915 1928, doi.org\/10.1145\/3357236.3395523[\/vc_column_text][vc_empty_space height=&#8221;12px&#8221;]<a href=\"https:\/\/dl.acm.org\/doi\/abs\/10.1145\/3357236.3395523\" target=\"_blank\" data-hover-background-color=#ffffff data-hover-border-color=#74c647 data-hover-color=#74c647 class=\"qbutton  qbutton_with_icon\" style=\"color: #ffffff; border-color: #74c647; border-radius: 4px;-moz-border-radius: 4px;-webkit-border-radius: 4px; background-color: #74c647;\">Open!<i class=\"button_icon  fa fa-file\" style=\"\"><\/i><\/a>[vc_empty_space][vc_column_text]-Thibault, M. &amp; M. Buji\u0107 (2020) &#8220;VRBAN Strategies of Representation and Degrees of Freedom in Virtual Cities&#8221; in F. Biggio, V. Dos Santos and G. Giuliana<br \/>\nMeaning Making in Extended Reality, I saggi di Lexia, Rome: Aracne.[\/vc_column_text][vc_empty_space height=&#8221;12px&#8221;]<a href=\"http:\/\/urn.fi\/URN:NBN:fi:tuni-202011117899\" target=\"_blank\" data-hover-background-color=#ffffff data-hover-border-color=#74c647 data-hover-color=#74c647 class=\"qbutton  qbutton_with_icon\" style=\"color: #ffffff; border-color: #74c647; border-radius: 4px;-moz-border-radius: 4px;-webkit-border-radius: 4px; background-color: #74c647;\">Embargo ober!<i class=\"button_icon  fa fa-file\" style=\"\"><\/i><\/a>[vc_empty_space][vc_column_text]-Thibault, M. (2020) Understanding urban gamification \u2013 playful meaning-making in real and digital city spaces, International Journal of Arts and Technology, 12(1): 3-17. doi: 10.1504\/IJART.2020.107700[\/vc_column_text][vc_empty_space height=&#8221;12px&#8221;]<a href=\"http:\/\/urn.fi\/URN:NBN:fi:tuni-202011117900\" target=\"_blank\" data-hover-background-color=#ffffff data-hover-border-color=#74c647 data-hover-color=#74c647 class=\"qbutton  qbutton_with_icon\" style=\"color: #ffffff; border-color: #74c647; border-radius: 4px;-moz-border-radius: 4px;-webkit-border-radius: 4px; background-color: #74c647;\">Embargo over!<i class=\"button_icon  fa fa-file\" style=\"\"><\/i><\/a>[vc_empty_space][vc_column_text]-Buruk, O., \u00d6zcan, O., Baykal G., G\u00f6ksun, T., Acar, S., Akduman, G., Bayta\u015f M. M., Be\u015fevli, C., Best, J., Co\u015fkun, A., Gen \u00e7 H., Kocaballi, B., Laato, S., Mota, C., Papangelis, K., Raftopoulos, M., Ramchurn, R., S\u00e1daba, J., <strong>Thibault, M.<\/strong>, Wolff, A. &amp; M. Y\u0131ld\u0131z (2020) Children in 2077: Designing Children&#8217;s Technologies in the Age of Transhumanism. In Extended Abstracts of the 2020 CHI Conference on Human Factors in Computing Systems Extended Abstracts (pp. 1 14).[\/vc_column_text][vc_empty_space height=&#8221;12px&#8221;]<a href=\"https:\/\/dl.acm.org\/doi\/10.1145\/3334480.3381821\" target=\"_blank\" data-hover-background-color=#ffffff data-hover-border-color=#74c647 data-hover-color=#74c647 class=\"qbutton  qbutton_with_icon\" style=\"color: #ffffff; border-color: #74c647; border-radius: 4px;-moz-border-radius: 4px;-webkit-border-radius: 4px; background-color: #74c647;\">Open!<i class=\"button_icon  fa fa-file\" style=\"\"><\/i><\/a>[vc_empty_space][vc_column_text]-Thibault, M. (2019) \u201cReClaim &#8211; Critical Design and Punk Gamification in the Urban Environment\u201d Proceedings of GSGS2019, pp. 101-103[\/vc_column_text][vc_empty_space height=&#8221;12px&#8221;]<a href=\"https:\/\/trepo.tuni.fi\/handle\/10024\/123876\" target=\"_blank\" data-hover-background-color=#ffffff data-hover-border-color=#74c647 data-hover-color=#74c647 class=\"qbutton  qbutton_with_icon\" style=\"color: #ffffff; border-color: #74c647; border-radius: 4px;-moz-border-radius: 4px;-webkit-border-radius: 4px; background-color: #74c647;\">Open!<i class=\"button_icon  fa fa-file\" style=\"\"><\/i><\/a>[vc_empty_space][vc_column_text]-Hassan L., Thibault M. (2019) Critical Playable Cities. In: Nijholt A. (eds) Making Smart Cities More Playable. Gaming Media and Social Effects. Springer, Singapore[\/vc_column_text][vc_empty_space height=&#8221;12px&#8221;]<a href=\"http:\/\/urn.fi\/URN:NBN:fi:tuni-202011107888\" target=\"_blank\" data-hover-background-color=#ffffff data-hover-border-color=#74c647 data-hover-color=#74c647 class=\"qbutton  qbutton_with_icon\" style=\"color: #ffffff; border-color: #74c647; border-radius: 4px;-moz-border-radius: 4px;-webkit-border-radius: 4px; background-color: #74c647;\">Embargo over!<i class=\"button_icon  fa fa-file\" style=\"\"><\/i><\/a>[vc_empty_space][vc_column_text]-Thibault, M. (2019) \u201cPunk Gamification\u201d Proceedings of <span class=\"CEURFULLTITLE\">of the 3rd International GamiFIN Conference<\/span>, CEUR-WS, pp. 58-69.[\/vc_column_text][vc_empty_space height=&#8221;12px&#8221;]<a href=\"http:\/\/ceur-ws.org\/Vol-2359\/paper6.pdf\" target=\"_blank\" data-hover-background-color=#ffffff data-hover-border-color=#74c647 data-hover-color=#74c647 class=\"qbutton  qbutton_with_icon\" style=\"color: #ffffff; border-color: #74c647; border-radius: 4px;-moz-border-radius: 4px;-webkit-border-radius: 4px; background-color: #74c647;\">Open!<i class=\"button_icon  fa fa-file\" style=\"\"><\/i><\/a>[vc_empty_space][vc_column_text]-Thibault, M. (2019) \u201cTowards a Typology of Urban Gamification\u201d Proceedings of HICSS 2019, pp. 1476-1485.[\/vc_column_text][vc_empty_space height=&#8221;12px&#8221;]<a href=\"https:\/\/scholarspace.manoa.hawaii.edu\/handle\/10125\/59588\" target=\"_blank\" data-hover-background-color=#ffffff data-hover-border-color=#74c647 data-hover-color=#74c647 class=\"qbutton  qbutton_with_icon\" style=\"color: #ffffff; border-color: #74c647; border-radius: 4px;-moz-border-radius: 4px;-webkit-border-radius: 4px; background-color: #74c647;\">Open!<i class=\"button_icon  fa fa-file\" style=\"\"><\/i><\/a>[vc_empty_space][vc_column_text]-Thibault, M. (2019) \u201cRe-interpreting Cities with Play Urban Semiotics and Gamification\u201d. In: Brooks A., Brooks E. &amp; Sylla C. (eds) <em>Interactivity, Game Creation, Design, Learning, and Innovation<\/em>. ArtsIT 2018, DLI 2018. Lecture Notes of the Institute for Computer Sciences, Social Informatics and Telecommunications Engineering, vol 265. Springer, Cham pp: 276-285[\/vc_column_text][vc_empty_space height=&#8221;12px&#8221;]<a href=\"http:\/\/urn.fi\/URN:NBN:fi:tty-201905141601\" target=\"_blank\" data-hover-background-color=#ffffff data-hover-border-color=#74c647 data-hover-color=#74c647 class=\"qbutton  qbutton_with_icon\" style=\"color: #ffffff; border-color: #74c647; border-radius: 4px;-moz-border-radius: 4px;-webkit-border-radius: 4px; background-color: #74c647;\">Embargo over!<i class=\"button_icon  fa fa-file\" style=\"\"><\/i><\/a>[vc_empty_space][vc_column_text]-Opromolla &amp; Thibault (2018) Guerrilla Memory &#8211; Street Art and Play Engraving the Memory of Martyrs in Urban Spaces\u201d. In Ponzo, J. Semiotics of Martyrdom, Monographic issue of Lexia, 31-32. Rome: Aracne: 457-482.[\/vc_column_text][vc_empty_space height=&#8221;12px&#8221;]<a href=\"http:\/\/urn.fi\/URN:NBN:fi:tuni-202011137929\" target=\"_blank\" data-hover-background-color=#ffffff data-hover-border-color=#74c647 data-hover-color=#74c647 class=\"qbutton  qbutton_with_icon\" style=\"color: #ffffff; border-color: #74c647; border-radius: 4px;-moz-border-radius: 4px;-webkit-border-radius: 4px; background-color: #74c647;\">Embargo over!<i class=\"button_icon  fa fa-file\" style=\"\"><\/i><\/a>[vc_empty_space height=&#8221;400px&#8221;][\/qode_elements_holder_item][\/qode_elements_holder][vc_column_inner width=&#8221;1\/4&#8243;][\/vc_column_inner][\/vc_column][vc_column width=&#8221;1\/4&#8243; css=&#8221;.vc_custom_1549635860643{background-color: #e0e0e0 !important;}&#8221;][qode_elements_holder number_of_columns=&#8221;one_column&#8221;][qode_elements_holder_item]<a href=\"https:\/\/www.facebook.com\/UrbanGamification\/\" target=\"_blank\" data-hover-background-color=#ffffff data-hover-border-color=#000000 data-hover-color=#264c99 class=\"qbutton  qbutton_with_icon\" style=\"color: #ffffff; border-color: #000000; border-radius: 4px;-moz-border-radius: 4px;-webkit-border-radius: 4px; background-color: #264c99;\">Follow ReClaim<i class=\"button_icon  fa fa-facebook\" style=\"\"><\/i><\/a>[vc_empty_space height=&#8221;12px&#8221;]<a href=\"https:\/\/webpages.tuni.fi\/gamification\/projects\/reclaim\/about-reclaim\/\" target=\"_self\" data-hover-background-color=#ffffff data-hover-border-color=#000000 data-hover-color=#264c99 class=\"qbutton  qbutton_with_icon\" style=\"color: #ffffff; border-color: #000000; border-radius: 4px;-moz-border-radius: 4px;-webkit-border-radius: 4px; background-color: #264c99;\">More Info<i class=\"button_icon  fa fa-info\" style=\"\"><\/i><\/a>[vc_empty_space height=&#8221;12px&#8221;]<a href=\"https:\/\/webpages.tuni.fi\/gamification\/projects\/reclaim\/\" target=\"_self\"  class=\"qbutton  qbutton_with_icon\" style=\"border-radius: 4px;-moz-border-radius: 4px;-webkit-border-radius: 4px; \">HOME<i class=\"button_icon  fa fa-home\" style=\"\"><\/i><\/a>[vc_empty_space height=&#8221;12px&#8221;]<a href=\"https:\/\/webpages.tuni.fi\/gamification\/projects\/reclaim\/events-and-presentations\/\" target=\"_self\" data-hover-background-color=#ffffff data-hover-border-color=#000000 data-hover-color=#264c99 class=\"qbutton  qbutton_with_icon\" style=\"color: #ffffff; border-color: #000000; border-radius: 4px;-moz-border-radius: 4px;-webkit-border-radius: 4px; background-color: #264c99;\">Dissemination<i class=\"button_icon  fa fa-calendar\" style=\"\"><\/i><\/a>[vc_empty_space height=&#8221;12px&#8221;]<a href=\"https:\/\/cordis.europa.eu\/project\/rcn\/215207\/factsheet\/en\" target=\"_blank\" data-hover-background-color=#ffffff data-hover-border-color=#000000 data-hover-color=#264c99 class=\"qbutton  qbutton_with_icon\" style=\"color: #ffffff; border-color: #000000; border-radius: 4px;-moz-border-radius: 4px;-webkit-border-radius: 4px; background-color: #264c99;\">CORDIS<i class=\"button_icon  fa fa-star\" style=\"\"><\/i><\/a>[vc_empty_space height=&#8221;85px&#8221;][\/qode_elements_holder_item][\/qode_elements_holder][\/vc_column][\/vc_row][vc_row row_type=&#8221;row&#8221; use_row_as_full_screen_section=&#8221;no&#8221; type=&#8221;full_width&#8221; text_align=&#8221;left&#8221; background_animation=&#8221;none&#8221; css_animation=&#8221;&#8221; css=&#8221;.vc_custom_1549618131634{background-color: #e0e0e0 !important;}&#8221;][vc_column width=&#8221;1\/3&#8243;][vc_empty_space height=&#8221;64px&#8221;][vc_single_image image=&#8221;18&#8243; img_size=&#8221;medium&#8221; alignment=&#8221;center&#8221; qode_css_animation=&#8221;&#8221;][\/vc_column][vc_column width=&#8221;1\/3&#8243;][vc_empty_space][vc_column_text]<img loading=\"lazy\" decoding=\"async\" class=\"wp-image-734 aligncenter\" src=\"https:\/\/webpages.tuni.fi\/gamification\/wp-content\/uploads\/2018\/11\/Flag_of_Europe-300x200.jpg\" alt=\"\" width=\"143\" height=\"95\" \/><\/p>\n<p style=\"text-align: center;\">This project has received funding from the European Union\u2019s Horizon 2020 research and innovation programme under the Marie Sklodowska-Curie<br \/>\ngrant agreement No 793835.<\/p>\n[\/vc_column_text][vc_empty_space][\/vc_column][vc_column width=&#8221;1\/3&#8243;][vc_empty_space height=&#8221;72px&#8221;][vc_single_image image=&#8221;824&#8243; img_size=&#8221;medium&#8221; alignment=&#8221;center&#8221; qode_css_animation=&#8221;&#8221;][\/vc_column][\/vc_row]\n<\/div>","protected":false},"excerpt":{"rendered":"<p>[vc_row row_type=&#8221;row&#8221; use_row_as_full_screen_section=&#8221;no&#8221; type=&#8221;full_width&#8221; text_align=&#8221;left&#8221; background_animation=&#8221;none&#8221; css_animation=&#8221;&#8221;][vc_column][vc_empty_space height=&#8221;85px&#8221;][vc_column_text][\/vc_column_text][\/vc_column][\/vc_row][vc_row row_type=&#8221;row&#8221; use_row_as_full_screen_section=&#8221;no&#8221; type=&#8221;full_width&#8221; text_align=&#8221;left&#8221; background_animation=&#8221;none&#8221; css_animation=&#8221;&#8221;][vc_column][vc_empty_space][vc_column_text] ReClaim \u2013 Urban Gamification for City Reappropriations [\/vc_column_text][vc_separator type=&#8221;normal&#8221; color=&#8221;#000000&#8243; border_style=&#8221;&#8221;][\/vc_column][\/vc_row][vc_row row_type=&#8221;row&#8221; use_row_as_full_screen_section=&#8221;no&#8221; type=&#8221;full_width&#8221; text_align=&#8221;left&#8221; background_animation=&#8221;none&#8221; css_animation=&#8221;&#8221;][vc_column width=&#8221;1\/4&#8243; css=&#8221;.vc_custom_1549635479029{padding-left: 20px !important;background-color: #e0e0e0 !important;}&#8221;][vc_column_text css=&#8221;.vc_custom_1607701315630{padding-left: 24px !important;}&#8221;] ReClaim loves open access! All&#8230;<\/p>\n","protected":false},"author":9,"featured_media":0,"parent":715,"menu_order":0,"comment_status":"closed","ping_status":"closed","template":"full_width.php","meta":{"footnotes":""},"_links":{"self":[{"href":"https:\/\/webpages.tuni.fi\/gamification\/wp-json\/wp\/v2\/pages\/989"}],"collection":[{"href":"https:\/\/webpages.tuni.fi\/gamification\/wp-json\/wp\/v2\/pages"}],"about":[{"href":"https:\/\/webpages.tuni.fi\/gamification\/wp-json\/wp\/v2\/types\/page"}],"author":[{"embeddable":true,"href":"https:\/\/webpages.tuni.fi\/gamification\/wp-json\/wp\/v2\/users\/9"}],"replies":[{"embeddable":true,"href":"https:\/\/webpages.tuni.fi\/gamification\/wp-json\/wp\/v2\/comments?post=989"}],"version-history":[{"count":3,"href":"https:\/\/webpages.tuni.fi\/gamification\/wp-json\/wp\/v2\/pages\/989\/revisions"}],"predecessor-version":[{"id":10058,"href":"https:\/\/webpages.tuni.fi\/gamification\/wp-json\/wp\/v2\/pages\/989\/revisions\/10058"}],"up":[{"embeddable":true,"href":"https:\/\/webpages.tuni.fi\/gamification\/wp-json\/wp\/v2\/pages\/715"}],"wp:attachment":[{"href":"https:\/\/webpages.tuni.fi\/gamification\/wp-json\/wp\/v2\/media?parent=989"}],"curies":[{"name":"wp","href":"https:\/\/api.w.org\/{rel}","templated":true}]}}