{"id":9787,"date":"2022-09-10T00:48:17","date_gmt":"2022-09-09T21:48:17","guid":{"rendered":"https:\/\/webpages.tuni.fi\/gamification\/?page_id=9787"},"modified":"2022-09-19T05:25:18","modified_gmt":"2022-09-19T02:25:18","slug":"futuristic-investing-experience","status":"publish","type":"page","link":"https:\/\/webpages.tuni.fi\/gamification\/futuristic-investing-experience\/","title":{"rendered":"Futuristic Investing Experience"},"content":{"rendered":"<div class=\"wp-block-image is-style-default\">\n<figure class=\"aligncenter size-full is-resized\"><img loading=\"lazy\" decoding=\"async\" src=\"https:\/\/webpages.tuni.fi\/gamification\/wp-content\/uploads\/2022\/09\/5-1.png\" alt=\"\" class=\"wp-image-9798\" width=\"810\" height=\"810\" srcset=\"https:\/\/webpages.tuni.fi\/gamification\/wp-content\/uploads\/2022\/09\/5-1.png 1080w, https:\/\/webpages.tuni.fi\/gamification\/wp-content\/uploads\/2022\/09\/5-1-300x300.png 300w, https:\/\/webpages.tuni.fi\/gamification\/wp-content\/uploads\/2022\/09\/5-1-1024x1024.png 1024w, https:\/\/webpages.tuni.fi\/gamification\/wp-content\/uploads\/2022\/09\/5-1-150x150.png 150w, https:\/\/webpages.tuni.fi\/gamification\/wp-content\/uploads\/2022\/09\/5-1-768x768.png 768w, https:\/\/webpages.tuni.fi\/gamification\/wp-content\/uploads\/2022\/09\/5-1-160x160.png 160w, https:\/\/webpages.tuni.fi\/gamification\/wp-content\/uploads\/2022\/09\/5-1-550x550.png 550w, https:\/\/webpages.tuni.fi\/gamification\/wp-content\/uploads\/2022\/09\/5-1-500x500.png 500w, https:\/\/webpages.tuni.fi\/gamification\/wp-content\/uploads\/2022\/09\/5-1-1000x1000.png 1000w, https:\/\/webpages.tuni.fi\/gamification\/wp-content\/uploads\/2022\/09\/5-1-700x700.png 700w\" sizes=\"(max-width: 810px) 100vw, 810px\" \/><\/figure><\/div>\n\n\n<div style=\"height:25px\" aria-hidden=\"true\" class=\"wp-block-spacer\"><\/div>\n\n\n\n<h4 class=\"has-text-color has-medium-font-size wp-block-heading\" style=\"color:#f07474\"><strong>Call for participants &#8211; Students are invited to explore a futuristic investing experience!<\/strong><\/h4>\n\n\n\n<div style=\"height:25px\" aria-hidden=\"true\" class=\"wp-block-spacer\"><\/div>\n\n\n\n<h5 class=\"wp-block-heading\"><strong>Who can participate:<\/strong><\/h5>\n\n\n\n<p>We are looking for <strong>students <\/strong>(university and college) to take part in a study of digitalized experience. We only recruit students who are not colour-blind and are not susceptible to motion sickness.<\/p>\n\n\n\n<h5 class=\"wp-block-heading\"><strong>What it entails:<\/strong><\/h5>\n\n\n\n<p>As a participant in this study, you would be asked to complete an investing-related task in an experiment, and to fill out our surveys. Participation is entirely voluntary and would take up approximately 1 hour of your time. The offline experiment will be conducted in Tampere University, City Centre Campus.&nbsp;<\/p>\n\n\n\n<h5 class=\"wp-block-heading\"><strong>Full information and how to apply:<\/strong><\/h5>\n\n\n\n<p>The study will be conducted until October 2022.\u00a0<\/p>\n\n\n\n<p>If you are interested in participating in this study, please first fill out this <a href=\"https:\/\/survey.alchemer.com\/s3\/6733756\/Recruitment-INVESTUAL-1\">online registration form<\/a>, it only takes a few minutes to complete. After your registration, our researcher will contact you by email as soon as possible and you can select a convenient time and day to join our study.\u00a0<\/p>\n\n\n\n<p>This research complies with Finnish National Board on Research Integrity TENK guidelines 2019.\u00a0Data collected will remain strictly confidential. All data will be used solely for research purposes. Only people who are associated with the research will be able to process the data. Responses will not be associated with your name; instead, your name will be converted to ensure anonymity. No names or identifying information will be used in any publication or presentation. You can find the <a href=\"https:\/\/www.dropbox.com\/s\/eqw49w49ilojkwl\/Privacy%20notice-digitalized%20investing%20experience.pdf?dl=0\">privacy notice<\/a> here.<\/p>\n\n\n\n<p><strong><em>Acknowledgement: <\/em><\/strong><em>The research work has been funded by OP Ryhm\u00e4n Tutkimuss\u00e4\u00e4ti\u00f6 &#8216;INVESTUAL&#8217; (grant no. 20200040), Academy of Finland &#8216;Digiconsumers&#8217; (grant no. 327241), and &#8216;UNITE Flagship&#8217; (grant no. 337653).<\/em><\/p>\n\n\n\n<h5 class=\"wp-block-heading\"><strong>Compensation:<\/strong><\/h5>\n\n\n\n<p>In appreciation of your time, you will receive coupon(s) redeemable at the l<strong>ocal grocery stores<\/strong> (the values range from <strong>5 to 20 euros<\/strong>).<\/p>\n\n\n\n<h5 class=\"wp-block-heading\"><strong>Person responsible and contact:<\/strong><\/h5>\n\n\n\n<p><strong>Elpida Bampouni <\/strong>(<a href=\"mailto:elpida.bampouni@tuni.fi\">elpida.bampouni@tuni.fi<\/a>)&nbsp;<\/p>\n\n\n\n<p><strong>Ans Ahmad<\/strong> (<a href=\"mailto:ans.ahmad@tuni.fi\">ans.ahmad@tuni.fi<\/a>)&nbsp;<\/p>\n\n\n\n<p><strong>Dr. Nannan Xi <\/strong>(<a href=\"mailto:nannan.xi@tuni.fi\">nannan.xi@tuni.fi<\/a>)<\/p>\n\n\n\n<hr class=\"wp-block-separator has-alpha-channel-opacity\"\/>\n\n\n\n<div style=\"height:100px\" aria-hidden=\"true\" class=\"wp-block-spacer\"><\/div>\n","protected":false},"excerpt":{"rendered":"<p>Call for participants &#8211; Students are invited to explore a futuristic investing experience! Who can participate: We are looking for students (university and college) to take part in a study of digitalized experience. We only recruit students who are not colour-blind and are not susceptible&#8230;<\/p>\n","protected":false},"author":22,"featured_media":9798,"parent":0,"menu_order":0,"comment_status":"closed","ping_status":"closed","template":"","meta":{"footnotes":""},"_links":{"self":[{"href":"https:\/\/webpages.tuni.fi\/gamification\/wp-json\/wp\/v2\/pages\/9787"}],"collection":[{"href":"https:\/\/webpages.tuni.fi\/gamification\/wp-json\/wp\/v2\/pages"}],"about":[{"href":"https:\/\/webpages.tuni.fi\/gamification\/wp-json\/wp\/v2\/types\/page"}],"author":[{"embeddable":true,"href":"https:\/\/webpages.tuni.fi\/gamification\/wp-json\/wp\/v2\/users\/22"}],"replies":[{"embeddable":true,"href":"https:\/\/webpages.tuni.fi\/gamification\/wp-json\/wp\/v2\/comments?post=9787"}],"version-history":[{"count":30,"href":"https:\/\/webpages.tuni.fi\/gamification\/wp-json\/wp\/v2\/pages\/9787\/revisions"}],"predecessor-version":[{"id":9873,"href":"https:\/\/webpages.tuni.fi\/gamification\/wp-json\/wp\/v2\/pages\/9787\/revisions\/9873"}],"wp:featuredmedia":[{"embeddable":true,"href":"https:\/\/webpages.tuni.fi\/gamification\/wp-json\/wp\/v2\/media\/9798"}],"wp:attachment":[{"href":"https:\/\/webpages.tuni.fi\/gamification\/wp-json\/wp\/v2\/media?parent=9787"}],"curies":[{"name":"wp","href":"https:\/\/api.w.org\/{rel}","templated":true}]}}