{"id":9769,"date":"2022-09-08T16:04:29","date_gmt":"2022-09-08T13:04:29","guid":{"rendered":"https:\/\/webpages.tuni.fi\/gamification\/?page_id=9769"},"modified":"2023-12-22T23:34:01","modified_gmt":"2023-12-22T21:34:01","slug":"caglar-genc","status":"publish","type":"page","link":"https:\/\/webpages.tuni.fi\/gamification\/members\/caglar-genc\/","title":{"rendered":"\u00c7a\u011flar Gen\u00e7"},"content":{"rendered":"<div class=\"wpb-content-wrapper\">[vc_row row_type=&#8221;row&#8221; use_row_as_full_screen_section=&#8221;no&#8221; type=&#8221;full_width&#8221; text_align=&#8221;left&#8221; background_animation=&#8221;none&#8221; css_animation=&#8221;&#8221;][vc_column][vc_column_text]\n<h2 style=\"text-align: center;\">\u00c7a\u011flar Gen\u00e7<\/h2>\n[\/vc_column_text][vc_empty_space height=&#8221;48px&#8221;][\/vc_column][\/vc_row][vc_row row_type=&#8221;row&#8221; use_row_as_full_screen_section=&#8221;no&#8221; type=&#8221;full_width&#8221; text_align=&#8221;left&#8221; background_animation=&#8221;none&#8221; padding_bottom=&#8221;80&#8243; css_animation=&#8221;&#8221;][vc_column width=&#8221;1\/4&#8243;][vc_column_text]\n<h4><strong>Contact Information<\/strong><\/h4>\n<p>&nbsp;<\/p>\n<p>Email: <a class=\"c-link\" href=\"mailto:genc.caglar@tuni.fi\" target=\"_blank\" rel=\"noopener noreferrer\">genc.caglar@tuni.fi<\/a><\/p>\n<p>Phone: <a href=\"tel:+358466834516\">+358466834516<\/a>[\/vc_column_text][vc_empty_space][\/vc_column][vc_column width=&#8221;3\/4&#8243;][vc_column_text]<img loading=\"lazy\" decoding=\"async\" class=\"wp-image-9770 size-full alignleft\" src=\"https:\/\/webpages.tuni.fi\/gamification\/wp-content\/uploads\/2022\/09\/Caglar.jpg\" alt=\"\" width=\"200\" height=\"200\" srcset=\"https:\/\/webpages.tuni.fi\/gamification\/wp-content\/uploads\/2022\/09\/Caglar.jpg 200w, https:\/\/webpages.tuni.fi\/gamification\/wp-content\/uploads\/2022\/09\/Caglar-150x150.jpg 150w, https:\/\/webpages.tuni.fi\/gamification\/wp-content\/uploads\/2022\/09\/Caglar-160x160.jpg 160w\" sizes=\"(max-width: 200px) 100vw, 200px\" \/><\/p>\n<p style=\"font-weight: 400;\"><strong>Dr. \u00c7a\u011flar Gen\u00e7<\/strong> is a product and interaction designer. He received his Pd.D. (2019) in interaction design at Ko\u00e7 University, Ar\u00e7elik Research Center for Creative Industries (KUAR), \u0130stanbul, Turkey. During his Ph.D., he became familiar with and utilized material-oriented design methods and human-centered research to examine the merger between fashion materials (i.e. textiles, leathers) and computational materials to design wearable ambient displays. After his Ph.D., he improved his research experience as a postdoctoral researcher working on designing tech fashion and tangible interfaces at Arts and Design Faculty, University of Lapland. His research has been published in first-tier conferences, i.e., CHI and DIS, and journals such as International Journal of Design, Frontiers and Visual Communication.<\/p>\n<p style=\"font-weight: 400;\">Dr. Gen\u00e7 joined Gamification Group as a postdoctoral researcher in September 2022. His current research focuses on designing transhuman expressions and communication with augmented human technologies within the scope of UNITE Flagship.<\/p>\n[\/vc_column_text][\/vc_column][\/vc_row][vc_row row_type=&#8221;row&#8221; use_row_as_full_screen_section=&#8221;no&#8221; type=&#8221;full_width&#8221; text_align=&#8221;left&#8221; background_animation=&#8221;none&#8221; css_animation=&#8221;&#8221;][vc_column][vc_empty_space][\/vc_column][\/vc_row]\n<\/div>","protected":false},"excerpt":{"rendered":"<p>[vc_row row_type=&#8221;row&#8221; use_row_as_full_screen_section=&#8221;no&#8221; type=&#8221;full_width&#8221; text_align=&#8221;left&#8221; background_animation=&#8221;none&#8221; css_animation=&#8221;&#8221;][vc_column][vc_column_text] \u00c7a\u011flar Gen\u00e7 [\/vc_column_text][vc_empty_space height=&#8221;48px&#8221;][\/vc_column][\/vc_row][vc_row row_type=&#8221;row&#8221; use_row_as_full_screen_section=&#8221;no&#8221; type=&#8221;full_width&#8221; text_align=&#8221;left&#8221; background_animation=&#8221;none&#8221; padding_bottom=&#8221;80&#8243; css_animation=&#8221;&#8221;][vc_column width=&#8221;1\/4&#8243;][vc_column_text] Contact Information &nbsp; Email: genc.caglar@tuni.fi Phone: +358466834516[\/vc_column_text][vc_empty_space][\/vc_column][vc_column width=&#8221;3\/4&#8243;][vc_column_text] Dr. \u00c7a\u011flar Gen\u00e7 is a product and interaction designer. He received his Pd.D. (2019) in interaction design at&#8230;<\/p>\n","protected":false},"author":1,"featured_media":0,"parent":8,"menu_order":0,"comment_status":"closed","ping_status":"closed","template":"","meta":{"footnotes":""},"_links":{"self":[{"href":"https:\/\/webpages.tuni.fi\/gamification\/wp-json\/wp\/v2\/pages\/9769"}],"collection":[{"href":"https:\/\/webpages.tuni.fi\/gamification\/wp-json\/wp\/v2\/pages"}],"about":[{"href":"https:\/\/webpages.tuni.fi\/gamification\/wp-json\/wp\/v2\/types\/page"}],"author":[{"embeddable":true,"href":"https:\/\/webpages.tuni.fi\/gamification\/wp-json\/wp\/v2\/users\/1"}],"replies":[{"embeddable":true,"href":"https:\/\/webpages.tuni.fi\/gamification\/wp-json\/wp\/v2\/comments?post=9769"}],"version-history":[{"count":4,"href":"https:\/\/webpages.tuni.fi\/gamification\/wp-json\/wp\/v2\/pages\/9769\/revisions"}],"predecessor-version":[{"id":10711,"href":"https:\/\/webpages.tuni.fi\/gamification\/wp-json\/wp\/v2\/pages\/9769\/revisions\/10711"}],"up":[{"embeddable":true,"href":"https:\/\/webpages.tuni.fi\/gamification\/wp-json\/wp\/v2\/pages\/8"}],"wp:attachment":[{"href":"https:\/\/webpages.tuni.fi\/gamification\/wp-json\/wp\/v2\/media?parent=9769"}],"curies":[{"name":"wp","href":"https:\/\/api.w.org\/{rel}","templated":true}]}}