{"id":444,"date":"2018-03-29T12:16:26","date_gmt":"2018-03-29T09:16:26","guid":{"rendered":"https:\/\/webpages.tuni.fi\/gamification\/?page_id=444"},"modified":"2024-10-25T15:42:22","modified_gmt":"2024-10-25T12:42:22","slug":"nannan-xi","status":"publish","type":"page","link":"https:\/\/webpages.tuni.fi\/gamification\/members\/nannan-xi\/","title":{"rendered":"Dr. Nannan Xi"},"content":{"rendered":"<div class=\"wpb-content-wrapper\">[vc_row row_type=&#8221;row&#8221; use_row_as_full_screen_section=&#8221;no&#8221; type=&#8221;full_width&#8221; text_align=&#8221;left&#8221; background_animation=&#8221;none&#8221; css_animation=&#8221;&#8221;][vc_column][vc_column_text]\n<h2 style=\"text-align: center;\">Dr. Nannan Xi<\/h2>\n[\/vc_column_text][vc_empty_space height=&#8221;48px&#8221;][\/vc_column][\/vc_row][vc_row row_type=&#8221;row&#8221; use_row_as_full_screen_section=&#8221;no&#8221; type=&#8221;full_width&#8221; text_align=&#8221;left&#8221; background_animation=&#8221;none&#8221; padding_bottom=&#8221;80&#8243; css_animation=&#8221;&#8221;][vc_column width=&#8221;1\/4&#8243;][vc_column_text]\n<h4><strong>Contact Information<\/strong><\/h4>\n<p>&nbsp;<\/p>\n<p>Email: <a href=\"mailto:nannan.xi@tuni.fi\">nannan.xi@tuni.fi<\/a><\/p>\n<p>&nbsp;<\/p>\n<h4><a href=\"https:\/\/scholar.google.com\/citations?user=mTWXbzkAAAAJ&amp;hl=en\"><i class=\"fab fa-google\"><\/i><\/a><\/h4>\n[\/vc_column_text][vc_empty_space][\/vc_column][vc_column width=&#8221;3\/4&#8243;][vc_column_text css=&#8221;&#8221;]<img loading=\"lazy\" decoding=\"async\" class=\"wp-image-3663 size-medium alignleft\" src=\"https:\/\/webpages.tuni.fi\/gamification\/wp-content\/uploads\/2022\/03\/Poppy-300x300.jpg\" alt=\"XI, NANNAN\" width=\"300\" height=\"300\" srcset=\"https:\/\/webpages.tuni.fi\/gamification\/wp-content\/uploads\/2022\/03\/Poppy-300x300.jpg 300w, https:\/\/webpages.tuni.fi\/gamification\/wp-content\/uploads\/2022\/03\/Poppy-150x150.jpg 150w, https:\/\/webpages.tuni.fi\/gamification\/wp-content\/uploads\/2022\/03\/Poppy-160x160.jpg 160w, https:\/\/webpages.tuni.fi\/gamification\/wp-content\/uploads\/2022\/03\/Poppy.jpg 336w\" sizes=\"(max-width: 300px) 100vw, 300px\" \/><\/p>\n<p style=\"font-weight: 400;\"><strong>Dr. Nannan Xi<\/strong> is an associate professor (tenure track) in the Unit of Information and Knowledge Management, at Faculty of Management and Business, Tampere University.<\/p>\n<p>&nbsp;<\/p>\n<p style=\"font-weight: 400;\">Her research is mainly focused on game-based approaches (gamification, XR\/AR\/VR, multimodality, wearable technology) in information systems, management, consumer psychology and organization studies towards responsible consumption, sustainable decision making, harmonious organizations and digital business transformation. Some of her research projects have been funded by OP Ryhm\u00e4n Tutkimuss\u00e4\u00e4ti\u00f6, Business Finland, KAUTE-s\u00e4\u00e4ti\u00f6 and Liikesivistysrahasto.<\/p>\n<p>&nbsp;<\/p>\n<p style=\"font-weight: 400;\">Dr. Xi\u2019s research has been published in a variety of prestigious journals, such as Journal of Business Research, Internet Research, Information Systems Frontiers, International Journal of Human-Computer Studies, International Journal of Information Management, and Industrial Management &amp; Data Systems.<\/p>\n[\/vc_column_text][\/vc_column][\/vc_row][vc_row row_type=&#8221;row&#8221; use_row_as_full_screen_section=&#8221;no&#8221; type=&#8221;full_width&#8221; text_align=&#8221;left&#8221; background_animation=&#8221;none&#8221; css_animation=&#8221;&#8221;][vc_column width=&#8221;1\/4&#8243;][\/vc_column][vc_column width=&#8221;3\/4&#8243;][vc_column_text]\n<h4 style=\"text-align: left;\">Current Projects<\/h4>\n[\/vc_column_text][vc_empty_space]<a href=\"https:\/\/webpages.tuni.fi\/gamification\/projects\/investual\/\" target=\"_self\"  class=\"qbutton \" style=\"\">INVESTUAL<\/a>[vc_empty_space]<a href=\"https:\/\/webpages.tuni.fi\/gamification\/projects\/virtumer\/\" target=\"_self\"  class=\"qbutton \" style=\"\">VIRTUMER<\/a>[vc_empty_space]<a href=\"https:\/\/webpages.tuni.fi\/gamification\/projects\/gameth\/\" target=\"_self\"  class=\"qbutton \" style=\"\">GAMETH<\/a>[\/vc_column][\/vc_row][vc_row row_type=&#8221;row&#8221; use_row_as_full_screen_section=&#8221;no&#8221; type=&#8221;full_width&#8221; text_align=&#8221;left&#8221; background_animation=&#8221;none&#8221; css_animation=&#8221;&#8221;][vc_column][vc_empty_space][\/vc_column][\/vc_row]\n<\/div>","protected":false},"excerpt":{"rendered":"<p>[vc_row row_type=&#8221;row&#8221; use_row_as_full_screen_section=&#8221;no&#8221; type=&#8221;full_width&#8221; text_align=&#8221;left&#8221; background_animation=&#8221;none&#8221; css_animation=&#8221;&#8221;][vc_column][vc_column_text] Dr. Nannan Xi [\/vc_column_text][vc_empty_space height=&#8221;48px&#8221;][\/vc_column][\/vc_row][vc_row row_type=&#8221;row&#8221; use_row_as_full_screen_section=&#8221;no&#8221; type=&#8221;full_width&#8221; text_align=&#8221;left&#8221; background_animation=&#8221;none&#8221; padding_bottom=&#8221;80&#8243; css_animation=&#8221;&#8221;][vc_column width=&#8221;1\/4&#8243;][vc_column_text] Contact Information &nbsp; Email: nannan.xi@tuni.fi &nbsp; [\/vc_column_text][vc_empty_space][\/vc_column][vc_column width=&#8221;3\/4&#8243;][vc_column_text css=&#8221;&#8221;] Dr. Nannan Xi is an associate professor (tenure track) in the Unit of Information and Knowledge&#8230;<\/p>\n","protected":false},"author":18,"featured_media":0,"parent":8,"menu_order":0,"comment_status":"closed","ping_status":"closed","template":"","meta":{"footnotes":""},"_links":{"self":[{"href":"https:\/\/webpages.tuni.fi\/gamification\/wp-json\/wp\/v2\/pages\/444"}],"collection":[{"href":"https:\/\/webpages.tuni.fi\/gamification\/wp-json\/wp\/v2\/pages"}],"about":[{"href":"https:\/\/webpages.tuni.fi\/gamification\/wp-json\/wp\/v2\/types\/page"}],"author":[{"embeddable":true,"href":"https:\/\/webpages.tuni.fi\/gamification\/wp-json\/wp\/v2\/users\/18"}],"replies":[{"embeddable":true,"href":"https:\/\/webpages.tuni.fi\/gamification\/wp-json\/wp\/v2\/comments?post=444"}],"version-history":[{"count":4,"href":"https:\/\/webpages.tuni.fi\/gamification\/wp-json\/wp\/v2\/pages\/444\/revisions"}],"predecessor-version":[{"id":11188,"href":"https:\/\/webpages.tuni.fi\/gamification\/wp-json\/wp\/v2\/pages\/444\/revisions\/11188"}],"up":[{"embeddable":true,"href":"https:\/\/webpages.tuni.fi\/gamification\/wp-json\/wp\/v2\/pages\/8"}],"wp:attachment":[{"href":"https:\/\/webpages.tuni.fi\/gamification\/wp-json\/wp\/v2\/media?parent=444"}],"curies":[{"name":"wp","href":"https:\/\/api.w.org\/{rel}","templated":true}]}}