{"id":390,"date":"2018-03-15T20:38:47","date_gmt":"2018-03-15T18:38:47","guid":{"rendered":"https:\/\/webpages.tuni.fi\/gamification\/?page_id=390"},"modified":"2023-12-28T17:54:42","modified_gmt":"2023-12-28T15:54:42","slug":"bahadirgg","status":"publish","type":"page","link":"https:\/\/webpages.tuni.fi\/gamification\/members\/bahadirgg\/","title":{"rendered":"Bahad\u0131r G\u00fcrer G\u00fcrkan"},"content":{"rendered":"<div class=\"wpb-content-wrapper\">[vc_row row_type=&#8221;row&#8221; use_row_as_full_screen_section=&#8221;no&#8221; type=&#8221;full_width&#8221; text_align=&#8221;left&#8221; background_animation=&#8221;none&#8221; css_animation=&#8221;&#8221;][vc_column][vc_column_text]\n<h2 style=\"text-align: center;\">Bahad\u0131r G\u00fcrer G\u00fcrkan<\/h2>\n[\/vc_column_text][vc_empty_space height=&#8221;48px&#8221;][\/vc_column][\/vc_row][vc_row row_type=&#8221;row&#8221; use_row_as_full_screen_section=&#8221;no&#8221; type=&#8221;full_width&#8221; text_align=&#8221;left&#8221; background_animation=&#8221;none&#8221; padding_bottom=&#8221;80&#8243; css_animation=&#8221;&#8221;][vc_column width=&#8221;1\/4&#8243;][vc_column_text]\n<h4><strong>Contact Information<\/strong><\/h4>\n<p>&nbsp;<\/p>\n<h4><a href=\"http:\/\/www.bahadirgg.com\/\"><i class=\"fas fa-globe\"><\/i><\/a><\/h4>\n[\/vc_column_text][vc_empty_space][\/vc_column][vc_column width=&#8221;3\/4&#8243;][vc_column_text]<img loading=\"lazy\" decoding=\"async\" class=\"wp-image-54 size-medium alignleft\" src=\"https:\/\/webpages.tuni.fi\/gamification\/wp-content\/uploads\/2017\/12\/Bahadir_G-1-300x300.jpg\" alt=\"GURKAN, BAHADIR\" width=\"300\" height=\"300\" srcset=\"https:\/\/webpages.tuni.fi\/gamification\/wp-content\/uploads\/2017\/12\/Bahadir_G-1-300x300.jpg 300w, https:\/\/webpages.tuni.fi\/gamification\/wp-content\/uploads\/2017\/12\/Bahadir_G-1-150x150.jpg 150w, https:\/\/webpages.tuni.fi\/gamification\/wp-content\/uploads\/2017\/12\/Bahadir_G-1-160x160.jpg 160w, https:\/\/webpages.tuni.fi\/gamification\/wp-content\/uploads\/2017\/12\/Bahadir_G-1.jpg 400w\" sizes=\"(max-width: 300px) 100vw, 300px\" \/><\/p>\n<p><strong>Bahad\u0131r G\u00fcrer G\u00fcrkan<\/strong> was a Doctoral researcher at the Tampere University of Technology. His research focus is the game mechanics aspect of gamification in the health and well-being context. He received his master&#8217;s degree from the University of Turku on Global Information Technologies &#8211; <a href=\"http:\/\/workinformatics.utu.fi\/WIProSummer2015.html\" target=\"_blank\" rel=\"noopener\">Work Informatics<\/a> program. His research interest includes game design, gamification design, serious games for health and decision support systems. G\u00fcrkan&#8217;s research explores the relationship and the impact of game mechanics in gamified health applications.<br \/>\nIn addition to his academic background, G\u00fcrkan is also a digital designer with more than 10 years of industry experience in graphics, user interface, user experience, web, and printing design fields.[\/vc_column_text][\/vc_column][\/vc_row][vc_row row_type=&#8221;row&#8221; use_row_as_full_screen_section=&#8221;no&#8221; type=&#8221;full_width&#8221; text_align=&#8221;left&#8221; background_animation=&#8221;none&#8221; css_animation=&#8221;&#8221;][vc_column][vc_empty_space][\/vc_column][\/vc_row]\n<\/div>","protected":false},"excerpt":{"rendered":"<p>[vc_row row_type=&#8221;row&#8221; use_row_as_full_screen_section=&#8221;no&#8221; type=&#8221;full_width&#8221; text_align=&#8221;left&#8221; background_animation=&#8221;none&#8221; css_animation=&#8221;&#8221;][vc_column][vc_column_text] Bahad\u0131r G\u00fcrer G\u00fcrkan [\/vc_column_text][vc_empty_space height=&#8221;48px&#8221;][\/vc_column][\/vc_row][vc_row row_type=&#8221;row&#8221; use_row_as_full_screen_section=&#8221;no&#8221; type=&#8221;full_width&#8221; text_align=&#8221;left&#8221; background_animation=&#8221;none&#8221; padding_bottom=&#8221;80&#8243; css_animation=&#8221;&#8221;][vc_column width=&#8221;1\/4&#8243;][vc_column_text] Contact Information &nbsp; [\/vc_column_text][vc_empty_space][\/vc_column][vc_column width=&#8221;3\/4&#8243;][vc_column_text] Bahad\u0131r G\u00fcrer G\u00fcrkan was a Doctoral researcher at the Tampere University of Technology. His research focus is the game mechanics&#8230;<\/p>\n","protected":false},"author":18,"featured_media":0,"parent":8,"menu_order":0,"comment_status":"closed","ping_status":"closed","template":"","meta":{"footnotes":""},"_links":{"self":[{"href":"https:\/\/webpages.tuni.fi\/gamification\/wp-json\/wp\/v2\/pages\/390"}],"collection":[{"href":"https:\/\/webpages.tuni.fi\/gamification\/wp-json\/wp\/v2\/pages"}],"about":[{"href":"https:\/\/webpages.tuni.fi\/gamification\/wp-json\/wp\/v2\/types\/page"}],"author":[{"embeddable":true,"href":"https:\/\/webpages.tuni.fi\/gamification\/wp-json\/wp\/v2\/users\/18"}],"replies":[{"embeddable":true,"href":"https:\/\/webpages.tuni.fi\/gamification\/wp-json\/wp\/v2\/comments?post=390"}],"version-history":[{"count":2,"href":"https:\/\/webpages.tuni.fi\/gamification\/wp-json\/wp\/v2\/pages\/390\/revisions"}],"predecessor-version":[{"id":10806,"href":"https:\/\/webpages.tuni.fi\/gamification\/wp-json\/wp\/v2\/pages\/390\/revisions\/10806"}],"up":[{"embeddable":true,"href":"https:\/\/webpages.tuni.fi\/gamification\/wp-json\/wp\/v2\/pages\/8"}],"wp:attachment":[{"href":"https:\/\/webpages.tuni.fi\/gamification\/wp-json\/wp\/v2\/media?parent=390"}],"curies":[{"name":"wp","href":"https:\/\/api.w.org\/{rel}","templated":true}]}}